{"id":6797,"date":"2025-10-09T00:00:00","date_gmt":"2025-10-08T22:00:00","guid":{"rendered":"https:\/\/yotavis.ch\/product\/awg-7xx4-8dig\/"},"modified":"2026-04-24T13:35:58","modified_gmt":"2026-04-24T11:35:58","slug":"awg-7xx4-8dig","status":"publish","type":"product","link":"https:\/\/yotavis.ch\/it\/prodotto\/awg-7xx4-8dig\/","title":{"rendered":"AWG-7xx4-8DIG"},"content":{"rendered":"<p>L'AWG-7xx4-8DIG \u00e8 una licenza digitale a 8 canali progettata per la serie AWG-7xx4 di Active Technologies. Questo prodotto consente l'attivazione di otto canali digitali, espandendo le capacit\u00e0 del dispositivo AWG-7xx4. \u00c8 importante notare che il cavo necessario per il collegamento non \u00e8 incluso in questa licenza. La licenza consente di migliorare le funzionalit\u00e0 digitali senza modificare la configurazione hardware dell'unit\u00e0 di base. Essendo una licenza basata su software, fornisce una soluzione flessibile per gli utenti che necessitano di canali digitali aggiuntivi. Il prodotto \u00e8 stato appositamente studiato per integrarsi perfettamente con la serie AWG-7xx4, garantendo compatibilit\u00e0 e facilit\u00e0 d'uso. Questa licenza \u00e8 ideale per le applicazioni che richiedono pi\u00f9 uscite digitali nell'ambito dell'AWG-7xx4.<\/p>","protected":false},"excerpt":{"rendered":"<p>Licenza 8CH Dig per AWG-7xx4 (cavo non incluso)<\/p>","protected":false},"featured_media":7821,"comment_status":"closed","ping_status":"closed","template":"","meta":{"_acf_changed":false,"slim_seo":{"title":"AWG-7xx4-8DIG - YOTAVIS AG","description":"Licenza 8CH Dig per AWG-7xx4 (cavo non incluso)"}},"product_brand":[657],"product_cat":[526,651],"product_tag":[],"class_list":{"0":"post-6797","1":"product","2":"type-product","3":"status-publish","4":"has-post-thumbnail","6":"product_brand-active-technologies","7":"product_cat-accessories","8":"product_cat-software","10":"first","11":"instock","12":"taxable","13":"shipping-taxable","14":"product-type-simple"},"acf":[],"_links":{"self":[{"href":"https:\/\/yotavis.ch\/it\/wp-json\/wp\/v2\/product\/6797","targetHints":{"allow":["GET"]}}],"collection":[{"href":"https:\/\/yotavis.ch\/it\/wp-json\/wp\/v2\/product"}],"about":[{"href":"https:\/\/yotavis.ch\/it\/wp-json\/wp\/v2\/types\/product"}],"replies":[{"embeddable":true,"href":"https:\/\/yotavis.ch\/it\/wp-json\/wp\/v2\/comments?post=6797"}],"wp:featuredmedia":[{"embeddable":true,"href":"https:\/\/yotavis.ch\/it\/wp-json\/wp\/v2\/media\/7821"}],"wp:attachment":[{"href":"https:\/\/yotavis.ch\/it\/wp-json\/wp\/v2\/media?parent=6797"}],"wp:term":[{"taxonomy":"product_brand","embeddable":true,"href":"https:\/\/yotavis.ch\/it\/wp-json\/wp\/v2\/product_brand?post=6797"},{"taxonomy":"product_cat","embeddable":true,"href":"https:\/\/yotavis.ch\/it\/wp-json\/wp\/v2\/product_cat?post=6797"},{"taxonomy":"product_tag","embeddable":true,"href":"https:\/\/yotavis.ch\/it\/wp-json\/wp\/v2\/product_tag?post=6797"}],"curies":[{"name":"wp","href":"https:\/\/api.w.org\/{rel}","templated":true}]}}