{"id":6803,"date":"2025-10-09T00:00:00","date_gmt":"2025-10-08T22:00:00","guid":{"rendered":"https:\/\/yotavis.ch\/product\/awg5032d\/"},"modified":"2026-04-24T13:36:02","modified_gmt":"2026-04-24T11:36:02","slug":"awg5032d","status":"publish","type":"product","link":"https:\/\/yotavis.ch\/it\/prodotto\/awg5032d\/","title":{"rendered":"AWG5032D"},"content":{"rendered":"<p>L'AWG5032D di Active Technologies \u00e8 dotato di due canali con una frequenza massima di 1 GHz e una frequenza di campionamento di 3 GS\/s. Offre una profondit\u00e0 di memoria di 2048 Mpt per canale, per un totale di 4096 Mpt, che supporta la generazione e la memorizzazione di forme d'onda estese. Il dispositivo offre un'ampiezza di uscita differenziale di 1,5 Vpp, adatta a varie applicazioni di segnale. Include funzionalit\u00e0 di sweep e burst, che ne aumentano la versatilit\u00e0 nelle attivit\u00e0 di generazione di segnali. Il tempo di transizione minimo \u00e8 di 0,2 ns e la larghezza minima dell'impulso \u00e8 di 1 ns, consentendo un controllo preciso della temporizzazione del segnale. Questo modello \u00e8 progettato per gestire la generazione di forme d'onda ad alta velocit\u00e0 e ad alta risoluzione grazie alle sue specifiche avanzate.<\/p>","protected":false},"excerpt":{"rendered":"<p>2CH -3\u00a0\u00a0GS\/s &#8211; 1 GHz &#8211; 2048Mpts per CH &#8211; 1.5Vpp differential output<\/p>","protected":false},"featured_media":7834,"comment_status":"closed","ping_status":"closed","template":"","meta":{"_acf_changed":false,"slim_seo":{"title":"AWG5032D - YOTAVIS AG","description":"2CH -3 GS\/s - 1 GHz - 2048Mpts per CH - uscita differenziale 1,5Vpp"}},"product_brand":[657],"product_cat":[541,513],"product_tag":[],"class_list":{"0":"post-6803","1":"product","2":"type-product","3":"status-publish","4":"has-post-thumbnail","6":"product_brand-active-technologies","7":"product_cat-awg","8":"product_cat-generator","9":"pa_amplitude-v-1-5","10":"pa_burst-yes","11":"pa_channels-350","12":"pa_frequency-mhz-268","13":"pa_memory-mpts-688","14":"pa_pulse-width-min-ns-266","15":"pa_sampling-rate-ms-s-693","16":"pa_sweep-yes","17":"pa_transition-time-min-ns-0-2","18":"pa_vertical-resolution-bits-125","20":"first","21":"instock","22":"taxable","23":"shipping-taxable","24":"product-type-simple"},"acf":[],"_links":{"self":[{"href":"https:\/\/yotavis.ch\/it\/wp-json\/wp\/v2\/product\/6803","targetHints":{"allow":["GET"]}}],"collection":[{"href":"https:\/\/yotavis.ch\/it\/wp-json\/wp\/v2\/product"}],"about":[{"href":"https:\/\/yotavis.ch\/it\/wp-json\/wp\/v2\/types\/product"}],"replies":[{"embeddable":true,"href":"https:\/\/yotavis.ch\/it\/wp-json\/wp\/v2\/comments?post=6803"}],"wp:featuredmedia":[{"embeddable":true,"href":"https:\/\/yotavis.ch\/it\/wp-json\/wp\/v2\/media\/7834"}],"wp:attachment":[{"href":"https:\/\/yotavis.ch\/it\/wp-json\/wp\/v2\/media?parent=6803"}],"wp:term":[{"taxonomy":"product_brand","embeddable":true,"href":"https:\/\/yotavis.ch\/it\/wp-json\/wp\/v2\/product_brand?post=6803"},{"taxonomy":"product_cat","embeddable":true,"href":"https:\/\/yotavis.ch\/it\/wp-json\/wp\/v2\/product_cat?post=6803"},{"taxonomy":"product_tag","embeddable":true,"href":"https:\/\/yotavis.ch\/it\/wp-json\/wp\/v2\/product_tag?post=6803"}],"curies":[{"name":"wp","href":"https:\/\/api.w.org\/{rel}","templated":true}]}}