{"id":6824,"date":"2025-10-09T00:00:00","date_gmt":"2025-10-08T22:00:00","guid":{"rendered":"https:\/\/yotavis.ch\/product\/awg-4012-64m\/"},"modified":"2026-04-24T13:36:25","modified_gmt":"2026-04-24T11:36:25","slug":"awg-4012-64m","status":"publish","type":"product","link":"https:\/\/yotavis.ch\/it\/prodotto\/awg-4012-64m\/","title":{"rendered":"AWG-4012-64M"},"content":{"rendered":"<p>L'AWG-4012-64M di Active Technologies \u00e8 un generatore di forme d'onda arbitrarie a 2 canali con una frequenza massima di 300 MHz e un'ampiezza di 6 V picco-picco. Offre un'elevata frequenza di campionamento di 1,2 gigacampioni al secondo, che consente di generare segnali precisi. Il dispositivo \u00e8 dotato di una profondit\u00e0 di memoria di 64 milioni di punti, che consente di memorizzare e riprodurre forme d'onda complesse. Supporta le modalit\u00e0 sweep e burst, offrendo flessibilit\u00e0 nell'emissione del segnale per vari scenari di test. Il tempo di transizione minimo \u00e8 di 2 nanosecondi e la larghezza minima dell'impulso \u00e8 di 2,5 nanosecondi, il che facilita la generazione di impulsi veloci e precisi. Questo modello \u00e8 progettato per gestire la creazione di forme d'onda dettagliate grazie alle sue specifiche avanzate e alla sua capacit\u00e0 di memoria.<\/p>","protected":false},"excerpt":{"rendered":"<p>2ch 1,2Gs\/s AWG- 64Ms memory &#8211; 300MHz AFG &#8211; 6Vpp<\/p>","protected":false},"featured_media":7843,"comment_status":"closed","ping_status":"closed","template":"","meta":{"_acf_changed":false,"slim_seo":{"title":"AWG-4012-64M - YOTAVIS AG","description":"2ch 1,2Gs\/s AWG- 64Ms memoria - 300MHz AFG - 6Vpp"}},"product_brand":[657],"product_cat":[541,513],"product_tag":[],"class_list":{"0":"post-6824","1":"product","2":"type-product","3":"status-publish","4":"has-post-thumbnail","6":"product_brand-active-technologies","7":"product_cat-awg","8":"product_cat-generator","9":"pa_amplitude-v-262","10":"pa_burst-yes","11":"pa_channels-350","12":"pa_frequency-mhz-695","13":"pa_memory-mpts-697","14":"pa_pulse-width-min-ns-2-5","15":"pa_sampling-rate-ms-s-297","16":"pa_sweep-yes","17":"pa_transition-time-min-ns-134","18":"pa_vertical-resolution-bits-125","20":"first","21":"instock","22":"taxable","23":"shipping-taxable","24":"product-type-simple"},"acf":[],"_links":{"self":[{"href":"https:\/\/yotavis.ch\/it\/wp-json\/wp\/v2\/product\/6824","targetHints":{"allow":["GET"]}}],"collection":[{"href":"https:\/\/yotavis.ch\/it\/wp-json\/wp\/v2\/product"}],"about":[{"href":"https:\/\/yotavis.ch\/it\/wp-json\/wp\/v2\/types\/product"}],"replies":[{"embeddable":true,"href":"https:\/\/yotavis.ch\/it\/wp-json\/wp\/v2\/comments?post=6824"}],"wp:featuredmedia":[{"embeddable":true,"href":"https:\/\/yotavis.ch\/it\/wp-json\/wp\/v2\/media\/7843"}],"wp:attachment":[{"href":"https:\/\/yotavis.ch\/it\/wp-json\/wp\/v2\/media?parent=6824"}],"wp:term":[{"taxonomy":"product_brand","embeddable":true,"href":"https:\/\/yotavis.ch\/it\/wp-json\/wp\/v2\/product_brand?post=6824"},{"taxonomy":"product_cat","embeddable":true,"href":"https:\/\/yotavis.ch\/it\/wp-json\/wp\/v2\/product_cat?post=6824"},{"taxonomy":"product_tag","embeddable":true,"href":"https:\/\/yotavis.ch\/it\/wp-json\/wp\/v2\/product_tag?post=6824"}],"curies":[{"name":"wp","href":"https:\/\/api.w.org\/{rel}","templated":true}]}}