{"id":6833,"date":"2025-10-09T00:00:00","date_gmt":"2025-10-08T22:00:00","guid":{"rendered":"https:\/\/yotavis.ch\/product\/awg-4018-128m\/"},"modified":"2026-04-24T13:36:30","modified_gmt":"2026-04-24T11:36:30","slug":"awg-4018-128m","status":"publish","type":"product","link":"https:\/\/yotavis.ch\/it\/prodotto\/awg-4018-128m\/","title":{"rendered":"AWG-4018-128M"},"content":{"rendered":"<p>L'AWG-4018-128M di Active Technologies \u00e8 un generatore di forme d'onda arbitrarie a 8 canali con una frequenza di campionamento di 1,2 gigacampioni al secondo e una profondit\u00e0 di memoria di 128 megapunti. Funziona con una frequenza massima di 300 MHz e fornisce un'uscita di ampiezza fino a 6 V picco-picco. Il dispositivo supporta le modalit\u00e0 sweep e burst, consentendo una generazione versatile del segnale. Offre un tempo di transizione minimo di 2 nanosecondi e una larghezza minima dell'impulso di 2,5 nanosecondi, consentendo un controllo preciso delle caratteristiche della forma d'onda. Questo modello \u00e8 progettato per gestire attivit\u00e0 complesse di generazione di segnali con alta risoluzione e velocit\u00e0, adatto a varie applicazioni di test e misura. La combinazione di un'elevata frequenza di campionamento, di una notevole profondit\u00e0 di memoria e di tempi di transizione rapidi lo rende uno strumento in grado di effettuare sintesi dettagliate di forme d'onda.<\/p>","protected":false},"excerpt":{"rendered":"<p>8ch 1,2Gs\/s AWG- 128Ms memory &#8211; 300MHz AFG &#8211; 6Vpp<\/p>","protected":false},"featured_media":7843,"comment_status":"closed","ping_status":"closed","template":"","meta":{"_acf_changed":false,"slim_seo":{"title":"AWG-4018-128M - YOTAVIS AG","description":"8ch 1,2Gs\/s AWG- 128Ms memoria - 300MHz AFG - 6Vpp"}},"product_brand":[657],"product_cat":[541,513],"product_tag":[],"class_list":{"0":"post-6833","1":"product","2":"type-product","3":"status-publish","4":"has-post-thumbnail","6":"product_brand-active-technologies","7":"product_cat-awg","8":"product_cat-generator","9":"pa_amplitude-v-262","10":"pa_burst-yes","11":"pa_channels-459","12":"pa_frequency-mhz-695","13":"pa_memory-mpts-128","14":"pa_pulse-width-min-ns-2-5","15":"pa_sampling-rate-ms-s-297","16":"pa_sweep-yes","17":"pa_transition-time-min-ns-134","18":"pa_vertical-resolution-bits-125","20":"first","21":"instock","22":"taxable","23":"shipping-taxable","24":"product-type-simple"},"acf":[],"_links":{"self":[{"href":"https:\/\/yotavis.ch\/it\/wp-json\/wp\/v2\/product\/6833","targetHints":{"allow":["GET"]}}],"collection":[{"href":"https:\/\/yotavis.ch\/it\/wp-json\/wp\/v2\/product"}],"about":[{"href":"https:\/\/yotavis.ch\/it\/wp-json\/wp\/v2\/types\/product"}],"replies":[{"embeddable":true,"href":"https:\/\/yotavis.ch\/it\/wp-json\/wp\/v2\/comments?post=6833"}],"wp:featuredmedia":[{"embeddable":true,"href":"https:\/\/yotavis.ch\/it\/wp-json\/wp\/v2\/media\/7843"}],"wp:attachment":[{"href":"https:\/\/yotavis.ch\/it\/wp-json\/wp\/v2\/media?parent=6833"}],"wp:term":[{"taxonomy":"product_brand","embeddable":true,"href":"https:\/\/yotavis.ch\/it\/wp-json\/wp\/v2\/product_brand?post=6833"},{"taxonomy":"product_cat","embeddable":true,"href":"https:\/\/yotavis.ch\/it\/wp-json\/wp\/v2\/product_cat?post=6833"},{"taxonomy":"product_tag","embeddable":true,"href":"https:\/\/yotavis.ch\/it\/wp-json\/wp\/v2\/product_tag?post=6833"}],"curies":[{"name":"wp","href":"https:\/\/api.w.org\/{rel}","templated":true}]}}