{"id":6854,"date":"2025-10-09T00:00:00","date_gmt":"2025-10-08T22:00:00","guid":{"rendered":"https:\/\/yotavis.ch\/product\/awg-2182-hv\/"},"modified":"2026-04-24T13:36:40","modified_gmt":"2026-04-24T11:36:40","slug":"awg-2182-hv","status":"publish","type":"product","link":"https:\/\/yotavis.ch\/it\/prodotto\/awg-2182-hv\/","title":{"rendered":"AWG-2182-HV"},"content":{"rendered":"<p>L'AWG-2182-HV di Active Technologies fornisce un'uscita ad alta tensione di 12 V da picco a picco su un carico di 50 ohm appositamente progettato per il modello AWG2182. Questa capacit\u00e0 di uscita consente alle applicazioni che richiedono segnali a tensione pi\u00f9 elevata di mantenere la compatibilit\u00e0 con il sistema AWG2182. Il prodotto si concentra sulla fornitura di questa specifica caratteristica elettrica senza ulteriori caratteristiche o specifiche elencate. L'obiettivo \u00e8 quello di migliorare le prestazioni dell'AWG2182 offrendo un'opzione di uscita a tensione maggiore. Il design e la funzionalit\u00e0 sono incentrati su questo parametro di uscita ad alta tensione, assicurando che gli utenti possano raggiungere i livelli di segnale necessari per le loro esigenze di test o operative. Per questo modello non vengono forniti altri dettagli tecnici come potenza, corrente, frequenza o opzioni di controllo. L'enfasi rimane sulla capacit\u00e0 di uscita in tensione come caratteristica distintiva dell'accessorio AWG-2182-HV.<\/p>","protected":false},"excerpt":{"rendered":"<p>Uscita ad alta tensione (12Vpp su 50ohm) per AWG2182<\/p>","protected":false},"featured_media":7858,"comment_status":"closed","ping_status":"closed","template":"","meta":{"_acf_changed":false,"slim_seo":{"title":"AWG-2182-HV - YOTAVIS AG","description":"Uscita ad alta tensione (12Vpp su 50ohm) per AWG2182"}},"product_brand":[657],"product_cat":[526,651],"product_tag":[],"class_list":{"0":"post-6854","1":"product","2":"type-product","3":"status-publish","4":"has-post-thumbnail","6":"product_brand-active-technologies","7":"product_cat-accessories","8":"product_cat-software","10":"first","11":"instock","12":"taxable","13":"shipping-taxable","14":"purchasable","15":"product-type-simple"},"acf":[],"_links":{"self":[{"href":"https:\/\/yotavis.ch\/it\/wp-json\/wp\/v2\/product\/6854","targetHints":{"allow":["GET"]}}],"collection":[{"href":"https:\/\/yotavis.ch\/it\/wp-json\/wp\/v2\/product"}],"about":[{"href":"https:\/\/yotavis.ch\/it\/wp-json\/wp\/v2\/types\/product"}],"replies":[{"embeddable":true,"href":"https:\/\/yotavis.ch\/it\/wp-json\/wp\/v2\/comments?post=6854"}],"wp:featuredmedia":[{"embeddable":true,"href":"https:\/\/yotavis.ch\/it\/wp-json\/wp\/v2\/media\/7858"}],"wp:attachment":[{"href":"https:\/\/yotavis.ch\/it\/wp-json\/wp\/v2\/media?parent=6854"}],"wp:term":[{"taxonomy":"product_brand","embeddable":true,"href":"https:\/\/yotavis.ch\/it\/wp-json\/wp\/v2\/product_brand?post=6854"},{"taxonomy":"product_cat","embeddable":true,"href":"https:\/\/yotavis.ch\/it\/wp-json\/wp\/v2\/product_cat?post=6854"},{"taxonomy":"product_tag","embeddable":true,"href":"https:\/\/yotavis.ch\/it\/wp-json\/wp\/v2\/product_tag?post=6854"}],"curies":[{"name":"wp","href":"https:\/\/api.w.org\/{rel}","templated":true}]}}