{"id":9865,"date":"2025-10-09T00:00:00","date_gmt":"2025-10-08T22:00:00","guid":{"rendered":"https:\/\/yotavis.ch\/product\/ms2830a-043\/"},"modified":"2026-04-24T13:37:29","modified_gmt":"2026-04-24T11:37:29","slug":"ms2830a-043","status":"publish","type":"product","link":"https:\/\/yotavis.ch\/it\/prodotto\/ms2830a-043\/","title":{"rendered":"MS2830A-043"},"content":{"rendered":"<p>L'Anritsu MS2830A-043 \u00e8 un analizzatore di segnali progettato per operare in un intervallo di frequenza compreso tra 9 kHz e 13,5 GHz. Ha una capacit\u00e0 di frequenza massima di 13.500 MHz e una frequenza minima di 9.000 Hz, consentendo un'analisi ad ampio spettro. Il dispositivo offre una larghezza di banda di analisi di 125 MHz, che consente un esame dettagliato del segnale. Ha una specifica di rumore di fase di -118 dBc\/Hz, che contribuisce alla chiarezza e alla precisione del segnale. Il DANL (Displayed Average Noise Level) visualizzato \u00e8 di -153 dBm\/Hz, a indicare la sensibilit\u00e0 dell'analizzatore nel rilevare segnali di basso livello. Questo modello non \u00e8 portatile, il che significa che \u00e8 destinato all'uso stazionario in ambienti di laboratorio o industriali. L'MS2830A-043 non include funzionalit\u00e0 di analisi dello spettro in tempo reale (RTSA). Queste caratteristiche definiscono complessivamente la portata tecnica e i parametri operativi dell'analizzatore di segnali Anritsu MS2830A-043.<\/p>","protected":false},"excerpt":{"rendered":"<p>Analizzatore di segnale da 9 kHz a 13,5 GHz<\/p>","protected":false},"featured_media":10181,"comment_status":"closed","ping_status":"closed","template":"","meta":{"_acf_changed":false,"slim_seo":{"title":"MS2830A-043 - YOTAVIS AG","description":"Analizzatore di segnale da 9 kHz a 13,5 GHz"}},"product_brand":[758],"product_cat":[523,524],"product_tag":[],"class_list":{"0":"post-9865","1":"product","2":"type-product","3":"status-publish","4":"has-post-thumbnail","6":"product_brand-anritsu","7":"product_cat-analyser","8":"product_cat-signal-spectrum-analyser","9":"pa_analysis-bandwidth-mhz-763","10":"pa_danl-dbm-hz-764","11":"pa_frequency-max-mhz-464","12":"pa_frequency-min-hz-177","13":"pa_handheld-no","14":"pa_rtsa-no","16":"first","17":"instock","18":"taxable","19":"shipping-taxable","20":"product-type-simple"},"acf":[],"_links":{"self":[{"href":"https:\/\/yotavis.ch\/it\/wp-json\/wp\/v2\/product\/9865","targetHints":{"allow":["GET"]}}],"collection":[{"href":"https:\/\/yotavis.ch\/it\/wp-json\/wp\/v2\/product"}],"about":[{"href":"https:\/\/yotavis.ch\/it\/wp-json\/wp\/v2\/types\/product"}],"replies":[{"embeddable":true,"href":"https:\/\/yotavis.ch\/it\/wp-json\/wp\/v2\/comments?post=9865"}],"wp:featuredmedia":[{"embeddable":true,"href":"https:\/\/yotavis.ch\/it\/wp-json\/wp\/v2\/media\/10181"}],"wp:attachment":[{"href":"https:\/\/yotavis.ch\/it\/wp-json\/wp\/v2\/media?parent=9865"}],"wp:term":[{"taxonomy":"product_brand","embeddable":true,"href":"https:\/\/yotavis.ch\/it\/wp-json\/wp\/v2\/product_brand?post=9865"},{"taxonomy":"product_cat","embeddable":true,"href":"https:\/\/yotavis.ch\/it\/wp-json\/wp\/v2\/product_cat?post=9865"},{"taxonomy":"product_tag","embeddable":true,"href":"https:\/\/yotavis.ch\/it\/wp-json\/wp\/v2\/product_tag?post=9865"}],"curies":[{"name":"wp","href":"https:\/\/api.w.org\/{rel}","templated":true}]}}