{"id":9909,"date":"2025-10-09T00:00:00","date_gmt":"2025-10-08T22:00:00","guid":{"rendered":"https:\/\/yotavis.ch\/product\/ms2762a-0050\/"},"modified":"2026-04-24T13:37:51","modified_gmt":"2026-04-24T11:37:51","slug":"ms2762a-0050","status":"publish","type":"product","link":"https:\/\/yotavis.ch\/it\/prodotto\/ms2762a-0050\/","title":{"rendered":"MS2762A-0050"},"content":{"rendered":"<p>L'Anritsu MS2762A-0050 \u00e8 un analizzatore di spettro ultraportatile progettato per operare in una gamma di frequenze da 6 GHz a 50 GHz. \u00c8 caratterizzato da una specifica di rumore di fase di -93 dBc\/Hz, un parametro critico per valutare la purezza del segnale. Il dispositivo offre una larghezza di banda di analisi di 3 MHz, consentendo un esame dettagliato dei componenti del segnale all'interno di questa gamma. Il livello medio di rumore visualizzato (DANL) \u00e8 pari a -137 dBm\/Hz, il che indica la sensibilit\u00e0 dello strumento nel rilevare i segnali di basso livello. Questo analizzatore di spettro non \u00e8 portatile, ma \u00e8 destinato all'uso su banco o in installazioni fisse. La capacit\u00e0 di frequenza massima si estende fino a 50.000 MHz, rendendolo adatto ad applicazioni ad alta frequenza. L'MS2762A-0050 non include la funzionalit\u00e0 di analisi dello spettro in tempo reale (RTSA). Queste specifiche definiscono complessivamente le capacit\u00e0 operative e i parametri tecnici dell'analizzatore di spettro Anritsu MS2762A-0050.<\/p>","protected":false},"excerpt":{"rendered":"<p>Analizzatore di spettro ultraportatile 50GHz<\/p>","protected":false},"featured_media":10238,"comment_status":"closed","ping_status":"closed","template":"","meta":{"_acf_changed":false,"slim_seo":{"title":"MS2762A-0050 - YOTAVIS AG","description":"Analizzatore di spettro ultraportatile 50GHz"}},"product_brand":[758],"product_cat":[523,524],"product_tag":[],"class_list":{"0":"post-9909","1":"product","2":"type-product","3":"status-publish","4":"has-post-thumbnail","6":"product_brand-anritsu","7":"product_cat-analyser","8":"product_cat-signal-spectrum-analyser","9":"pa_analysis-bandwidth-mhz-191","10":"pa_danl-dbm-hz-802","11":"pa_frequency-max-mhz-789","12":"pa_frequency-min-hz-800","13":"pa_handheld-no","14":"pa_rtsa-no","16":"first","17":"instock","18":"taxable","19":"shipping-taxable","20":"product-type-simple"},"acf":[],"_links":{"self":[{"href":"https:\/\/yotavis.ch\/it\/wp-json\/wp\/v2\/product\/9909","targetHints":{"allow":["GET"]}}],"collection":[{"href":"https:\/\/yotavis.ch\/it\/wp-json\/wp\/v2\/product"}],"about":[{"href":"https:\/\/yotavis.ch\/it\/wp-json\/wp\/v2\/types\/product"}],"replies":[{"embeddable":true,"href":"https:\/\/yotavis.ch\/it\/wp-json\/wp\/v2\/comments?post=9909"}],"wp:featuredmedia":[{"embeddable":true,"href":"https:\/\/yotavis.ch\/it\/wp-json\/wp\/v2\/media\/10238"}],"wp:attachment":[{"href":"https:\/\/yotavis.ch\/it\/wp-json\/wp\/v2\/media?parent=9909"}],"wp:term":[{"taxonomy":"product_brand","embeddable":true,"href":"https:\/\/yotavis.ch\/it\/wp-json\/wp\/v2\/product_brand?post=9909"},{"taxonomy":"product_cat","embeddable":true,"href":"https:\/\/yotavis.ch\/it\/wp-json\/wp\/v2\/product_cat?post=9909"},{"taxonomy":"product_tag","embeddable":true,"href":"https:\/\/yotavis.ch\/it\/wp-json\/wp\/v2\/product_tag?post=9909"}],"curies":[{"name":"wp","href":"https:\/\/api.w.org\/{rel}","templated":true}]}}