{"id":9934,"date":"2025-10-09T00:00:00","date_gmt":"2025-10-08T22:00:00","guid":{"rendered":"https:\/\/yotavis.ch\/product\/ms46522b-082\/"},"modified":"2026-04-24T13:38:02","modified_gmt":"2026-04-24T11:38:02","slug":"ms46522b-082","status":"publish","type":"product","link":"https:\/\/yotavis.ch\/it\/prodotto\/ms46522b-082\/","title":{"rendered":"MS46522B-082"},"content":{"rendered":"<p>Il VNA ShockLine\u2122 a 2 porte MS46522B-082 \u00e8 dotato di una gamma di frequenze da 55 GHz a 92 GHz, che consente di effettuare misure ad alta frequenza all'interno di questo spettro. \u00c8 dotato di due porte che consentono configurazioni di test versatili. Questo modello \u00e8 stato progettato senza funzionalit\u00e0 portatili, il che indica che \u00e8 destinato all'uso stazionario. Il dispositivo fa parte del marchio Anritsu, noto per gli strumenti di misura di precisione. I tiranti da un metro in dotazione al VNA facilitano la connettivit\u00e0 e la flessibilit\u00e0 di configurazione. La serie ShockLine\u2122 \u00e8 stata concepita per le applicazioni di analisi di reti vettoriali e supporta la caratterizzazione dettagliata dei segnali alle frequenze delle onde millimetriche. Questo prodotto \u00e8 adatto agli ambienti che richiedono un'analisi accurata e affidabile delle reti ad alta frequenza.<\/p>","protected":false},"excerpt":{"rendered":"<p>ShockLine\u2122 2-Port VNA 92GHz un metro di tethering<\/p>","protected":false},"featured_media":10273,"comment_status":"closed","ping_status":"closed","template":"","meta":{"_acf_changed":false,"slim_seo":{"title":"MS46522B-082 - YOTAVIS AG","description":"ShockLine\u2122 2-Port VNA 92GHz un metro di tethering"}},"product_brand":[758],"product_cat":[523,525],"product_tag":[],"class_list":{"0":"post-9934","1":"product","2":"type-product","3":"status-publish","4":"has-post-thumbnail","6":"product_brand-anritsu","7":"product_cat-analyser","8":"product_cat-vna","9":"pa_frequency-max-mhz-816","10":"pa_frequency-min-hz-817","11":"pa_handheld-no","12":"pa_ports-188","14":"first","15":"instock","16":"taxable","17":"shipping-taxable","18":"product-type-simple"},"acf":[],"_links":{"self":[{"href":"https:\/\/yotavis.ch\/it\/wp-json\/wp\/v2\/product\/9934","targetHints":{"allow":["GET"]}}],"collection":[{"href":"https:\/\/yotavis.ch\/it\/wp-json\/wp\/v2\/product"}],"about":[{"href":"https:\/\/yotavis.ch\/it\/wp-json\/wp\/v2\/types\/product"}],"replies":[{"embeddable":true,"href":"https:\/\/yotavis.ch\/it\/wp-json\/wp\/v2\/comments?post=9934"}],"wp:featuredmedia":[{"embeddable":true,"href":"https:\/\/yotavis.ch\/it\/wp-json\/wp\/v2\/media\/10273"}],"wp:attachment":[{"href":"https:\/\/yotavis.ch\/it\/wp-json\/wp\/v2\/media?parent=9934"}],"wp:term":[{"taxonomy":"product_brand","embeddable":true,"href":"https:\/\/yotavis.ch\/it\/wp-json\/wp\/v2\/product_brand?post=9934"},{"taxonomy":"product_cat","embeddable":true,"href":"https:\/\/yotavis.ch\/it\/wp-json\/wp\/v2\/product_cat?post=9934"},{"taxonomy":"product_tag","embeddable":true,"href":"https:\/\/yotavis.ch\/it\/wp-json\/wp\/v2\/product_tag?post=9934"}],"curies":[{"name":"wp","href":"https:\/\/api.w.org\/{rel}","templated":true}]}}