{"id":9939,"date":"2025-10-09T00:00:00","date_gmt":"2025-10-08T22:00:00","guid":{"rendered":"https:\/\/yotavis.ch\/product\/ms2024b\/"},"modified":"2026-04-24T13:38:04","modified_gmt":"2026-04-24T11:38:04","slug":"ms2024b","status":"publish","type":"product","link":"https:\/\/yotavis.ch\/it\/prodotto\/ms2024b\/","title":{"rendered":"MS2024B"},"content":{"rendered":"<p>L'Anritsu MS2024B \u00e8 un analizzatore di rete vettoriale portatile con una frequenza massima di 4 GHz, progettato per l'uso portatile. \u00c8 dotato di due porte e offre una gamma dinamica di 100 dB, consentendo un'analisi dettagliata dei segnali nella gamma di frequenza da 500 kHz a 4 GHz. Questo dispositivo \u00e8 compatto e adatto ad applicazioni sul campo in cui la portabilit\u00e0 \u00e8 essenziale. Il suo design supporta attivit\u00e0 di misura efficienti senza la necessit\u00e0 di una configurazione estesa o di apparecchiature aggiuntive. L'MS2024B \u00e8 stato progettato per fornire prestazioni affidabili in vari ambienti di prova, rendendolo uno strumento pratico per i professionisti che necessitano di analisi di frequenza fino a 4 GHz. Il suo fattore di forma portatile migliora l'usabilit\u00e0 in diversi scenari, consentendo di operare comodamente in movimento.<\/p>","protected":false},"excerpt":{"rendered":"<p>VNA 4GHz conveniente e portatile<\/p>","protected":false},"featured_media":10281,"comment_status":"closed","ping_status":"closed","template":"","meta":{"_acf_changed":false,"slim_seo":{"title":"MS2024B - YOTAVIS AG","description":"VNA 4GHz conveniente e portatile"}},"product_brand":[758],"product_cat":[523,525],"product_tag":[],"class_list":{"0":"post-9939","1":"product","2":"type-product","3":"status-publish","4":"has-post-thumbnail","6":"product_brand-anritsu","7":"product_cat-analyser","8":"product_cat-vna","9":"pa_dynamic-range-db-253","10":"pa_frequency-max-mhz-773","11":"pa_frequency-min-hz-818","12":"pa_handheld-yes","13":"pa_ports-188","15":"first","16":"instock","17":"taxable","18":"shipping-taxable","19":"product-type-simple"},"acf":[],"_links":{"self":[{"href":"https:\/\/yotavis.ch\/it\/wp-json\/wp\/v2\/product\/9939","targetHints":{"allow":["GET"]}}],"collection":[{"href":"https:\/\/yotavis.ch\/it\/wp-json\/wp\/v2\/product"}],"about":[{"href":"https:\/\/yotavis.ch\/it\/wp-json\/wp\/v2\/types\/product"}],"replies":[{"embeddable":true,"href":"https:\/\/yotavis.ch\/it\/wp-json\/wp\/v2\/comments?post=9939"}],"wp:featuredmedia":[{"embeddable":true,"href":"https:\/\/yotavis.ch\/it\/wp-json\/wp\/v2\/media\/10281"}],"wp:attachment":[{"href":"https:\/\/yotavis.ch\/it\/wp-json\/wp\/v2\/media?parent=9939"}],"wp:term":[{"taxonomy":"product_brand","embeddable":true,"href":"https:\/\/yotavis.ch\/it\/wp-json\/wp\/v2\/product_brand?post=9939"},{"taxonomy":"product_cat","embeddable":true,"href":"https:\/\/yotavis.ch\/it\/wp-json\/wp\/v2\/product_cat?post=9939"},{"taxonomy":"product_tag","embeddable":true,"href":"https:\/\/yotavis.ch\/it\/wp-json\/wp\/v2\/product_tag?post=9939"}],"curies":[{"name":"wp","href":"https:\/\/api.w.org\/{rel}","templated":true}]}}