{"id":9942,"date":"2025-10-09T00:00:00","date_gmt":"2025-10-08T22:00:00","guid":{"rendered":"https:\/\/yotavis.ch\/product\/ms2035b\/"},"modified":"2026-04-24T13:38:06","modified_gmt":"2026-04-24T11:38:06","slug":"ms2035b","status":"publish","type":"product","link":"https:\/\/yotavis.ch\/it\/prodotto\/ms2035b\/","title":{"rendered":"MS2035B"},"content":{"rendered":"<p>L'Anritsu MS2035B \u00e8 un analizzatore di rete vettoriale (VNA) portatile e conveniente che opera fino a 6 GHz, rendendolo adatto a una variet\u00e0 di applicazioni di misura. La gamma di frequenze va da 500 kHz a un massimo di 6.000 MHz, offrendo un ampio spettro di analisi. Il dispositivo offre una gamma dinamica di 100 dB, che consente una precisa misurazione e caratterizzazione del segnale. Dotato di due porte, l'MS2035B supporta configurazioni di test versatili. Il suo design portatile migliora la portabilit\u00e0, consentendo agli utenti di eseguire misure in ambienti diversi con facilit\u00e0. Questo modello \u00e8 stato progettato per offrire prestazioni affidabili in un fattore di forma compatto, per soddisfare i professionisti che richiedono mobilit\u00e0 senza compromettere la funzionalit\u00e0.<\/p>","protected":false},"excerpt":{"rendered":"<p>VNA portatile e conveniente 6GHz + Spettro<\/p>","protected":false},"featured_media":10291,"comment_status":"closed","ping_status":"closed","template":"","meta":{"_acf_changed":false,"slim_seo":{"title":"MS2035B - YOTAVIS AG","description":"VNA portatile e conveniente 6GHz + Spettro"}},"product_brand":[758],"product_cat":[523,525],"product_tag":[],"class_list":{"0":"post-9942","1":"product","2":"type-product","3":"status-publish","4":"has-post-thumbnail","6":"product_brand-anritsu","7":"product_cat-analyser","8":"product_cat-vna","9":"pa_dynamic-range-db-253","10":"pa_frequency-max-mhz-647","11":"pa_frequency-min-hz-818","12":"pa_handheld-yes","13":"pa_ports-188","15":"first","16":"instock","17":"taxable","18":"shipping-taxable","19":"product-type-simple"},"acf":[],"_links":{"self":[{"href":"https:\/\/yotavis.ch\/it\/wp-json\/wp\/v2\/product\/9942","targetHints":{"allow":["GET"]}}],"collection":[{"href":"https:\/\/yotavis.ch\/it\/wp-json\/wp\/v2\/product"}],"about":[{"href":"https:\/\/yotavis.ch\/it\/wp-json\/wp\/v2\/types\/product"}],"replies":[{"embeddable":true,"href":"https:\/\/yotavis.ch\/it\/wp-json\/wp\/v2\/comments?post=9942"}],"wp:featuredmedia":[{"embeddable":true,"href":"https:\/\/yotavis.ch\/it\/wp-json\/wp\/v2\/media\/10291"}],"wp:attachment":[{"href":"https:\/\/yotavis.ch\/it\/wp-json\/wp\/v2\/media?parent=9942"}],"wp:term":[{"taxonomy":"product_brand","embeddable":true,"href":"https:\/\/yotavis.ch\/it\/wp-json\/wp\/v2\/product_brand?post=9942"},{"taxonomy":"product_cat","embeddable":true,"href":"https:\/\/yotavis.ch\/it\/wp-json\/wp\/v2\/product_cat?post=9942"},{"taxonomy":"product_tag","embeddable":true,"href":"https:\/\/yotavis.ch\/it\/wp-json\/wp\/v2\/product_tag?post=9942"}],"curies":[{"name":"wp","href":"https:\/\/api.w.org\/{rel}","templated":true}]}}