{"id":10390,"date":"2025-10-09T00:00:00","date_gmt":"2025-10-08T22:00:00","guid":{"rendered":"https:\/\/yotavis.ch\/product\/it2806\/"},"modified":"2026-04-24T13:38:30","modified_gmt":"2026-04-24T11:38:30","slug":"it2806","status":"publish","type":"product","link":"https:\/\/yotavis.ch\/pl\/produkt\/it2806\/","title":{"rendered":"IT2806"},"content":{"rendered":"<p>ITECH IT2806 to graficzny miernik \u017ar\u00f3d\u0142owy zaprojektowany do dostarczania maksymalnego napi\u0119cia 200V i ci\u0105g\u0142ego pr\u0105du 3A. Obs\u0142uguje pr\u0105dy impulsowe do 10A, umo\u017cliwiaj\u0105c wszechstronne scenariusze testowe. Dzi\u0119ki mocy znamionowej wynosz\u0105cej 20 W, urz\u0105dzenie to nadaje si\u0119 do r\u00f3\u017cnych precyzyjnych zastosowa\u0144 pomiarowych. Urz\u0105dzenie posiada pojedynczy kana\u0142 wyj\u015bciowy, zapewniaj\u0105cy skoncentrowane i kontrolowane wyj\u015bcie dla potrzeb testowania. W zestawie znajduje si\u0119 funkcja zdalnego sterowania, umo\u017cliwiaj\u0105ca u\u017cytkownikom wygodn\u0105 obs\u0142ug\u0119 urz\u0105dzenia na odleg\u0142o\u015b\u0107. To po\u0142\u0105czenie specyfikacji napi\u0119cia, pr\u0105du i mocy sprawia, \u017ce IT2806 jest praktycznym narz\u0119dziem do szczeg\u00f3\u0142owych pomiar\u00f3w elektrycznych i funkcji \u017ar\u00f3d\u0142a w \u015brodowiskach laboratoryjnych lub produkcyjnych.<\/p>","protected":false},"excerpt":{"rendered":"<p>200V\/3A DC\/ 10A impuls\/10A impuls\/20W Graficzne \u017ar\u00f3d\u0142o Jednostka pomiaru<\/p>","protected":false},"featured_media":11114,"comment_status":"closed","ping_status":"closed","template":"","meta":{"_acf_changed":false,"slim_seo":{"title":"IT2806 - YOTAVIS AG","description":"200V\/3A DC\/ 10A impuls\/10A impuls\/20W Graficzne \u017ar\u00f3d\u0142o Jednostka pomiaru"}},"product_brand":[822],"product_cat":[518,1126],"product_tag":[],"class_list":{"0":"post-10390","1":"product","2":"type-product","3":"status-publish","4":"has-post-thumbnail","6":"product_brand-itech","7":"product_cat-meters","8":"product_cat-source-measure-unit","9":"pa_current-a-485","10":"pa_output-number-146","11":"pa_power-w-914","12":"pa_remote-control-yes","13":"pa_voltage-v-150","15":"first","16":"instock","17":"taxable","18":"shipping-taxable","19":"product-type-simple"},"acf":[],"_links":{"self":[{"href":"https:\/\/yotavis.ch\/pl\/wp-json\/wp\/v2\/product\/10390","targetHints":{"allow":["GET"]}}],"collection":[{"href":"https:\/\/yotavis.ch\/pl\/wp-json\/wp\/v2\/product"}],"about":[{"href":"https:\/\/yotavis.ch\/pl\/wp-json\/wp\/v2\/types\/product"}],"replies":[{"embeddable":true,"href":"https:\/\/yotavis.ch\/pl\/wp-json\/wp\/v2\/comments?post=10390"}],"wp:featuredmedia":[{"embeddable":true,"href":"https:\/\/yotavis.ch\/pl\/wp-json\/wp\/v2\/media\/11114"}],"wp:attachment":[{"href":"https:\/\/yotavis.ch\/pl\/wp-json\/wp\/v2\/media?parent=10390"}],"wp:term":[{"taxonomy":"product_brand","embeddable":true,"href":"https:\/\/yotavis.ch\/pl\/wp-json\/wp\/v2\/product_brand?post=10390"},{"taxonomy":"product_cat","embeddable":true,"href":"https:\/\/yotavis.ch\/pl\/wp-json\/wp\/v2\/product_cat?post=10390"},{"taxonomy":"product_tag","embeddable":true,"href":"https:\/\/yotavis.ch\/pl\/wp-json\/wp\/v2\/product_tag?post=10390"}],"curies":[{"name":"wp","href":"https:\/\/api.w.org\/{rel}","templated":true}]}}