{"id":10413,"date":"2025-10-09T00:00:00","date_gmt":"2025-10-08T22:00:00","guid":{"rendered":"https:\/\/yotavis.ch\/product\/it-m3141\/"},"modified":"2026-04-24T13:38:45","modified_gmt":"2026-04-24T11:38:45","slug":"it-m3141","status":"publish","type":"product","link":"https:\/\/yotavis.ch\/pl\/produkt\/it-m3141\/","title":{"rendered":"IT-M3141"},"content":{"rendered":"<p>IT-M3141 firmy ITECH to zasilacz pr\u0105du sta\u0142ego zaprojektowany do dostarczania maksymalnej mocy wyj\u015bciowej 3000 wat\u00f3w. Pracuje przy napi\u0119ciu 30 V i mo\u017ce dostarcza\u0107 pr\u0105d o nat\u0119\u017ceniu do 150 amper\u00f3w. Model ten posiada pojedynczy kana\u0142 wyj\u015bciowy, co pozwala na skoncentrowane dostarczanie mocy. Dodatkowo obs\u0142uguje funkcj\u0119 zdalnego sterowania, umo\u017cliwiaj\u0105c u\u017cytkownikom obs\u0142ug\u0119 urz\u0105dzenia na odleg\u0142o\u015b\u0107. Po\u0142\u0105czenie specyfikacji napi\u0119cia, pr\u0105du i mocy sprawia, \u017ce nadaje si\u0119 on do zastosowa\u0144 wymagaj\u0105cych stabilnego i wysokowydajnego zasilania pr\u0105dem sta\u0142ym. Konstrukcja urz\u0105dzenia k\u0142adzie nacisk na precyzyjne zarz\u0105dzanie energi\u0105 w ramach okre\u015blonych parametr\u00f3w elektrycznych.<\/p>","protected":false},"excerpt":{"rendered":"<p>Zasilanie pr\u0105dem sta\u0142ym 30 V\/150 A\/3000 W<\/p>","protected":false},"featured_media":11122,"comment_status":"closed","ping_status":"closed","template":"","meta":{"_acf_changed":false,"slim_seo":{"title":"IT-M3141 - YOTAVIS AG","description":"Zasilanie pr\u0105dem sta\u0142ym 30 V\/150 A\/3000 W"}},"product_brand":[822],"product_cat":[516,515],"product_tag":[],"class_list":{"0":"post-10413","1":"product","2":"type-product","3":"status-publish","4":"has-post-thumbnail","6":"product_brand-itech","7":"product_cat-dc-source-en","8":"product_cat-power-en","9":"pa_current-a-569","10":"pa_output-number-146","11":"pa_power-w-632","12":"pa_remote-control-yes","13":"pa_voltage-v-145","15":"first","16":"instock","17":"taxable","18":"shipping-taxable","19":"product-type-simple"},"acf":[],"_links":{"self":[{"href":"https:\/\/yotavis.ch\/pl\/wp-json\/wp\/v2\/product\/10413","targetHints":{"allow":["GET"]}}],"collection":[{"href":"https:\/\/yotavis.ch\/pl\/wp-json\/wp\/v2\/product"}],"about":[{"href":"https:\/\/yotavis.ch\/pl\/wp-json\/wp\/v2\/types\/product"}],"replies":[{"embeddable":true,"href":"https:\/\/yotavis.ch\/pl\/wp-json\/wp\/v2\/comments?post=10413"}],"wp:featuredmedia":[{"embeddable":true,"href":"https:\/\/yotavis.ch\/pl\/wp-json\/wp\/v2\/media\/11122"}],"wp:attachment":[{"href":"https:\/\/yotavis.ch\/pl\/wp-json\/wp\/v2\/media?parent=10413"}],"wp:term":[{"taxonomy":"product_brand","embeddable":true,"href":"https:\/\/yotavis.ch\/pl\/wp-json\/wp\/v2\/product_brand?post=10413"},{"taxonomy":"product_cat","embeddable":true,"href":"https:\/\/yotavis.ch\/pl\/wp-json\/wp\/v2\/product_cat?post=10413"},{"taxonomy":"product_tag","embeddable":true,"href":"https:\/\/yotavis.ch\/pl\/wp-json\/wp\/v2\/product_tag?post=10413"}],"curies":[{"name":"wp","href":"https:\/\/api.w.org\/{rel}","templated":true}]}}