{"id":10425,"date":"2025-10-09T00:00:00","date_gmt":"2025-10-08T22:00:00","guid":{"rendered":"https:\/\/yotavis.ch\/product\/it-m3147\/"},"modified":"2026-04-24T13:38:52","modified_gmt":"2026-04-24T11:38:52","slug":"it-m3147","status":"publish","type":"product","link":"https:\/\/yotavis.ch\/pl\/produkt\/it-m3147\/","title":{"rendered":"IT-M3147"},"content":{"rendered":"<p>ITECH IT-M3147 to zasilacz pr\u0105du sta\u0142ego o maksymalnym napi\u0119ciu wyj\u015bciowym 1200 V i wydajno\u015bci pr\u0105dowej 5 A, zapewniaj\u0105cy ca\u0142kowit\u0105 moc wyj\u015bciow\u0105 3000 W. Posiada pojedynczy kana\u0142 wyj\u015bciowy, pozwalaj\u0105cy na skoncentrowane i kontrolowane dostarczanie mocy. Model ten obs\u0142uguje funkcj\u0119 zdalnego sterowania, umo\u017cliwiaj\u0105c u\u017cytkownikom obs\u0142ug\u0119 urz\u0105dzenia na odleg\u0142o\u015b\u0107 dla wygody i elastyczno\u015bci. Zasilacz zosta\u0142 zaprojektowany do obs\u0142ugi wysokiego napi\u0119cia i nat\u0119\u017cenia pr\u0105du, dzi\u0119ki czemu nadaje si\u0119 do r\u00f3\u017cnych zastosowa\u0144 wymagaj\u0105cych stabilnego i niezawodnego zasilania pr\u0105dem sta\u0142ym. Dzi\u0119ki solidnym specyfikacjom, IT-M3147 mo\u017ce efektywnie zarz\u0105dza\u0107 zapotrzebowaniem na moc do warto\u015bci znamionowych. Konstrukcja urz\u0105dzenia k\u0142adzie nacisk na precyzj\u0119 i kontrol\u0119, zapewniaj\u0105c sta\u0142\u0105 wydajno\u015b\u0107 podczas pracy. Og\u00f3lnie rzecz bior\u0105c, IT-M3147 \u0142\u0105czy wysok\u0105 moc wyj\u015bciow\u0105 ze zdaln\u0105 obs\u0142ug\u0105 w konfiguracji jednokana\u0142owej.<\/p>","protected":false},"excerpt":{"rendered":"<p>Zasilanie pr\u0105dem sta\u0142ym 1200V\/5A\/3000W<\/p>","protected":false},"featured_media":11122,"comment_status":"closed","ping_status":"closed","template":"","meta":{"_acf_changed":false,"slim_seo":{"title":"IT-M3147 - YOTAVIS AG","description":"Zasilanie pr\u0105dem sta\u0142ym 1200V\/5A\/3000W"}},"product_brand":[822],"product_cat":[516,515],"product_tag":[],"class_list":{"0":"post-10425","1":"product","2":"type-product","3":"status-publish","4":"has-post-thumbnail","6":"product_brand-itech","7":"product_cat-dc-source-en","8":"product_cat-power-en","9":"pa_current-a-392","10":"pa_output-number-146","11":"pa_power-w-632","12":"pa_remote-control-yes","13":"pa_voltage-v-922","15":"first","16":"instock","17":"taxable","18":"shipping-taxable","19":"product-type-simple"},"acf":[],"_links":{"self":[{"href":"https:\/\/yotavis.ch\/pl\/wp-json\/wp\/v2\/product\/10425","targetHints":{"allow":["GET"]}}],"collection":[{"href":"https:\/\/yotavis.ch\/pl\/wp-json\/wp\/v2\/product"}],"about":[{"href":"https:\/\/yotavis.ch\/pl\/wp-json\/wp\/v2\/types\/product"}],"replies":[{"embeddable":true,"href":"https:\/\/yotavis.ch\/pl\/wp-json\/wp\/v2\/comments?post=10425"}],"wp:featuredmedia":[{"embeddable":true,"href":"https:\/\/yotavis.ch\/pl\/wp-json\/wp\/v2\/media\/11122"}],"wp:attachment":[{"href":"https:\/\/yotavis.ch\/pl\/wp-json\/wp\/v2\/media?parent=10425"}],"wp:term":[{"taxonomy":"product_brand","embeddable":true,"href":"https:\/\/yotavis.ch\/pl\/wp-json\/wp\/v2\/product_brand?post=10425"},{"taxonomy":"product_cat","embeddable":true,"href":"https:\/\/yotavis.ch\/pl\/wp-json\/wp\/v2\/product_cat?post=10425"},{"taxonomy":"product_tag","embeddable":true,"href":"https:\/\/yotavis.ch\/pl\/wp-json\/wp\/v2\/product_tag?post=10425"}],"curies":[{"name":"wp","href":"https:\/\/api.w.org\/{rel}","templated":true}]}}