{"id":10426,"date":"2025-10-09T00:00:00","date_gmt":"2025-10-08T22:00:00","guid":{"rendered":"https:\/\/yotavis.ch\/product\/it-m3137e\/"},"modified":"2026-04-24T13:38:53","modified_gmt":"2026-04-24T11:38:53","slug":"it-m3137e","status":"publish","type":"product","link":"https:\/\/yotavis.ch\/pl\/produkt\/it-m3137e\/","title":{"rendered":"IT-M3137E"},"content":{"rendered":"<p>ITECH IT-M3137E to zasilacz DC o maksymalnym napi\u0119ciu wyj\u015bciowym 1200 V i wydajno\u015bci pr\u0105dowej 5 A, zapewniaj\u0105cy ca\u0142kowit\u0105 moc wyj\u015bciow\u0105 1850 W. Posiada pojedynczy kana\u0142 wyj\u015bciowy, umo\u017cliwiaj\u0105cy proste dostarczanie mocy w r\u00f3\u017cnych zastosowaniach. Urz\u0105dzenie obs\u0142uguje funkcj\u0119 zdalnego sterowania, umo\u017cliwiaj\u0105c u\u017cytkownikom obs\u0142ug\u0119 na odleg\u0142o\u015b\u0107 dla wygody i elastyczno\u015bci. Zasilacz ten zosta\u0142 zaprojektowany w celu zapewnienia stabilnego i niezawodnego zasilania pr\u0105dem sta\u0142ym, odpowiedniego do testowania i \u015brodowisk programistycznych, w kt\u00f3rych wymagana jest precyzyjna kontrola napi\u0119cia i pr\u0105du. Jego solidne specyfikacje sprawiaj\u0105, \u017ce jest w stanie obs\u0142ugiwa\u0107 wymagaj\u0105ce obci\u0105\u017cenia elektryczne przy zachowaniu sta\u0142ej wydajno\u015bci. Po\u0142\u0105czenie wysokiego napi\u0119cia i nat\u0119\u017cenia pr\u0105du zapewnia kompatybilno\u015b\u0107 z szerok\u0105 gam\u0105 urz\u0105dze\u0144 i system\u00f3w elektronicznych. Og\u00f3lnie rzecz bior\u0105c, IT-M3137E oferuje niezb\u0119dne funkcje do wydajnego zarz\u0105dzania energi\u0105 w profesjonalnych \u015brodowiskach.<\/p>","protected":false},"excerpt":{"rendered":"<p>Zasilanie pr\u0105dem sta\u0142ym 1200V\/5A\/1850W<\/p>","protected":false},"featured_media":11122,"comment_status":"closed","ping_status":"closed","template":"","meta":{"_acf_changed":false,"slim_seo":{"title":"IT-M3137E - YOTAVIS AG","description":"Zasilanie pr\u0105dem sta\u0142ym 1200V\/5A\/1850W"}},"product_brand":[822],"product_cat":[516,515],"product_tag":[],"class_list":{"0":"post-10426","1":"product","2":"type-product","3":"status-publish","4":"has-post-thumbnail","6":"product_brand-itech","7":"product_cat-dc-source-en","8":"product_cat-power-en","9":"pa_current-a-392","10":"pa_output-number-146","11":"pa_power-w-921","12":"pa_remote-control-yes","13":"pa_voltage-v-922","15":"first","16":"instock","17":"taxable","18":"shipping-taxable","19":"product-type-simple"},"acf":[],"_links":{"self":[{"href":"https:\/\/yotavis.ch\/pl\/wp-json\/wp\/v2\/product\/10426","targetHints":{"allow":["GET"]}}],"collection":[{"href":"https:\/\/yotavis.ch\/pl\/wp-json\/wp\/v2\/product"}],"about":[{"href":"https:\/\/yotavis.ch\/pl\/wp-json\/wp\/v2\/types\/product"}],"replies":[{"embeddable":true,"href":"https:\/\/yotavis.ch\/pl\/wp-json\/wp\/v2\/comments?post=10426"}],"wp:featuredmedia":[{"embeddable":true,"href":"https:\/\/yotavis.ch\/pl\/wp-json\/wp\/v2\/media\/11122"}],"wp:attachment":[{"href":"https:\/\/yotavis.ch\/pl\/wp-json\/wp\/v2\/media?parent=10426"}],"wp:term":[{"taxonomy":"product_brand","embeddable":true,"href":"https:\/\/yotavis.ch\/pl\/wp-json\/wp\/v2\/product_brand?post=10426"},{"taxonomy":"product_cat","embeddable":true,"href":"https:\/\/yotavis.ch\/pl\/wp-json\/wp\/v2\/product_cat?post=10426"},{"taxonomy":"product_tag","embeddable":true,"href":"https:\/\/yotavis.ch\/pl\/wp-json\/wp\/v2\/product_tag?post=10426"}],"curies":[{"name":"wp","href":"https:\/\/api.w.org\/{rel}","templated":true}]}}