{"id":10428,"date":"2025-10-09T00:00:00","date_gmt":"2025-10-08T22:00:00","guid":{"rendered":"https:\/\/yotavis.ch\/product\/it-m3233\/"},"modified":"2026-04-24T13:42:29","modified_gmt":"2026-04-24T11:42:29","slug":"it-m3233","status":"publish","type":"product","link":"https:\/\/yotavis.ch\/pl\/produkt\/it-m3233\/","title":{"rendered":"IT-M3233"},"content":{"rendered":"<p>IT-M3233 firmy ITECH to zasilacz pr\u0105du sta\u0142ego zaprojektowany do dostarczania maksymalnej mocy wyj\u015bciowej 60 V i 10 A, zapewniaj\u0105cy ca\u0142kowit\u0105 moc 200 W. Posiada pojedynczy kana\u0142 wyj\u015bciowy, umo\u017cliwiaj\u0105cy prost\u0105 \u0142\u0105czno\u015b\u0107 i obs\u0142ug\u0119. Model ten obs\u0142uguje funkcj\u0119 zdalnego sterowania, umo\u017cliwiaj\u0105c u\u017cytkownikom zarz\u0105dzanie ustawieniami zasilacza na odleg\u0142o\u015b\u0107. Urz\u0105dzenie zosta\u0142o zaprojektowane do obs\u0142ugi sta\u0142ej mocy wyj\u015bciowej, dzi\u0119ki czemu nadaje si\u0119 do r\u00f3\u017cnych zastosowa\u0144 wymagaj\u0105cych stabilnego zasilania pr\u0105dem sta\u0142ym. Dzi\u0119ki okre\u015blonym warto\u015bciom znamionowym napi\u0119cia i pr\u0105du, IT-M3233 mo\u017ce zaspokoi\u0107 szereg potrzeb zwi\u0105zanych z testowaniem i rozwojem elektroniki. W\u0142\u0105czenie zdalnego sterowania zwi\u0119ksza jego u\u017cyteczno\u015b\u0107 w zautomatyzowanych lub trudno dost\u0119pnych konfiguracjach. Og\u00f3lnie rzecz bior\u0105c, ten zasilacz oferuje skoncentrowany zestaw funkcji skoncentrowanych na dostarczaniu niezawodnego zasilania pr\u0105dem sta\u0142ym z mo\u017cliwo\u015bci\u0105 zdalnej obs\u0142ugi.<\/p>","protected":false},"excerpt":{"rendered":"<p>Zasilanie pr\u0105dem sta\u0142ym 60V\/10A\/200W<\/p>","protected":false},"featured_media":11126,"comment_status":"closed","ping_status":"closed","template":"","meta":{"_acf_changed":false,"slim_seo":{"title":"IT-M3233 - YOTAVIS AG","description":"Zasilanie pr\u0105dem sta\u0142ym 60V\/10A\/200W"}},"product_brand":[822],"product_cat":[516,515],"product_tag":[],"class_list":{"0":"post-10428","1":"product","2":"type-product","3":"status-publish","4":"has-post-thumbnail","6":"product_brand-itech","7":"product_cat-dc-source-en","8":"product_cat-power-en","9":"pa_current-a-397","10":"pa_output-number-146","11":"pa_power-w-414","12":"pa_remote-control-yes","13":"pa_voltage-v-314","15":"first","16":"instock","17":"taxable","18":"shipping-taxable","19":"product-type-simple"},"acf":[],"_links":{"self":[{"href":"https:\/\/yotavis.ch\/pl\/wp-json\/wp\/v2\/product\/10428","targetHints":{"allow":["GET"]}}],"collection":[{"href":"https:\/\/yotavis.ch\/pl\/wp-json\/wp\/v2\/product"}],"about":[{"href":"https:\/\/yotavis.ch\/pl\/wp-json\/wp\/v2\/types\/product"}],"replies":[{"embeddable":true,"href":"https:\/\/yotavis.ch\/pl\/wp-json\/wp\/v2\/comments?post=10428"}],"wp:featuredmedia":[{"embeddable":true,"href":"https:\/\/yotavis.ch\/pl\/wp-json\/wp\/v2\/media\/11126"}],"wp:attachment":[{"href":"https:\/\/yotavis.ch\/pl\/wp-json\/wp\/v2\/media?parent=10428"}],"wp:term":[{"taxonomy":"product_brand","embeddable":true,"href":"https:\/\/yotavis.ch\/pl\/wp-json\/wp\/v2\/product_brand?post=10428"},{"taxonomy":"product_cat","embeddable":true,"href":"https:\/\/yotavis.ch\/pl\/wp-json\/wp\/v2\/product_cat?post=10428"},{"taxonomy":"product_tag","embeddable":true,"href":"https:\/\/yotavis.ch\/pl\/wp-json\/wp\/v2\/product_tag?post=10428"}],"curies":[{"name":"wp","href":"https:\/\/api.w.org\/{rel}","templated":true}]}}