{"id":10436,"date":"2025-10-09T00:00:00","date_gmt":"2025-10-08T22:00:00","guid":{"rendered":"https:\/\/yotavis.ch\/product\/it-m3313\/"},"modified":"2026-04-24T13:42:32","modified_gmt":"2026-04-24T11:42:32","slug":"it-m3313","status":"publish","type":"product","link":"https:\/\/yotavis.ch\/pl\/produkt\/it-m3313\/","title":{"rendered":"IT-M3313"},"content":{"rendered":"<p>IT-M3313 firmy ITECH to obci\u0105\u017cenie regeneracyjne DC zaprojektowane do obs\u0142ugi maksymalnej mocy 200 wat\u00f3w. Dzia\u0142a przy napi\u0119ciu do 150 V i obs\u0142uguje pr\u0105d o nat\u0119\u017ceniu 12 amper\u00f3w. Model ten posiada pojedynczy kana\u0142 wyj\u015bciowy, pozwalaj\u0105cy na skoncentrowane i kontrolowane testowanie obci\u0105\u017cenia. W zestawie znajduje si\u0119 funkcja zdalnego sterowania, umo\u017cliwiaj\u0105ca u\u017cytkownikom obs\u0142ug\u0119 urz\u0105dzenia na odleg\u0142o\u015b\u0107 dla wygody i bezpiecze\u0144stwa. Urz\u0105dzenie zosta\u0142o zaprojektowane do wydajnego zarz\u0105dzania obci\u0105\u017ceniami DC, dzi\u0119ki czemu nadaje si\u0119 do r\u00f3\u017cnych zastosowa\u0144 testowych i pomiarowych. Jego specyfikacje zapewniaj\u0105, \u017ce mo\u017ce obs\u0142ugiwa\u0107 znaczne obci\u0105\u017cenia elektryczne przy zachowaniu stabilno\u015bci. Po\u0142\u0105czenie napi\u0119cia, pr\u0105du i mocy znamionowej sprawia, \u017ce IT-M3313 jest wszechstronnym narz\u0119dziem do testowania elektryczno\u015bci.<\/p>","protected":false},"excerpt":{"rendered":"<p>Obci\u0105\u017cenie regeneracyjne 150V\/12A\/200W DC<\/p>","protected":false},"featured_media":11130,"comment_status":"closed","ping_status":"closed","template":"","meta":{"_acf_changed":false,"slim_seo":{"title":"IT-M3313 - YOTAVIS AG","description":"Obci\u0105\u017cenie regeneracyjne 150V\/12A\/200W DC"}},"product_brand":[822],"product_cat":[517,515],"product_tag":[],"class_list":{"0":"post-10436","1":"product","2":"type-product","3":"status-publish","4":"has-post-thumbnail","6":"product_brand-itech","7":"product_cat-dc-load-en","8":"product_cat-power-en","9":"pa_current-a-578","10":"pa_output-number-146","11":"pa_power-w-414","12":"pa_remote-control-yes","13":"pa_voltage-v-150","15":"first","16":"instock","17":"taxable","18":"shipping-taxable","19":"product-type-simple"},"acf":[],"_links":{"self":[{"href":"https:\/\/yotavis.ch\/pl\/wp-json\/wp\/v2\/product\/10436","targetHints":{"allow":["GET"]}}],"collection":[{"href":"https:\/\/yotavis.ch\/pl\/wp-json\/wp\/v2\/product"}],"about":[{"href":"https:\/\/yotavis.ch\/pl\/wp-json\/wp\/v2\/types\/product"}],"replies":[{"embeddable":true,"href":"https:\/\/yotavis.ch\/pl\/wp-json\/wp\/v2\/comments?post=10436"}],"wp:featuredmedia":[{"embeddable":true,"href":"https:\/\/yotavis.ch\/pl\/wp-json\/wp\/v2\/media\/11130"}],"wp:attachment":[{"href":"https:\/\/yotavis.ch\/pl\/wp-json\/wp\/v2\/media?parent=10436"}],"wp:term":[{"taxonomy":"product_brand","embeddable":true,"href":"https:\/\/yotavis.ch\/pl\/wp-json\/wp\/v2\/product_brand?post=10436"},{"taxonomy":"product_cat","embeddable":true,"href":"https:\/\/yotavis.ch\/pl\/wp-json\/wp\/v2\/product_cat?post=10436"},{"taxonomy":"product_tag","embeddable":true,"href":"https:\/\/yotavis.ch\/pl\/wp-json\/wp\/v2\/product_tag?post=10436"}],"curies":[{"name":"wp","href":"https:\/\/api.w.org\/{rel}","templated":true}]}}