{"id":10439,"date":"2025-10-09T00:00:00","date_gmt":"2025-10-08T22:00:00","guid":{"rendered":"https:\/\/yotavis.ch\/product\/it-m3314\/"},"modified":"2026-04-24T13:42:33","modified_gmt":"2026-04-24T11:42:33","slug":"it-m3314","status":"publish","type":"product","link":"https:\/\/yotavis.ch\/pl\/produkt\/it-m3314\/","title":{"rendered":"IT-M3314"},"content":{"rendered":"<p>ITECH IT-M3314 to obci\u0105\u017cenie regeneracyjne DC zaprojektowane do obs\u0142ugi maksymalnej mocy 200 wat\u00f3w. Dzia\u0142a przy napi\u0119ciu do 300 V i obs\u0142uguje pr\u0105d o nat\u0119\u017ceniu 6 amper\u00f3w. Model ten posiada pojedynczy kana\u0142 wyj\u015bciowy, co pozwala na skoncentrowane i wydajne testowanie obci\u0105\u017cenia. W zestawie znajduje si\u0119 funkcja zdalnego sterowania, umo\u017cliwiaj\u0105ca u\u017cytkownikom obs\u0142ug\u0119 urz\u0105dzenia na odleg\u0142o\u015b\u0107 dla wygody i bezpiecze\u0144stwa. Funkcja regeneracji pozwala urz\u0105dzeniu dostarcza\u0107 energi\u0119 z powrotem do \u017ar\u00f3d\u0142a zasilania, poprawiaj\u0105c efektywno\u015b\u0107 energetyczn\u0105 podczas proces\u00f3w testowania. IT-M3314 nadaje si\u0119 do zastosowa\u0144 wymagaj\u0105cych precyzyjnej kontroli obci\u0105\u017ce\u0144 DC w okre\u015blonych granicach napi\u0119cia i pr\u0105du. Jego konstrukcja zapewnia niezawodne dzia\u0142anie w r\u00f3\u017cnych \u015brodowiskach testowych, w kt\u00f3rych konieczne jest kontrolowane rozpraszanie mocy.<\/p>","protected":false},"excerpt":{"rendered":"<p>300V\/6A\/200W obci\u0105\u017cenie regeneracyjne DC<\/p>","protected":false},"featured_media":11130,"comment_status":"closed","ping_status":"closed","template":"","meta":{"_acf_changed":false,"slim_seo":{"title":"IT-M3314 - YOTAVIS AG","description":"300V\/6A\/200W obci\u0105\u017cenie regeneracyjne DC"}},"product_brand":[822],"product_cat":[517,515],"product_tag":[],"class_list":{"0":"post-10439","1":"product","2":"type-product","3":"status-publish","4":"has-post-thumbnail","6":"product_brand-itech","7":"product_cat-dc-load-en","8":"product_cat-power-en","9":"pa_current-a-399","10":"pa_output-number-146","11":"pa_power-w-414","12":"pa_remote-control-yes","13":"pa_voltage-v-624","15":"first","16":"instock","17":"taxable","18":"shipping-taxable","19":"product-type-simple"},"acf":[],"_links":{"self":[{"href":"https:\/\/yotavis.ch\/pl\/wp-json\/wp\/v2\/product\/10439","targetHints":{"allow":["GET"]}}],"collection":[{"href":"https:\/\/yotavis.ch\/pl\/wp-json\/wp\/v2\/product"}],"about":[{"href":"https:\/\/yotavis.ch\/pl\/wp-json\/wp\/v2\/types\/product"}],"replies":[{"embeddable":true,"href":"https:\/\/yotavis.ch\/pl\/wp-json\/wp\/v2\/comments?post=10439"}],"wp:featuredmedia":[{"embeddable":true,"href":"https:\/\/yotavis.ch\/pl\/wp-json\/wp\/v2\/media\/11130"}],"wp:attachment":[{"href":"https:\/\/yotavis.ch\/pl\/wp-json\/wp\/v2\/media?parent=10439"}],"wp:term":[{"taxonomy":"product_brand","embeddable":true,"href":"https:\/\/yotavis.ch\/pl\/wp-json\/wp\/v2\/product_brand?post=10439"},{"taxonomy":"product_cat","embeddable":true,"href":"https:\/\/yotavis.ch\/pl\/wp-json\/wp\/v2\/product_cat?post=10439"},{"taxonomy":"product_tag","embeddable":true,"href":"https:\/\/yotavis.ch\/pl\/wp-json\/wp\/v2\/product_tag?post=10439"}],"curies":[{"name":"wp","href":"https:\/\/api.w.org\/{rel}","templated":true}]}}