{"id":10445,"date":"2025-10-09T00:00:00","date_gmt":"2025-10-08T22:00:00","guid":{"rendered":"https:\/\/yotavis.ch\/product\/it-m3412\/"},"modified":"2026-04-24T13:42:35","modified_gmt":"2026-04-24T11:42:35","slug":"it-m3412","status":"publish","type":"product","link":"https:\/\/yotavis.ch\/pl\/produkt\/it-m3412\/","title":{"rendered":"IT-M3412"},"content":{"rendered":"<p>IT-M3412 firmy ITECH to dwukierunkowy zasilacz pr\u0105du sta\u0142ego, kt\u00f3ry mo\u017ce zar\u00f3wno p\u0142ynnie pobiera\u0107, jak i zrzuca\u0107 moc. Dzia\u0142a przy maksymalnym napi\u0119ciu 60 V i pr\u0105dzie 30 A, zapewniaj\u0105c moc wyj\u015bciow\u0105 200 W. Model ten posiada pojedynczy kana\u0142 wyj\u015bciowy, co pozwala na \u0142atw\u0105 integracj\u0119 z r\u00f3\u017cnymi konfiguracjami testowymi i rozwojowymi. Obs\u0142ugiwana jest funkcja zdalnego sterowania, umo\u017cliwiaj\u0105ca u\u017cytkownikom obs\u0142ug\u0119 urz\u0105dzenia na odleg\u0142o\u015b\u0107 dla wygody i bezpiecze\u0144stwa. Konstrukcja zapewnia wydajne zarz\u0105dzanie energi\u0105 z mo\u017cliwo\u015bci\u0105 prze\u0142\u0105czania mi\u0119dzy trybami \u017ar\u00f3d\u0142a i poch\u0142aniacza bez przerywania pracy. Zasilacz ten nadaje si\u0119 do zastosowa\u0144 wymagaj\u0105cych precyzyjnej kontroli napi\u0119cia i pr\u0105du w okre\u015blonych zakresach. Jego mo\u017cliwo\u015bci sprawiaj\u0105, \u017ce jest to wszechstronne narz\u0119dzie do testowania elektrycznego w \u015brodowiskach, w kt\u00f3rych wymagany jest dwukierunkowy przep\u0142yw mocy.<\/p>","protected":false},"excerpt":{"rendered":"<p>Dwukierunkowy zasilacz DC 60V\/30A\/200W (prze\u0142\u0105cznik \u017ar\u00f3d\u0142a i poch\u0142aniacza bez zak\u0142\u00f3ce\u0144)<\/p>","protected":false},"featured_media":11151,"comment_status":"closed","ping_status":"closed","template":"","meta":{"_acf_changed":false,"slim_seo":{"title":"IT-M3412 - YOTAVIS AG","description":"Dwukierunkowy zasilacz DC 60V\/30A\/200W (prze\u0142\u0105cznik \u017ar\u00f3d\u0142a i poch\u0142aniacza bez zak\u0142\u00f3ce\u0144)"}},"product_brand":[822],"product_cat":[546,515],"product_tag":[],"class_list":{"0":"post-10445","1":"product","2":"type-product","3":"status-publish","4":"has-post-thumbnail","6":"product_brand-itech","7":"product_cat-dc-2-quadrants-en","8":"product_cat-power-en","9":"pa_current-a-404","10":"pa_output-number-146","11":"pa_power-w-414","12":"pa_remote-control-yes","13":"pa_voltage-v-314","15":"first","16":"instock","17":"taxable","18":"shipping-taxable","19":"product-type-simple"},"acf":[],"_links":{"self":[{"href":"https:\/\/yotavis.ch\/pl\/wp-json\/wp\/v2\/product\/10445","targetHints":{"allow":["GET"]}}],"collection":[{"href":"https:\/\/yotavis.ch\/pl\/wp-json\/wp\/v2\/product"}],"about":[{"href":"https:\/\/yotavis.ch\/pl\/wp-json\/wp\/v2\/types\/product"}],"replies":[{"embeddable":true,"href":"https:\/\/yotavis.ch\/pl\/wp-json\/wp\/v2\/comments?post=10445"}],"wp:featuredmedia":[{"embeddable":true,"href":"https:\/\/yotavis.ch\/pl\/wp-json\/wp\/v2\/media\/11151"}],"wp:attachment":[{"href":"https:\/\/yotavis.ch\/pl\/wp-json\/wp\/v2\/media?parent=10445"}],"wp:term":[{"taxonomy":"product_brand","embeddable":true,"href":"https:\/\/yotavis.ch\/pl\/wp-json\/wp\/v2\/product_brand?post=10445"},{"taxonomy":"product_cat","embeddable":true,"href":"https:\/\/yotavis.ch\/pl\/wp-json\/wp\/v2\/product_cat?post=10445"},{"taxonomy":"product_tag","embeddable":true,"href":"https:\/\/yotavis.ch\/pl\/wp-json\/wp\/v2\/product_tag?post=10445"}],"curies":[{"name":"wp","href":"https:\/\/api.w.org\/{rel}","templated":true}]}}