{"id":10462,"date":"2025-10-09T00:00:00","date_gmt":"2025-10-08T22:00:00","guid":{"rendered":"https:\/\/yotavis.ch\/product\/it-m3633\/"},"modified":"2026-04-24T13:42:42","modified_gmt":"2026-04-24T11:42:42","slug":"it-m3633","status":"publish","type":"product","link":"https:\/\/yotavis.ch\/pl\/produkt\/it-m3633\/","title":{"rendered":"IT-M3633"},"content":{"rendered":"<p>IT-M3633 firmy ITECH to regeneracyjny system zasilania zaprojektowany do pracy przy napi\u0119ciu 150 V i nat\u0119\u017ceniu 12 A, zapewniaj\u0105cy moc wyj\u015bciow\u0105 800 W. Posiada pojedynczy kana\u0142 wyj\u015bciowy i obs\u0142uguje zar\u00f3wno tryb \u017ar\u00f3d\u0142a, jak i poch\u0142aniacza z p\u0142ynnym prze\u0142\u0105czaniem, umo\u017cliwiaj\u0105c niezale\u017cn\u0105 prac\u0119 w trybie obci\u0105\u017cenia, kt\u00f3ry jest regeneracyjny. System ten jest wyposa\u017cony w funkcj\u0119 zdalnego sterowania, umo\u017cliwiaj\u0105c u\u017cytkownikom zarz\u0105dzanie jego dzia\u0142aniem na odleg\u0142o\u015b\u0107. Konstrukcja koncentruje si\u0119 na wydajnym zarz\u0105dzaniu energi\u0105, umo\u017cliwiaj\u0105c jej zwrot do systemu w trybie obci\u0105\u017cenia. Jego zdolno\u015b\u0107 do prze\u0142\u0105czania si\u0119 mi\u0119dzy zasilaniem \u017ar\u00f3d\u0142owym i poch\u0142aniaj\u0105cym bez przerw sprawia, \u017ce nadaje si\u0119 do zastosowa\u0144 wymagaj\u0105cych precyzyjnej kontroli mocy. IT-M3633 \u0142\u0105czy w sobie te cechy, zapewniaj\u0105c wszechstronne rozwi\u0105zanie do testowania i zarz\u0105dzania zasilaniem.<\/p>","protected":false},"excerpt":{"rendered":"<p>System zasilania regeneracyjnego 150V\/12A\/800W (tryb SOURCE: \u017ar\u00f3d\u0142o i zlew prze\u0142\u0105czane bezszwowo \/ niezale\u017cny tryb LOAD: regeneracyjny)<\/p>","protected":false},"featured_media":11157,"comment_status":"closed","ping_status":"closed","template":"","meta":{"_acf_changed":false,"slim_seo":{"title":"IT-M3633 - YOTAVIS AG","description":"System zasilania regeneracyjnego 150V\/12A\/800W (tryb SOURCE: \u017ar\u00f3d\u0142o i zlew prze\u0142\u0105czane bezszwowo \/ niezale\u017cny tryb LOAD: regeneracyjny)"}},"product_brand":[822],"product_cat":[546,515],"product_tag":[],"class_list":{"0":"post-10462","1":"product","2":"type-product","3":"status-publish","4":"has-post-thumbnail","6":"product_brand-itech","7":"product_cat-dc-2-quadrants-en","8":"product_cat-power-en","9":"pa_current-a-578","10":"pa_output-number-146","11":"pa_power-w-556","12":"pa_remote-control-yes","13":"pa_voltage-v-150","15":"first","16":"instock","17":"taxable","18":"shipping-taxable","19":"product-type-simple"},"acf":[],"_links":{"self":[{"href":"https:\/\/yotavis.ch\/pl\/wp-json\/wp\/v2\/product\/10462","targetHints":{"allow":["GET"]}}],"collection":[{"href":"https:\/\/yotavis.ch\/pl\/wp-json\/wp\/v2\/product"}],"about":[{"href":"https:\/\/yotavis.ch\/pl\/wp-json\/wp\/v2\/types\/product"}],"replies":[{"embeddable":true,"href":"https:\/\/yotavis.ch\/pl\/wp-json\/wp\/v2\/comments?post=10462"}],"wp:featuredmedia":[{"embeddable":true,"href":"https:\/\/yotavis.ch\/pl\/wp-json\/wp\/v2\/media\/11157"}],"wp:attachment":[{"href":"https:\/\/yotavis.ch\/pl\/wp-json\/wp\/v2\/media?parent=10462"}],"wp:term":[{"taxonomy":"product_brand","embeddable":true,"href":"https:\/\/yotavis.ch\/pl\/wp-json\/wp\/v2\/product_brand?post=10462"},{"taxonomy":"product_cat","embeddable":true,"href":"https:\/\/yotavis.ch\/pl\/wp-json\/wp\/v2\/product_cat?post=10462"},{"taxonomy":"product_tag","embeddable":true,"href":"https:\/\/yotavis.ch\/pl\/wp-json\/wp\/v2\/product_tag?post=10462"}],"curies":[{"name":"wp","href":"https:\/\/api.w.org\/{rel}","templated":true}]}}