{"id":10470,"date":"2025-10-09T00:00:00","date_gmt":"2025-10-08T22:00:00","guid":{"rendered":"https:\/\/yotavis.ch\/product\/it-m3802-10-240\/"},"modified":"2026-04-24T13:42:47","modified_gmt":"2026-04-24T11:42:47","slug":"it-m3802-10-240","status":"publish","type":"product","link":"https:\/\/yotavis.ch\/pl\/produkt\/it-m3802-10-240\/","title":{"rendered":"IT-M3802-10-240"},"content":{"rendered":"<p>ITECH IT-M3802-10-240 to regeneracyjne obci\u0105\u017cenie elektroniczne DC zaprojektowane do pracy przy napi\u0119ciu 10V i pr\u0105dach w zakresie od 4 do 240A. Obs\u0142uguje moc do 2400W, dzi\u0119ki czemu nadaje si\u0119 do r\u00f3\u017cnych zastosowa\u0144 testowych i pomiarowych. Urz\u0105dzenie ma kompaktowy rozmiar 1U, co pozwala na efektywne wykorzystanie przestrzeni w szafach sprz\u0119towych. Zawiera pojedynczy kana\u0142 wyj\u015bciowy, zapewniaj\u0105cy ukierunkowan\u0105 i precyzyjn\u0105 kontrol\u0119 obci\u0105\u017cenia. Zintegrowana funkcja zdalnego sterowania umo\u017cliwia u\u017cytkownikom obs\u0142ug\u0119 urz\u0105dzenia na odleg\u0142o\u015b\u0107, zapewniaj\u0105c wygod\u0119 i elastyczno\u015b\u0107. Po\u0142\u0105czenie wysokiej wydajno\u015bci pr\u0105dowej i pracy regeneracyjnej pozwala na energooszcz\u0119dne procesy testowania. Model ten jest cz\u0119\u015bci\u0105 marki ITECH, znanej z elektronicznych urz\u0105dze\u0144 testuj\u0105cych.<\/p>","protected":false},"excerpt":{"rendered":"<p>10V, 4~240A, 40~2400W Regeneracyjne obci\u0105\u017cenie elektroniczne DC, rozmiar 1U<\/p>","protected":false},"featured_media":11160,"comment_status":"closed","ping_status":"closed","template":"","meta":{"_acf_changed":false,"slim_seo":{"title":"IT-M3802-10-240 - YOTAVIS AG","description":"10V, 4~240A, 40~2400W Regeneracyjne obci\u0105\u017cenie elektroniczne DC, rozmiar 1U"}},"product_brand":[822],"product_cat":[517,515],"product_tag":[],"class_list":{"0":"post-10470","1":"product","2":"type-product","3":"status-publish","4":"has-post-thumbnail","6":"product_brand-itech","7":"product_cat-dc-load-en","8":"product_cat-power-en","9":"pa_current-a-634","10":"pa_output-number-146","11":"pa_power-w-616","12":"pa_remote-control-yes","13":"pa_voltage-v-572","15":"first","16":"instock","17":"taxable","18":"shipping-taxable","19":"product-type-simple"},"acf":[],"_links":{"self":[{"href":"https:\/\/yotavis.ch\/pl\/wp-json\/wp\/v2\/product\/10470","targetHints":{"allow":["GET"]}}],"collection":[{"href":"https:\/\/yotavis.ch\/pl\/wp-json\/wp\/v2\/product"}],"about":[{"href":"https:\/\/yotavis.ch\/pl\/wp-json\/wp\/v2\/types\/product"}],"replies":[{"embeddable":true,"href":"https:\/\/yotavis.ch\/pl\/wp-json\/wp\/v2\/comments?post=10470"}],"wp:featuredmedia":[{"embeddable":true,"href":"https:\/\/yotavis.ch\/pl\/wp-json\/wp\/v2\/media\/11160"}],"wp:attachment":[{"href":"https:\/\/yotavis.ch\/pl\/wp-json\/wp\/v2\/media?parent=10470"}],"wp:term":[{"taxonomy":"product_brand","embeddable":true,"href":"https:\/\/yotavis.ch\/pl\/wp-json\/wp\/v2\/product_brand?post=10470"},{"taxonomy":"product_cat","embeddable":true,"href":"https:\/\/yotavis.ch\/pl\/wp-json\/wp\/v2\/product_cat?post=10470"},{"taxonomy":"product_tag","embeddable":true,"href":"https:\/\/yotavis.ch\/pl\/wp-json\/wp\/v2\/product_tag?post=10470"}],"curies":[{"name":"wp","href":"https:\/\/api.w.org\/{rel}","templated":true}]}}