{"id":10483,"date":"2025-10-09T00:00:00","date_gmt":"2025-10-08T22:00:00","guid":{"rendered":"https:\/\/yotavis.ch\/product\/it-m3806-300-60\/"},"modified":"2026-04-24T13:42:51","modified_gmt":"2026-04-24T11:42:51","slug":"it-m3806-300-60","status":"publish","type":"product","link":"https:\/\/yotavis.ch\/pl\/produkt\/it-m3806-300-60\/","title":{"rendered":"IT-M3806-300-60"},"content":{"rendered":"<p>ITECH IT-M3806-300-60 to regeneracyjne obci\u0105\u017cenie elektroniczne DC zaprojektowane do obs\u0142ugi maksymalnego napi\u0119cia 300V i pr\u0105du do 60A. Zapewnia moc 6 kW, dzi\u0119ki czemu nadaje si\u0119 do r\u00f3\u017cnych zastosowa\u0144 testowych i pomiarowych. Urz\u0105dzenie ma kompaktowy rozmiar 1U, co pozwala na efektywne wykorzystanie przestrzeni w szafach sprz\u0119towych. Zawiera pojedynczy kana\u0142 wyj\u015bciowy, zapewniaj\u0105cy skoncentrowan\u0105 i precyzyjn\u0105 kontrol\u0119 obci\u0105\u017cenia. Obs\u0142ugiwana jest funkcja zdalnego sterowania, umo\u017cliwiaj\u0105ca u\u017cytkownikom obs\u0142ug\u0119 urz\u0105dzenia na odleg\u0142o\u015b\u0107 dla wygody i bezpiecze\u0144stwa. Po\u0142\u0105czenie wysokiej mocy, napi\u0119cia i nat\u0119\u017cenia pr\u0105du sprawia, \u017ce to elektroniczne obci\u0105\u017cenie jest wszechstronne w wymagaj\u0105cych scenariuszach test\u00f3w elektrycznych. Jego konstrukcja podkre\u015bla zar\u00f3wno wydajno\u015b\u0107, jak i praktyczno\u015b\u0107 w op\u0142ywowej obudowie.<\/p>","protected":false},"excerpt":{"rendered":"<p>300V, 60A, 6kW Regeneracyjne obci\u0105\u017cenie elektroniczne DC, rozmiar 1U<\/p>","protected":false},"featured_media":11160,"comment_status":"closed","ping_status":"closed","template":"","meta":{"_acf_changed":false,"slim_seo":{"title":"IT-M3806-300-60 - YOTAVIS AG","description":"300V, 60A, 6kW Regeneracyjne obci\u0105\u017cenie elektroniczne DC, rozmiar 1U"}},"product_brand":[822],"product_cat":[517,515],"product_tag":[],"class_list":{"0":"post-10483","1":"product","2":"type-product","3":"status-publish","4":"has-post-thumbnail","6":"product_brand-itech","7":"product_cat-dc-load-en","8":"product_cat-power-en","9":"pa_current-a-406","10":"pa_output-number-146","11":"pa_power-w-626","12":"pa_remote-control-yes","13":"pa_voltage-v-624","15":"first","16":"instock","17":"taxable","18":"shipping-taxable","19":"product-type-simple"},"acf":[],"_links":{"self":[{"href":"https:\/\/yotavis.ch\/pl\/wp-json\/wp\/v2\/product\/10483","targetHints":{"allow":["GET"]}}],"collection":[{"href":"https:\/\/yotavis.ch\/pl\/wp-json\/wp\/v2\/product"}],"about":[{"href":"https:\/\/yotavis.ch\/pl\/wp-json\/wp\/v2\/types\/product"}],"replies":[{"embeddable":true,"href":"https:\/\/yotavis.ch\/pl\/wp-json\/wp\/v2\/comments?post=10483"}],"wp:featuredmedia":[{"embeddable":true,"href":"https:\/\/yotavis.ch\/pl\/wp-json\/wp\/v2\/media\/11160"}],"wp:attachment":[{"href":"https:\/\/yotavis.ch\/pl\/wp-json\/wp\/v2\/media?parent=10483"}],"wp:term":[{"taxonomy":"product_brand","embeddable":true,"href":"https:\/\/yotavis.ch\/pl\/wp-json\/wp\/v2\/product_brand?post=10483"},{"taxonomy":"product_cat","embeddable":true,"href":"https:\/\/yotavis.ch\/pl\/wp-json\/wp\/v2\/product_cat?post=10483"},{"taxonomy":"product_tag","embeddable":true,"href":"https:\/\/yotavis.ch\/pl\/wp-json\/wp\/v2\/product_tag?post=10483"}],"curies":[{"name":"wp","href":"https:\/\/api.w.org\/{rel}","templated":true}]}}