{"id":10492,"date":"2025-10-09T00:00:00","date_gmt":"2025-10-08T22:00:00","guid":{"rendered":"https:\/\/yotavis.ch\/product\/it-m3812-800-48\/"},"modified":"2026-04-24T13:42:56","modified_gmt":"2026-04-24T11:42:56","slug":"it-m3812-800-48","status":"publish","type":"product","link":"https:\/\/yotavis.ch\/pl\/produkt\/it-m3812-800-48\/","title":{"rendered":"IT-M3812-800-48"},"content":{"rendered":"<p>ITECH IT-M3812-800-48 to regeneracyjne obci\u0105\u017cenie elektroniczne DC zaprojektowane do obs\u0142ugi maksymalnego napi\u0119cia 800 V i pr\u0105du 48 A, zapewniaj\u0105ce moc 12 kW. Posiada obudow\u0119 o rozmiarze 2U, dzi\u0119ki czemu nadaje si\u0119 do monta\u017cu w szafie rack w r\u00f3\u017cnych \u015brodowiskach testowych. Model ten posiada pojedynczy kana\u0142 wyj\u015bciowy, pozwalaj\u0105cy na skoncentrowane i precyzyjne testowanie obci\u0105\u017cenia. Zintegrowana funkcja zdalnego sterowania umo\u017cliwia u\u017cytkownikom obs\u0142ug\u0119 urz\u0105dzenia na odleg\u0142o\u015b\u0107, zapewniaj\u0105c wygod\u0119 i bezpiecze\u0144stwo. Urz\u0105dzenie zosta\u0142o zaprojektowane tak, aby wspiera\u0107 dzia\u0142anie regeneracyjne, kt\u00f3re mo\u017ce poprawi\u0107 efektywno\u015b\u0107 energetyczn\u0105 poprzez dostarczanie mocy z powrotem do \u017ar\u00f3d\u0142a. Jego solidne specyfikacje sprawiaj\u0105, \u017ce nadaje si\u0119 do zastosowa\u0144 wymagaj\u0105cych wysokiego napi\u0119cia i obs\u0142ugi pr\u0105du w kompaktowej obudowie. Po\u0142\u0105czenie tych cech sprawia, \u017ce IT-M3812-800-48 mo\u017ce by\u0107 skutecznie wykorzystywany w wymagaj\u0105cych scenariuszach testowania obci\u0105\u017ce\u0144 elektronicznych.<\/p>","protected":false},"excerpt":{"rendered":"<p>800V, 48A, 12kW Regeneracyjne obci\u0105\u017cenie elektroniczne DC, rozmiar 2U<\/p>","protected":false},"featured_media":12257,"comment_status":"closed","ping_status":"closed","template":"","meta":{"_acf_changed":false,"slim_seo":{"title":"IT-M3812-800-48 - YOTAVIS AG","description":"800V, 48A, 12kW Regeneracyjne obci\u0105\u017cenie elektroniczne DC, rozmiar 2U"}},"product_brand":[822],"product_cat":[517,515],"product_tag":[],"class_list":{"0":"post-10492","1":"product","2":"type-product","3":"status-publish","4":"has-post-thumbnail","6":"product_brand-itech","7":"product_cat-dc-load-en","8":"product_cat-power-en","9":"pa_current-a-927","10":"pa_output-number-146","11":"pa_power-w-628","12":"pa_remote-control-yes","13":"pa_voltage-v-319","15":"first","16":"instock","17":"taxable","18":"shipping-taxable","19":"product-type-simple"},"acf":[],"_links":{"self":[{"href":"https:\/\/yotavis.ch\/pl\/wp-json\/wp\/v2\/product\/10492","targetHints":{"allow":["GET"]}}],"collection":[{"href":"https:\/\/yotavis.ch\/pl\/wp-json\/wp\/v2\/product"}],"about":[{"href":"https:\/\/yotavis.ch\/pl\/wp-json\/wp\/v2\/types\/product"}],"replies":[{"embeddable":true,"href":"https:\/\/yotavis.ch\/pl\/wp-json\/wp\/v2\/comments?post=10492"}],"wp:featuredmedia":[{"embeddable":true,"href":"https:\/\/yotavis.ch\/pl\/wp-json\/wp\/v2\/media\/12257"}],"wp:attachment":[{"href":"https:\/\/yotavis.ch\/pl\/wp-json\/wp\/v2\/media?parent=10492"}],"wp:term":[{"taxonomy":"product_brand","embeddable":true,"href":"https:\/\/yotavis.ch\/pl\/wp-json\/wp\/v2\/product_brand?post=10492"},{"taxonomy":"product_cat","embeddable":true,"href":"https:\/\/yotavis.ch\/pl\/wp-json\/wp\/v2\/product_cat?post=10492"},{"taxonomy":"product_tag","embeddable":true,"href":"https:\/\/yotavis.ch\/pl\/wp-json\/wp\/v2\/product_tag?post=10492"}],"curies":[{"name":"wp","href":"https:\/\/api.w.org\/{rel}","templated":true}]}}