{"id":10496,"date":"2025-10-09T00:00:00","date_gmt":"2025-10-08T22:00:00","guid":{"rendered":"https:\/\/yotavis.ch\/product\/it-m3905d-10-510\/"},"modified":"2026-04-24T13:42:58","modified_gmt":"2026-04-24T11:42:58","slug":"it-m3905d-10-510","status":"publish","type":"product","link":"https:\/\/yotavis.ch\/pl\/produkt\/it-m3905d-10-510\/","title":{"rendered":"IT-M3905D-10-510"},"content":{"rendered":"<p>ITECH IT-M3905D-10-510 to zasilacz pr\u0105du sta\u0142ego zaprojektowany do dostarczania maksymalnej mocy wyj\u015bciowej 5100 wat\u00f3w. Dzia\u0142a przy napi\u0119ciu 10 V i mo\u017ce dostarcza\u0107 pr\u0105d o nat\u0119\u017ceniu do 510 amper\u00f3w. Model ten posiada pojedynczy kana\u0142 wyj\u015bciowy, co pozwala na skoncentrowane dostarczanie mocy. Urz\u0105dzenie jest kompaktowe, o rozmiarze 1U, dzi\u0119ki czemu nadaje si\u0119 do integracji w standardowych szafach sprz\u0119towych. W zestawie znajduje si\u0119 funkcja zdalnego sterowania, umo\u017cliwiaj\u0105ca u\u017cytkownikom obs\u0142ug\u0119 zasilacza na odleg\u0142o\u015b\u0107 dla wygody i elastyczno\u015bci. Po\u0142\u0105czenie wysokiego nat\u0119\u017cenia pr\u0105du i mocy wyj\u015bciowej sprawia, \u017ce urz\u0105dzenie to nadaje si\u0119 do zastosowa\u0144 wymagaj\u0105cych znacznej mocy pr\u0105du sta\u0142ego. Jego konstrukcja i specyfikacje odzwierciedlaj\u0105 koncentracj\u0119 na dostarczaniu niezawodnej i precyzyjnej mocy w kompaktowej obudowie.<\/p>","protected":false},"excerpt":{"rendered":"<p>Zasilacz DC 10 V, 510 A, 5100 W, rozmiar 1U<\/p>","protected":false},"featured_media":11166,"comment_status":"closed","ping_status":"closed","template":"","meta":{"_acf_changed":false,"slim_seo":{"title":"IT-M3905D-10-510 - YOTAVIS AG","description":"Zasilacz DC 10 V, 510 A, 5100 W, rozmiar 1U"}},"product_brand":[822],"product_cat":[516,515],"product_tag":[],"class_list":{"0":"post-10496","1":"product","2":"type-product","3":"status-publish","4":"has-post-thumbnail","6":"product_brand-itech","7":"product_cat-dc-source-en","8":"product_cat-power-en","9":"pa_current-a-934","10":"pa_output-number-146","11":"pa_power-w-933","12":"pa_remote-control-yes","13":"pa_voltage-v-572","15":"first","16":"instock","17":"taxable","18":"shipping-taxable","19":"product-type-simple"},"acf":[],"_links":{"self":[{"href":"https:\/\/yotavis.ch\/pl\/wp-json\/wp\/v2\/product\/10496","targetHints":{"allow":["GET"]}}],"collection":[{"href":"https:\/\/yotavis.ch\/pl\/wp-json\/wp\/v2\/product"}],"about":[{"href":"https:\/\/yotavis.ch\/pl\/wp-json\/wp\/v2\/types\/product"}],"replies":[{"embeddable":true,"href":"https:\/\/yotavis.ch\/pl\/wp-json\/wp\/v2\/comments?post=10496"}],"wp:featuredmedia":[{"embeddable":true,"href":"https:\/\/yotavis.ch\/pl\/wp-json\/wp\/v2\/media\/11166"}],"wp:attachment":[{"href":"https:\/\/yotavis.ch\/pl\/wp-json\/wp\/v2\/media?parent=10496"}],"wp:term":[{"taxonomy":"product_brand","embeddable":true,"href":"https:\/\/yotavis.ch\/pl\/wp-json\/wp\/v2\/product_brand?post=10496"},{"taxonomy":"product_cat","embeddable":true,"href":"https:\/\/yotavis.ch\/pl\/wp-json\/wp\/v2\/product_cat?post=10496"},{"taxonomy":"product_tag","embeddable":true,"href":"https:\/\/yotavis.ch\/pl\/wp-json\/wp\/v2\/product_tag?post=10496"}],"curies":[{"name":"wp","href":"https:\/\/api.w.org\/{rel}","templated":true}]}}