{"id":10499,"date":"2025-10-09T00:00:00","date_gmt":"2025-10-08T22:00:00","guid":{"rendered":"https:\/\/yotavis.ch\/product\/it-m3904d-32-160\/"},"modified":"2026-04-24T13:42:59","modified_gmt":"2026-04-24T11:42:59","slug":"it-m3904d-32-160","status":"publish","type":"product","link":"https:\/\/yotavis.ch\/pl\/produkt\/it-m3904d-32-160\/","title":{"rendered":"IT-M3904D-32-160"},"content":{"rendered":"<p>IT-M3904D-32-160 to zasilacz pr\u0105du sta\u0142ego o mocy wyj\u015bciowej 4000 wat\u00f3w. Pracuje on przy napi\u0119ciu 32 V i mo\u017ce dostarcza\u0107 pr\u0105d o nat\u0119\u017ceniu do 160 amper\u00f3w. Model ten posiada pojedynczy kana\u0142 wyj\u015bciowy i zosta\u0142 zaprojektowany w kompaktowym rozmiarze 1U, dzi\u0119ki czemu nadaje si\u0119 do monta\u017cu w szafie rack. Zasilacz obs\u0142uguje funkcj\u0119 zdalnego sterowania, umo\u017cliwiaj\u0105c wygodn\u0105 obs\u0142ug\u0119 i integracj\u0119 z zautomatyzowanymi systemami. Wyprodukowana przez ITECH jednostka zosta\u0142a zaprojektowana w celu zapewnienia stabilnego i niezawodnego zasilania dla r\u00f3\u017cnych aplikacji wymagaj\u0105cych wysokiego pr\u0105du i napi\u0119cia. Jego specyfikacje sprawiaj\u0105, \u017ce nadaje si\u0119 do u\u017cytku w \u015brodowiskach, w kt\u00f3rych niezb\u0119dne jest precyzyjne i sta\u0142e zasilanie pr\u0105dem sta\u0142ym.<\/p>","protected":false},"excerpt":{"rendered":"<p>Zasilacz pr\u0105du sta\u0142ego 32 V, 160 A, 4000 W, rozmiar 1U<\/p>","protected":false},"featured_media":11166,"comment_status":"closed","ping_status":"closed","template":"","meta":{"_acf_changed":false,"slim_seo":{"title":"IT-M3904D-32-160 - YOTAVIS AG","description":"Zasilacz pr\u0105du sta\u0142ego 32 V, 160 A, 4000 W, rozmiar 1U"}},"product_brand":[822],"product_cat":[516,515],"product_tag":[],"class_list":{"0":"post-10499","1":"product","2":"type-product","3":"status-publish","4":"has-post-thumbnail","6":"product_brand-itech","7":"product_cat-dc-source-en","8":"product_cat-power-en","9":"pa_current-a-620","10":"pa_output-number-146","11":"pa_power-w-611","12":"pa_remote-control-yes","13":"pa_voltage-v-140","15":"first","16":"instock","17":"taxable","18":"shipping-taxable","19":"product-type-simple"},"acf":[],"_links":{"self":[{"href":"https:\/\/yotavis.ch\/pl\/wp-json\/wp\/v2\/product\/10499","targetHints":{"allow":["GET"]}}],"collection":[{"href":"https:\/\/yotavis.ch\/pl\/wp-json\/wp\/v2\/product"}],"about":[{"href":"https:\/\/yotavis.ch\/pl\/wp-json\/wp\/v2\/types\/product"}],"replies":[{"embeddable":true,"href":"https:\/\/yotavis.ch\/pl\/wp-json\/wp\/v2\/comments?post=10499"}],"wp:featuredmedia":[{"embeddable":true,"href":"https:\/\/yotavis.ch\/pl\/wp-json\/wp\/v2\/media\/11166"}],"wp:attachment":[{"href":"https:\/\/yotavis.ch\/pl\/wp-json\/wp\/v2\/media?parent=10499"}],"wp:term":[{"taxonomy":"product_brand","embeddable":true,"href":"https:\/\/yotavis.ch\/pl\/wp-json\/wp\/v2\/product_brand?post=10499"},{"taxonomy":"product_cat","embeddable":true,"href":"https:\/\/yotavis.ch\/pl\/wp-json\/wp\/v2\/product_cat?post=10499"},{"taxonomy":"product_tag","embeddable":true,"href":"https:\/\/yotavis.ch\/pl\/wp-json\/wp\/v2\/product_tag?post=10499"}],"curies":[{"name":"wp","href":"https:\/\/api.w.org\/{rel}","templated":true}]}}