{"id":10500,"date":"2025-10-09T00:00:00","date_gmt":"2025-10-08T22:00:00","guid":{"rendered":"https:\/\/yotavis.ch\/product\/it-m3906d-32-240\/"},"modified":"2026-04-24T13:42:59","modified_gmt":"2026-04-24T11:42:59","slug":"it-m3906d-32-240","status":"publish","type":"product","link":"https:\/\/yotavis.ch\/pl\/produkt\/it-m3906d-32-240\/","title":{"rendered":"IT-M3906D-32-240"},"content":{"rendered":"<p>ITECH IT-M3906D-32-240 to zasilacz pr\u0105du sta\u0142ego zaprojektowany do dostarczania maksymalnej mocy wyj\u015bciowej 6000 wat\u00f3w. Dzia\u0142a przy napi\u0119ciu 32 V i mo\u017ce dostarcza\u0107 pr\u0105d o nat\u0119\u017ceniu do 240 amper\u00f3w. Model ten posiada pojedynczy kana\u0142 wyj\u015bciowy, co pozwala na skoncentrowane dostarczanie mocy. Urz\u0105dzenie jest kompaktowe, o rozmiarze 1U, dzi\u0119ki czemu nadaje si\u0119 do integracji z r\u00f3\u017cnymi konfiguracjami, w kt\u00f3rych wa\u017cna jest oszcz\u0119dno\u015b\u0107 miejsca. Dodatkowo obs\u0142uguje funkcj\u0119 zdalnego sterowania, umo\u017cliwiaj\u0105c u\u017cytkownikom obs\u0142ug\u0119 zasilacza na odleg\u0142o\u015b\u0107. Po\u0142\u0105czenie wysokiej mocy i mo\u017cliwo\u015bci zdalnego sterowania sprawia, \u017ce urz\u0105dzenie to mo\u017cna dostosowa\u0107 do r\u00f3\u017cnych zastosowa\u0144 wymagaj\u0105cych stabilnego i kontrolowanego zasilania pr\u0105dem sta\u0142ym. Wyprodukowany przez ITECH, IT-M3906D-32-240 zosta\u0142 zaprojektowany, aby spe\u0142ni\u0107 okre\u015blone wymagania dotycz\u0105ce zasilania z precyzj\u0105 i niezawodno\u015bci\u0105.<\/p>","protected":false},"excerpt":{"rendered":"<p>Zasilacz pr\u0105du sta\u0142ego 32 V, 240 A, 6000 W, rozmiar 1U<\/p>","protected":false},"featured_media":11166,"comment_status":"closed","ping_status":"closed","template":"","meta":{"_acf_changed":false,"slim_seo":{"title":"IT-M3906D-32-240 - YOTAVIS AG","description":"Zasilacz pr\u0105du sta\u0142ego 32 V, 240 A, 6000 W, rozmiar 1U"}},"product_brand":[822],"product_cat":[516,515],"product_tag":[],"class_list":{"0":"post-10500","1":"product","2":"type-product","3":"status-publish","4":"has-post-thumbnail","6":"product_brand-itech","7":"product_cat-dc-source-en","8":"product_cat-power-en","9":"pa_current-a-634","10":"pa_output-number-146","11":"pa_power-w-626","12":"pa_remote-control-yes","13":"pa_voltage-v-140","15":"first","16":"instock","17":"taxable","18":"shipping-taxable","19":"product-type-simple"},"acf":[],"_links":{"self":[{"href":"https:\/\/yotavis.ch\/pl\/wp-json\/wp\/v2\/product\/10500","targetHints":{"allow":["GET"]}}],"collection":[{"href":"https:\/\/yotavis.ch\/pl\/wp-json\/wp\/v2\/product"}],"about":[{"href":"https:\/\/yotavis.ch\/pl\/wp-json\/wp\/v2\/types\/product"}],"replies":[{"embeddable":true,"href":"https:\/\/yotavis.ch\/pl\/wp-json\/wp\/v2\/comments?post=10500"}],"wp:featuredmedia":[{"embeddable":true,"href":"https:\/\/yotavis.ch\/pl\/wp-json\/wp\/v2\/media\/11166"}],"wp:attachment":[{"href":"https:\/\/yotavis.ch\/pl\/wp-json\/wp\/v2\/media?parent=10500"}],"wp:term":[{"taxonomy":"product_brand","embeddable":true,"href":"https:\/\/yotavis.ch\/pl\/wp-json\/wp\/v2\/product_brand?post=10500"},{"taxonomy":"product_cat","embeddable":true,"href":"https:\/\/yotavis.ch\/pl\/wp-json\/wp\/v2\/product_cat?post=10500"},{"taxonomy":"product_tag","embeddable":true,"href":"https:\/\/yotavis.ch\/pl\/wp-json\/wp\/v2\/product_tag?post=10500"}],"curies":[{"name":"wp","href":"https:\/\/api.w.org\/{rel}","templated":true}]}}