{"id":10505,"date":"2025-10-09T00:00:00","date_gmt":"2025-10-08T22:00:00","guid":{"rendered":"https:\/\/yotavis.ch\/product\/it-m3912d-80-240\/"},"modified":"2026-04-24T13:43:01","modified_gmt":"2026-04-24T11:43:01","slug":"it-m3912d-80-240","status":"publish","type":"product","link":"https:\/\/yotavis.ch\/pl\/produkt\/it-m3912d-80-240\/","title":{"rendered":"IT-M3912D-80-240"},"content":{"rendered":"<p>ITECH IT-M3912D-80-240 to zasilacz pr\u0105du sta\u0142ego o mocy wyj\u015bciowej 12 000 wat\u00f3w. Dzia\u0142a przy napi\u0119ciu 80 V i mo\u017ce dostarcza\u0107 pr\u0105d o nat\u0119\u017ceniu do 240 amper\u00f3w. Model ten posiada pojedynczy kana\u0142 wyj\u015bciowy, co pozwala na skoncentrowane dostarczanie mocy. Urz\u0105dzenie zosta\u0142o zaprojektowane w rozmiarze 2U, dzi\u0119ki czemu nadaje si\u0119 do monta\u017cu w szafie rack w r\u00f3\u017cnych konfiguracjach. Posiada r\u00f3wnie\u017c funkcj\u0119 zdalnego sterowania, umo\u017cliwiaj\u0105c u\u017cytkownikom obs\u0142ug\u0119 zasilacza na odleg\u0142o\u015b\u0107. Po\u0142\u0105czenie wysokiej mocy, napi\u0119cia i nat\u0119\u017cenia pr\u0105du sprawia, \u017ce urz\u0105dzenie to nadaje si\u0119 do wymagaj\u0105cych zastosowa\u0144 wymagaj\u0105cych stabilnego i niezawodnego zasilania pr\u0105dem sta\u0142ym. Konstrukcja i specyfikacje odzwierciedlaj\u0105 solidne i wszechstronne rozwi\u0105zanie zasilaj\u0105ce.<\/p>","protected":false},"excerpt":{"rendered":"<p>Zasilacz DC 80 V, 240 A, 12000 W, rozmiar 2U<\/p>","protected":false},"featured_media":12278,"comment_status":"closed","ping_status":"closed","template":"","meta":{"_acf_changed":false,"slim_seo":{"title":"IT-M3912D-80-240 - YOTAVIS AG","description":"Zasilacz DC 80 V, 240 A, 12000 W, rozmiar 2U"}},"product_brand":[822],"product_cat":[516,515],"product_tag":[],"class_list":{"0":"post-10505","1":"product","2":"type-product","3":"status-publish","4":"has-post-thumbnail","6":"product_brand-itech","7":"product_cat-dc-source-en","8":"product_cat-power-en","9":"pa_current-a-634","10":"pa_output-number-146","11":"pa_power-w-628","12":"pa_remote-control-yes","13":"pa_voltage-v-155","15":"first","16":"instock","17":"taxable","18":"shipping-taxable","19":"product-type-simple"},"acf":[],"_links":{"self":[{"href":"https:\/\/yotavis.ch\/pl\/wp-json\/wp\/v2\/product\/10505","targetHints":{"allow":["GET"]}}],"collection":[{"href":"https:\/\/yotavis.ch\/pl\/wp-json\/wp\/v2\/product"}],"about":[{"href":"https:\/\/yotavis.ch\/pl\/wp-json\/wp\/v2\/types\/product"}],"replies":[{"embeddable":true,"href":"https:\/\/yotavis.ch\/pl\/wp-json\/wp\/v2\/comments?post=10505"}],"wp:featuredmedia":[{"embeddable":true,"href":"https:\/\/yotavis.ch\/pl\/wp-json\/wp\/v2\/media\/12278"}],"wp:attachment":[{"href":"https:\/\/yotavis.ch\/pl\/wp-json\/wp\/v2\/media?parent=10505"}],"wp:term":[{"taxonomy":"product_brand","embeddable":true,"href":"https:\/\/yotavis.ch\/pl\/wp-json\/wp\/v2\/product_brand?post=10505"},{"taxonomy":"product_cat","embeddable":true,"href":"https:\/\/yotavis.ch\/pl\/wp-json\/wp\/v2\/product_cat?post=10505"},{"taxonomy":"product_tag","embeddable":true,"href":"https:\/\/yotavis.ch\/pl\/wp-json\/wp\/v2\/product_tag?post=10505"}],"curies":[{"name":"wp","href":"https:\/\/api.w.org\/{rel}","templated":true}]}}