{"id":10509,"date":"2025-10-09T00:00:00","date_gmt":"2025-10-08T22:00:00","guid":{"rendered":"https:\/\/yotavis.ch\/product\/it-m3912d-300-120\/"},"modified":"2026-04-24T13:43:05","modified_gmt":"2026-04-24T11:43:05","slug":"it-m3912d-300-120","status":"publish","type":"product","link":"https:\/\/yotavis.ch\/pl\/produkt\/it-m3912d-300-120\/","title":{"rendered":"IT-M3912D-300-120"},"content":{"rendered":"<p>ITECH IT-M3912D-300-120 to zasilacz pr\u0105du sta\u0142ego o maksymalnej mocy wyj\u015bciowej 12 000 wat\u00f3w. Dzia\u0142a przy napi\u0119ciu 300 V i mo\u017ce dostarcza\u0107 pr\u0105d o nat\u0119\u017ceniu do 120 amper\u00f3w. Model ten posiada pojedynczy kana\u0142 wyj\u015bciowy i zosta\u0142 zaprojektowany w obudowie o rozmiarze 2U. Zasilacz obs\u0142uguje funkcj\u0119 zdalnego sterowania, umo\u017cliwiaj\u0105c wygodn\u0105 obs\u0142ug\u0119 na odleg\u0142o\u015b\u0107. Jego specyfikacje sprawiaj\u0105, \u017ce nadaje si\u0119 do zastosowa\u0144 wymagaj\u0105cych du\u017cej mocy i precyzyjnej kontroli. Urz\u0105dzenie zosta\u0142o zbudowane z my\u015bl\u0105 o obs\u0142udze wymagaj\u0105cych obci\u0105\u017ce\u0144 elektrycznych przy zachowaniu stabilnej wydajno\u015bci. Ten zasilacz jest cz\u0119\u015bci\u0105 linii produkt\u00f3w ITECH, znanej z solidnej konstrukcji i niezawodnego dzia\u0142ania.<\/p>","protected":false},"excerpt":{"rendered":"<p>Zasilacz DC 300 V, 120 A, 12000 W, rozmiar 2U<\/p>","protected":false},"featured_media":12278,"comment_status":"closed","ping_status":"closed","template":"","meta":{"_acf_changed":false,"slim_seo":{"title":"IT-M3912D-300-120 - YOTAVIS AG","description":"Zasilacz DC 300 V, 120 A, 12000 W, rozmiar 2U"}},"product_brand":[822],"product_cat":[516,515],"product_tag":[],"class_list":{"0":"post-10509","1":"product","2":"type-product","3":"status-publish","4":"has-post-thumbnail","6":"product_brand-itech","7":"product_cat-dc-source-en","8":"product_cat-power-en","9":"pa_current-a-559","10":"pa_output-number-146","11":"pa_power-w-628","12":"pa_remote-control-yes","13":"pa_voltage-v-624","15":"first","16":"instock","17":"taxable","18":"shipping-taxable","19":"product-type-simple"},"acf":[],"_links":{"self":[{"href":"https:\/\/yotavis.ch\/pl\/wp-json\/wp\/v2\/product\/10509","targetHints":{"allow":["GET"]}}],"collection":[{"href":"https:\/\/yotavis.ch\/pl\/wp-json\/wp\/v2\/product"}],"about":[{"href":"https:\/\/yotavis.ch\/pl\/wp-json\/wp\/v2\/types\/product"}],"replies":[{"embeddable":true,"href":"https:\/\/yotavis.ch\/pl\/wp-json\/wp\/v2\/comments?post=10509"}],"wp:featuredmedia":[{"embeddable":true,"href":"https:\/\/yotavis.ch\/pl\/wp-json\/wp\/v2\/media\/12278"}],"wp:attachment":[{"href":"https:\/\/yotavis.ch\/pl\/wp-json\/wp\/v2\/media?parent=10509"}],"wp:term":[{"taxonomy":"product_brand","embeddable":true,"href":"https:\/\/yotavis.ch\/pl\/wp-json\/wp\/v2\/product_brand?post=10509"},{"taxonomy":"product_cat","embeddable":true,"href":"https:\/\/yotavis.ch\/pl\/wp-json\/wp\/v2\/product_cat?post=10509"},{"taxonomy":"product_tag","embeddable":true,"href":"https:\/\/yotavis.ch\/pl\/wp-json\/wp\/v2\/product_tag?post=10509"}],"curies":[{"name":"wp","href":"https:\/\/api.w.org\/{rel}","templated":true}]}}