{"id":10511,"date":"2025-10-09T00:00:00","date_gmt":"2025-10-08T22:00:00","guid":{"rendered":"https:\/\/yotavis.ch\/product\/it-m3904d-500-24\/"},"modified":"2026-04-24T13:43:06","modified_gmt":"2026-04-24T11:43:06","slug":"it-m3904d-500-24","status":"publish","type":"product","link":"https:\/\/yotavis.ch\/pl\/produkt\/it-m3904d-500-24\/","title":{"rendered":"IT-M3904D-500-24"},"content":{"rendered":"<p>ITECH IT-M3904D-500-24 to zasilacz pr\u0105du sta\u0142ego zaprojektowany do dostarczania maksymalnej mocy wyj\u015bciowej 4000 wat\u00f3w. Pracuje przy napi\u0119ciu 500 V i dostarcza pr\u0105d o nat\u0119\u017ceniu do 24 amper\u00f3w. Model ten posiada pojedynczy kana\u0142 wyj\u015bciowy, co pozwala na skoncentrowane dostarczanie mocy. Urz\u0105dzenie jest kompaktowe i ma rozmiar 1U, dzi\u0119ki czemu nadaje si\u0119 do monta\u017cu w szafie rack w r\u00f3\u017cnych konfiguracjach. Posiada r\u00f3wnie\u017c mo\u017cliwo\u015b\u0107 zdalnego sterowania, umo\u017cliwiaj\u0105c u\u017cytkownikom obs\u0142ug\u0119 zasilacza na odleg\u0142o\u015b\u0107. Po\u0142\u0105czenie wysokiego napi\u0119cia, pr\u0105du i mocy wyj\u015bciowej sprawia, \u017ce urz\u0105dzenie to nadaje si\u0119 do wymagaj\u0105cych zastosowa\u0144 wymagaj\u0105cych stabilnego zasilania pr\u0105dem sta\u0142ym. Jego konstrukcja k\u0142adzie nacisk na funkcjonalno\u015b\u0107 i integracj\u0119 z istniej\u0105cymi systemami bez dodatkowej z\u0142o\u017cono\u015bci.<\/p>","protected":false},"excerpt":{"rendered":"<p>Zasilacz DC 500 V, 24 A, 4000 W, rozmiar 1U<\/p>","protected":false},"featured_media":11166,"comment_status":"closed","ping_status":"closed","template":"","meta":{"_acf_changed":false,"slim_seo":{"title":"IT-M3904D-500-24 - YOTAVIS AG","description":"Zasilacz DC 500 V, 24 A, 4000 W, rozmiar 1U"}},"product_brand":[822],"product_cat":[516,515],"product_tag":[],"class_list":{"0":"post-10511","1":"product","2":"type-product","3":"status-publish","4":"has-post-thumbnail","6":"product_brand-itech","7":"product_cat-dc-source-en","8":"product_cat-power-en","9":"pa_current-a-584","10":"pa_output-number-146","11":"pa_power-w-611","12":"pa_remote-control-yes","13":"pa_voltage-v-604","15":"first","16":"instock","17":"taxable","18":"shipping-taxable","19":"product-type-simple"},"acf":[],"_links":{"self":[{"href":"https:\/\/yotavis.ch\/pl\/wp-json\/wp\/v2\/product\/10511","targetHints":{"allow":["GET"]}}],"collection":[{"href":"https:\/\/yotavis.ch\/pl\/wp-json\/wp\/v2\/product"}],"about":[{"href":"https:\/\/yotavis.ch\/pl\/wp-json\/wp\/v2\/types\/product"}],"replies":[{"embeddable":true,"href":"https:\/\/yotavis.ch\/pl\/wp-json\/wp\/v2\/comments?post=10511"}],"wp:featuredmedia":[{"embeddable":true,"href":"https:\/\/yotavis.ch\/pl\/wp-json\/wp\/v2\/media\/11166"}],"wp:attachment":[{"href":"https:\/\/yotavis.ch\/pl\/wp-json\/wp\/v2\/media?parent=10511"}],"wp:term":[{"taxonomy":"product_brand","embeddable":true,"href":"https:\/\/yotavis.ch\/pl\/wp-json\/wp\/v2\/product_brand?post=10511"},{"taxonomy":"product_cat","embeddable":true,"href":"https:\/\/yotavis.ch\/pl\/wp-json\/wp\/v2\/product_cat?post=10511"},{"taxonomy":"product_tag","embeddable":true,"href":"https:\/\/yotavis.ch\/pl\/wp-json\/wp\/v2\/product_tag?post=10511"}],"curies":[{"name":"wp","href":"https:\/\/api.w.org\/{rel}","templated":true}]}}