{"id":10517,"date":"2025-10-09T00:00:00","date_gmt":"2025-10-08T22:00:00","guid":{"rendered":"https:\/\/yotavis.ch\/product\/it-m3912d-800-48\/"},"modified":"2026-04-24T13:43:08","modified_gmt":"2026-04-24T11:43:08","slug":"it-m3912d-800-48","status":"publish","type":"product","link":"https:\/\/yotavis.ch\/pl\/produkt\/it-m3912d-800-48\/","title":{"rendered":"IT-M3912D-800-48"},"content":{"rendered":"<p>IT-M3912D-800-48 to zasilacz pr\u0105du sta\u0142ego o mocy wyj\u015bciowej 12 000 wat\u00f3w. Pracuje przy napi\u0119ciu 800 V i dostarcza pr\u0105d o nat\u0119\u017ceniu 48 amper\u00f3w. Model ten posiada pojedynczy kana\u0142 wyj\u015bciowy, co pozwala na skoncentrowane dostarczanie mocy. Urz\u0105dzenie zosta\u0142o zaprojektowane w rozmiarze 2U, dzi\u0119ki czemu nadaje si\u0119 do monta\u017cu w szafie rack w r\u00f3\u017cnych konfiguracjach. Posiada r\u00f3wnie\u017c funkcj\u0119 zdalnego sterowania, umo\u017cliwiaj\u0105c u\u017cytkownikom obs\u0142ug\u0119 urz\u0105dzenia na odleg\u0142o\u015b\u0107. Wyprodukowany przez firm\u0119 ITECH zasilacz spe\u0142nia okre\u015blone wymagania elektryczne dzi\u0119ki wysokiemu napi\u0119ciu i nat\u0119\u017ceniu pr\u0105du. Po\u0142\u0105czenie tych specyfikacji sprawia, \u017ce jest to solidna opcja dla aplikacji wymagaj\u0105cych znacznego zasilania pr\u0105dem sta\u0142ym.<\/p>","protected":false},"excerpt":{"rendered":"<p>Zasilacz DC 800 V, 48 A, 12000 W, rozmiar 2U<\/p>","protected":false},"featured_media":12278,"comment_status":"closed","ping_status":"closed","template":"","meta":{"_acf_changed":false,"slim_seo":{"title":"IT-M3912D-800-48 - YOTAVIS AG","description":"Zasilacz DC 800 V, 48 A, 12000 W, rozmiar 2U"}},"product_brand":[822],"product_cat":[516,515],"product_tag":[],"class_list":{"0":"post-10517","1":"product","2":"type-product","3":"status-publish","4":"has-post-thumbnail","6":"product_brand-itech","7":"product_cat-dc-source-en","8":"product_cat-power-en","9":"pa_current-a-927","10":"pa_output-number-146","11":"pa_power-w-628","12":"pa_remote-control-yes","13":"pa_voltage-v-319","15":"first","16":"instock","17":"taxable","18":"shipping-taxable","19":"product-type-simple"},"acf":[],"_links":{"self":[{"href":"https:\/\/yotavis.ch\/pl\/wp-json\/wp\/v2\/product\/10517","targetHints":{"allow":["GET"]}}],"collection":[{"href":"https:\/\/yotavis.ch\/pl\/wp-json\/wp\/v2\/product"}],"about":[{"href":"https:\/\/yotavis.ch\/pl\/wp-json\/wp\/v2\/types\/product"}],"replies":[{"embeddable":true,"href":"https:\/\/yotavis.ch\/pl\/wp-json\/wp\/v2\/comments?post=10517"}],"wp:featuredmedia":[{"embeddable":true,"href":"https:\/\/yotavis.ch\/pl\/wp-json\/wp\/v2\/media\/12278"}],"wp:attachment":[{"href":"https:\/\/yotavis.ch\/pl\/wp-json\/wp\/v2\/media?parent=10517"}],"wp:term":[{"taxonomy":"product_brand","embeddable":true,"href":"https:\/\/yotavis.ch\/pl\/wp-json\/wp\/v2\/product_brand?post=10517"},{"taxonomy":"product_cat","embeddable":true,"href":"https:\/\/yotavis.ch\/pl\/wp-json\/wp\/v2\/product_cat?post=10517"},{"taxonomy":"product_tag","embeddable":true,"href":"https:\/\/yotavis.ch\/pl\/wp-json\/wp\/v2\/product_tag?post=10517"}],"curies":[{"name":"wp","href":"https:\/\/api.w.org\/{rel}","templated":true}]}}