{"id":10555,"date":"2025-10-09T00:00:00","date_gmt":"2025-10-08T22:00:00","guid":{"rendered":"https:\/\/yotavis.ch\/product\/it-m3902b-80-40\/"},"modified":"2026-04-24T13:43:28","modified_gmt":"2026-04-24T11:43:28","slug":"it-m3902b-80-40","status":"publish","type":"product","link":"https:\/\/yotavis.ch\/pl\/produkt\/it-m3902b-80-40\/","title":{"rendered":"IT-M3902B-80-40"},"content":{"rendered":"<p>IT-M3902B-80-40 to zasilacz o maksymalnym napi\u0119ciu 80V i wydajno\u015bci pr\u0105dowej \u00b140A, dostarczaj\u0105cy do \u00b12kW mocy. Obs\u0142uguje pr\u0105d obci\u0105\u017cenia 40 A i moc wyj\u015bciow\u0105 2 kW, dzi\u0119ki czemu nadaje si\u0119 do zastosowa\u0144 wymagaj\u0105cych stabilnego i wysokiego dostarczania mocy. Urz\u0105dzenie zosta\u0142o zaprojektowane w kompaktowym rozmiarze 1U, co pozwala na efektywne wykorzystanie przestrzeni w szafie rack. Posiada pojedynczy kana\u0142 wyj\u015bciowy i funkcj\u0119 zdalnego sterowania, umo\u017cliwiaj\u0105c\u0105 obs\u0142ug\u0119 na odleg\u0142o\u015b\u0107. Urz\u0105dzenie zosta\u0142o wyprodukowane przez ITECH, mark\u0119 znan\u0105 z elektronicznych urz\u0105dze\u0144 testuj\u0105cych. Dzi\u0119ki mocy znamionowej 2000 W i napi\u0119ciu 80 V zapewnia niezawodn\u0105 wydajno\u015b\u0107 dla r\u00f3\u017cnych potrzeb testowania i zasilania. Po\u0142\u0105czenie tych specyfikacji zapewnia, \u017ce IT-M3902B-80-40 mo\u017ce obs\u0142ugiwa\u0107 wymagaj\u0105ce obci\u0105\u017cenia elektryczne, zachowuj\u0105c jednocze\u015bnie precyzyjn\u0105 kontrol\u0119 nad parametrami wyj\u015bciowymi.<\/p>","protected":false},"excerpt":{"rendered":"<p>80V, \u0179R\u00d3D\u0141O: \u00b140A, \u00b12kW, OBCI\u0104\u017bENIE: 40A, 2kW; rozmiar 1U<\/p>","protected":false},"featured_media":11244,"comment_status":"closed","ping_status":"closed","template":"","meta":{"_acf_changed":false,"slim_seo":{"title":"IT-M3902B-80-40 - YOTAVIS AG","description":"80V, \u0179R\u00d3D\u0141O: \u00b140A, \u00b12kW, OBCI\u0104\u017bENIE: 40A, 2kW; rozmiar 1U"}},"product_brand":[822],"product_cat":[546,515],"product_tag":[],"class_list":{"0":"post-10555","1":"product","2":"type-product","3":"status-publish","4":"has-post-thumbnail","6":"product_brand-itech","7":"product_cat-dc-2-quadrants-en","8":"product_cat-power-en","9":"pa_current-a-550","10":"pa_output-number-146","11":"pa_power-w-561","12":"pa_remote-control-yes","13":"pa_voltage-v-155","15":"first","16":"instock","17":"taxable","18":"shipping-taxable","19":"product-type-simple"},"acf":[],"_links":{"self":[{"href":"https:\/\/yotavis.ch\/pl\/wp-json\/wp\/v2\/product\/10555","targetHints":{"allow":["GET"]}}],"collection":[{"href":"https:\/\/yotavis.ch\/pl\/wp-json\/wp\/v2\/product"}],"about":[{"href":"https:\/\/yotavis.ch\/pl\/wp-json\/wp\/v2\/types\/product"}],"replies":[{"embeddable":true,"href":"https:\/\/yotavis.ch\/pl\/wp-json\/wp\/v2\/comments?post=10555"}],"wp:featuredmedia":[{"embeddable":true,"href":"https:\/\/yotavis.ch\/pl\/wp-json\/wp\/v2\/media\/11244"}],"wp:attachment":[{"href":"https:\/\/yotavis.ch\/pl\/wp-json\/wp\/v2\/media?parent=10555"}],"wp:term":[{"taxonomy":"product_brand","embeddable":true,"href":"https:\/\/yotavis.ch\/pl\/wp-json\/wp\/v2\/product_brand?post=10555"},{"taxonomy":"product_cat","embeddable":true,"href":"https:\/\/yotavis.ch\/pl\/wp-json\/wp\/v2\/product_cat?post=10555"},{"taxonomy":"product_tag","embeddable":true,"href":"https:\/\/yotavis.ch\/pl\/wp-json\/wp\/v2\/product_tag?post=10555"}],"curies":[{"name":"wp","href":"https:\/\/api.w.org\/{rel}","templated":true}]}}