{"id":10564,"date":"2025-10-09T00:00:00","date_gmt":"2025-10-08T22:00:00","guid":{"rendered":"https:\/\/yotavis.ch\/product\/it-m3904b-500-24\/"},"modified":"2026-04-24T13:43:32","modified_gmt":"2026-04-24T11:43:32","slug":"it-m3904b-500-24","status":"publish","type":"product","link":"https:\/\/yotavis.ch\/pl\/produkt\/it-m3904b-500-24\/","title":{"rendered":"IT-M3904B-500-24"},"content":{"rendered":"<p>IT-M3904B-500-24 to zasilacz o maksymalnym napi\u0119ciu 500V i wydajno\u015bci pr\u0105dowej 24A, dostarczaj\u0105cy do 4kW mocy. Posiada pojedynczy kana\u0142 wyj\u015bciowy zaprojektowany do \u017ar\u00f3d\u0142a i obci\u0105\u017cenia \u00b124A i \u00b14kW, dzi\u0119ki czemu nadaje si\u0119 do zastosowa\u0144 wymagaj\u0105cych precyzyjnej kontroli mocy. Urz\u0105dzenie mie\u015bci si\u0119 w kompaktowej obudowie o rozmiarze 1U, co pozwala na efektywn\u0105 integracj\u0119 ze standardowymi szafami sprz\u0119towymi. W zestawie znajduje si\u0119 funkcja zdalnego sterowania, umo\u017cliwiaj\u0105ca u\u017cytkownikom obs\u0142ug\u0119 urz\u0105dzenia na odleg\u0142o\u015b\u0107 dla wygody i elastyczno\u015bci. Wyprodukowany przez ITECH, model ten zosta\u0142 zaprojektowany tak, aby zapewni\u0107 niezawodne dzia\u0142anie w wymagaj\u0105cych \u015brodowiskach. Moc znamionowa 4000 W zapewnia obs\u0142ug\u0119 znacznych obci\u0105\u017ce\u0144 elektrycznych, a sp\u00f3jne specyfikacje napi\u0119cia i pr\u0105du zapewniaj\u0105 stabiln\u0105 prac\u0119. Ta kombinacja cech sprawia, \u017ce IT-M3904B-500-24 jest wszechstronnym komponentem do r\u00f3\u017cnych potrzeb zwi\u0105zanych z zasilaniem.<\/p>","protected":false},"excerpt":{"rendered":"<p>500V, \u0179R\u00d3D\u0141O: \u00b124A, \u00b14kW, OBCI\u0104\u017bENIE: 24A, 4kW; rozmiar 1U<\/p>","protected":false},"featured_media":11244,"comment_status":"closed","ping_status":"closed","template":"","meta":{"_acf_changed":false,"slim_seo":{"title":"IT-M3904B-500-24 - YOTAVIS AG","description":"500V, \u0179R\u00d3D\u0141O: \u00b124A, \u00b14kW, OBCI\u0104\u017bENIE: 24A, 4kW; rozmiar 1U"}},"product_brand":[822],"product_cat":[546,515],"product_tag":[],"class_list":{"0":"post-10564","1":"product","2":"type-product","3":"status-publish","4":"has-post-thumbnail","6":"product_brand-itech","7":"product_cat-dc-2-quadrants-en","8":"product_cat-power-en","9":"pa_current-a-584","10":"pa_output-number-146","11":"pa_power-w-611","12":"pa_remote-control-yes","13":"pa_voltage-v-604","15":"first","16":"instock","17":"taxable","18":"shipping-taxable","19":"product-type-simple"},"acf":[],"_links":{"self":[{"href":"https:\/\/yotavis.ch\/pl\/wp-json\/wp\/v2\/product\/10564","targetHints":{"allow":["GET"]}}],"collection":[{"href":"https:\/\/yotavis.ch\/pl\/wp-json\/wp\/v2\/product"}],"about":[{"href":"https:\/\/yotavis.ch\/pl\/wp-json\/wp\/v2\/types\/product"}],"replies":[{"embeddable":true,"href":"https:\/\/yotavis.ch\/pl\/wp-json\/wp\/v2\/comments?post=10564"}],"wp:featuredmedia":[{"embeddable":true,"href":"https:\/\/yotavis.ch\/pl\/wp-json\/wp\/v2\/media\/11244"}],"wp:attachment":[{"href":"https:\/\/yotavis.ch\/pl\/wp-json\/wp\/v2\/media?parent=10564"}],"wp:term":[{"taxonomy":"product_brand","embeddable":true,"href":"https:\/\/yotavis.ch\/pl\/wp-json\/wp\/v2\/product_brand?post=10564"},{"taxonomy":"product_cat","embeddable":true,"href":"https:\/\/yotavis.ch\/pl\/wp-json\/wp\/v2\/product_cat?post=10564"},{"taxonomy":"product_tag","embeddable":true,"href":"https:\/\/yotavis.ch\/pl\/wp-json\/wp\/v2\/product_tag?post=10564"}],"curies":[{"name":"wp","href":"https:\/\/api.w.org\/{rel}","templated":true}]}}