{"id":10571,"date":"2025-10-09T00:00:00","date_gmt":"2025-10-08T22:00:00","guid":{"rendered":"https:\/\/yotavis.ch\/product\/it-m3906b-1500-12\/"},"modified":"2026-04-24T13:43:36","modified_gmt":"2026-04-24T11:43:36","slug":"it-m3906b-1500-12","status":"publish","type":"product","link":"https:\/\/yotavis.ch\/pl\/produkt\/it-m3906b-1500-12\/","title":{"rendered":"IT-M3906B-1500-12"},"content":{"rendered":"<p>ITECH IT-M3906B-1500-12 to zasilacz zaprojektowany do dostarczania maksymalnej mocy wyj\u015bciowej 6000 wat\u00f3w przy napi\u0119ciu 1500 wolt\u00f3w. Zapewnia wydajno\u015b\u0107 pr\u0105dow\u0105 do 12 amper\u00f3w, obs\u0142uguj\u0105c zar\u00f3wno funkcje \u017ar\u00f3d\u0142a, jak i obci\u0105\u017cenia z \u00b112 A i \u00b16 kW dla \u017ar\u00f3d\u0142a oraz 12 A i 6 kW dla obci\u0105\u017cenia. Model ten posiada pojedynczy kana\u0142 wyj\u015bciowy i jest umieszczony w kompaktowej obudowie o rozmiarze 1U, dzi\u0119ki czemu nadaje si\u0119 do integracji z r\u00f3\u017cnymi szafami sprz\u0119towymi. W zestawie znajduje si\u0119 mo\u017cliwo\u015b\u0107 zdalnego sterowania, co pozwala na wygodn\u0105 obs\u0142ug\u0119 i monitorowanie na odleg\u0142o\u015b\u0107. Urz\u0105dzenie zosta\u0142o wyprodukowane przez ITECH, mark\u0119 znan\u0105 z elektronicznych przyrz\u0105d\u00f3w testowych i pomiarowych. Po\u0142\u0105czenie wysokiego napi\u0119cia i pr\u0105du znamionowego sprawia, \u017ce urz\u0105dzenie to nadaje si\u0119 do zastosowa\u0144 wymagaj\u0105cych znacznego zasilania w kompaktowej obudowie.<\/p>","protected":false},"excerpt":{"rendered":"<p>1500V, \u0179R\u00d3D\u0141O: \u00b112A, \u00b16kW, OBCI\u0104\u017bENIE: 12A, 6kW; rozmiar 1U<\/p>","protected":false},"featured_media":11244,"comment_status":"closed","ping_status":"closed","template":"","meta":{"_acf_changed":false,"slim_seo":{"title":"IT-M3906B-1500-12 - YOTAVIS AG","description":"1500V, \u0179R\u00d3D\u0141O: \u00b112A, \u00b16kW, OBCI\u0104\u017bENIE: 12A, 6kW; rozmiar 1U"}},"product_brand":[822],"product_cat":[546,515],"product_tag":[],"class_list":{"0":"post-10571","1":"product","2":"type-product","3":"status-publish","4":"has-post-thumbnail","6":"product_brand-itech","7":"product_cat-dc-2-quadrants-en","8":"product_cat-power-en","9":"pa_current-a-578","10":"pa_output-number-146","11":"pa_power-w-626","12":"pa_remote-control-yes","13":"pa_voltage-v-928","15":"first","16":"instock","17":"taxable","18":"shipping-taxable","19":"product-type-simple"},"acf":[],"_links":{"self":[{"href":"https:\/\/yotavis.ch\/pl\/wp-json\/wp\/v2\/product\/10571","targetHints":{"allow":["GET"]}}],"collection":[{"href":"https:\/\/yotavis.ch\/pl\/wp-json\/wp\/v2\/product"}],"about":[{"href":"https:\/\/yotavis.ch\/pl\/wp-json\/wp\/v2\/types\/product"}],"replies":[{"embeddable":true,"href":"https:\/\/yotavis.ch\/pl\/wp-json\/wp\/v2\/comments?post=10571"}],"wp:featuredmedia":[{"embeddable":true,"href":"https:\/\/yotavis.ch\/pl\/wp-json\/wp\/v2\/media\/11244"}],"wp:attachment":[{"href":"https:\/\/yotavis.ch\/pl\/wp-json\/wp\/v2\/media?parent=10571"}],"wp:term":[{"taxonomy":"product_brand","embeddable":true,"href":"https:\/\/yotavis.ch\/pl\/wp-json\/wp\/v2\/product_brand?post=10571"},{"taxonomy":"product_cat","embeddable":true,"href":"https:\/\/yotavis.ch\/pl\/wp-json\/wp\/v2\/product_cat?post=10571"},{"taxonomy":"product_tag","embeddable":true,"href":"https:\/\/yotavis.ch\/pl\/wp-json\/wp\/v2\/product_tag?post=10571"}],"curies":[{"name":"wp","href":"https:\/\/api.w.org\/{rel}","templated":true}]}}