{"id":10585,"date":"2025-10-09T00:00:00","date_gmt":"2025-10-08T22:00:00","guid":{"rendered":"https:\/\/yotavis.ch\/product\/it6012d-500-60\/"},"modified":"2026-03-02T16:39:34","modified_gmt":"2026-03-02T15:39:34","slug":"it6012d-500-60","status":"publish","type":"product","link":"https:\/\/yotavis.ch\/pl\/produkt\/it6012d-500-60\/","title":{"rendered":"IT6012D-500-60"},"content":{"rendered":"<p>ITECH IT6012D-500-60 to \u017ar\u00f3d\u0142o pr\u0105du sta\u0142ego zaprojektowane w celu zapewnienia niezawodnej wydajno\u015bci z pojedynczym wyj\u015bciem. Charakteryzuje si\u0119 moc\u0105 12 000 W, dzia\u0142a przy napi\u0119ciu do 500 V i nat\u0119\u017ceniu 60 A, dzi\u0119ki czemu nadaje si\u0119 do wymagaj\u0105cych zastosowa\u0144. Urz\u0105dzenie obejmuje precyzyjn\u0105 kontrol\u0119 napi\u0119cia i pr\u0105du, aby zapewni\u0107 stabilne i dok\u0142adne dostarczanie mocy. Idealny do test\u00f3w przemys\u0142owych i \u015brodowisk programistycznych, obs\u0142uguje szeroki zakres wymaga\u0144 dotycz\u0105cych zasilania. Jego zaawansowane funkcje umo\u017cliwiaj\u0105 wydajn\u0105 prac\u0119 i integracj\u0119 ze z\u0142o\u017conymi systemami.<\/p>","protected":false},"excerpt":{"rendered":"<p>Zasilacz DC 500V\/60A\/12kW, 3U<\/p>","protected":false},"featured_media":11253,"comment_status":"closed","ping_status":"closed","template":"","meta":{"_acf_changed":false,"slim_seo":{"title":"IT6012D-500-60 - YOTAVIS AG","description":"Zasilacz DC 500V\/60A\/12kW, 3U"}},"product_brand":[822],"product_cat":[516,515],"product_tag":[],"class_list":{"0":"post-10585","1":"product","2":"type-product","3":"status-publish","4":"has-post-thumbnail","6":"product_brand-itech","7":"product_cat-dc-source-en","8":"product_cat-power-en","9":"pa_current-a-406","10":"pa_output-number-146","11":"pa_power-w-628","12":"pa_voltage-v-604","14":"first","15":"instock","16":"taxable","17":"shipping-taxable","18":"product-type-simple"},"acf":[],"_links":{"self":[{"href":"https:\/\/yotavis.ch\/pl\/wp-json\/wp\/v2\/product\/10585","targetHints":{"allow":["GET"]}}],"collection":[{"href":"https:\/\/yotavis.ch\/pl\/wp-json\/wp\/v2\/product"}],"about":[{"href":"https:\/\/yotavis.ch\/pl\/wp-json\/wp\/v2\/types\/product"}],"replies":[{"embeddable":true,"href":"https:\/\/yotavis.ch\/pl\/wp-json\/wp\/v2\/comments?post=10585"}],"wp:featuredmedia":[{"embeddable":true,"href":"https:\/\/yotavis.ch\/pl\/wp-json\/wp\/v2\/media\/11253"}],"wp:attachment":[{"href":"https:\/\/yotavis.ch\/pl\/wp-json\/wp\/v2\/media?parent=10585"}],"wp:term":[{"taxonomy":"product_brand","embeddable":true,"href":"https:\/\/yotavis.ch\/pl\/wp-json\/wp\/v2\/product_brand?post=10585"},{"taxonomy":"product_cat","embeddable":true,"href":"https:\/\/yotavis.ch\/pl\/wp-json\/wp\/v2\/product_cat?post=10585"},{"taxonomy":"product_tag","embeddable":true,"href":"https:\/\/yotavis.ch\/pl\/wp-json\/wp\/v2\/product_tag?post=10585"}],"curies":[{"name":"wp","href":"https:\/\/api.w.org\/{rel}","templated":true}]}}