{"id":10587,"date":"2025-10-09T00:00:00","date_gmt":"2025-10-08T22:00:00","guid":{"rendered":"https:\/\/yotavis.ch\/product\/it6018d-500-90slave\/"},"modified":"2026-03-02T16:39:34","modified_gmt":"2026-03-02T15:39:34","slug":"it6018d-500-90slave","status":"publish","type":"product","link":"https:\/\/yotavis.ch\/pl\/produkt\/it6018d-500-90slave\/","title":{"rendered":"IT6018D-500-90Slave"},"content":{"rendered":"<p>ITECH IT6018D-500-90Slave to urz\u0105dzenie zasilaj\u0105ce zaprojektowane jako \u017ar\u00f3d\u0142o pr\u0105du sta\u0142ego. Wyposa\u017cony w pojedyncze wyj\u015bcie, dostarcza do 500 wolt\u00f3w i 960 amper\u00f3w o mocy 18 000 wat\u00f3w. Urz\u0105dzenie posiada precyzyjne funkcje sterowania i monitorowania w celu obs\u0142ugi wymagaj\u0105cych aplikacji. Idealny do test\u00f3w przemys\u0142owych i scenariuszy zasilania, zapewnia niezawodn\u0105 i stabiln\u0105 prac\u0119. Jego zaawansowane funkcje umo\u017cliwiaj\u0105 wydajne zarz\u0105dzanie energi\u0105 i solidn\u0105 prac\u0119 w r\u00f3\u017cnych warunkach obci\u0105\u017cenia.<\/p>","protected":false},"excerpt":{"rendered":"<p>Zasilacz DC 500V\/90A\/18kW, 3U, SLAVE<\/p>","protected":false},"featured_media":12289,"comment_status":"closed","ping_status":"closed","template":"","meta":{"_acf_changed":false,"slim_seo":{"title":"IT6018D-500-90Slave - YOTAVIS AG","description":"Zasilacz DC 500V\/90A\/18kW, 3U, SLAVE"}},"product_brand":[822],"product_cat":[516,515],"product_tag":[],"class_list":{"0":"post-10587","1":"product","2":"type-product","3":"status-publish","4":"has-post-thumbnail","6":"product_brand-itech","7":"product_cat-dc-source-en","8":"product_cat-power-en","9":"pa_current-a-946","10":"pa_output-number-146","11":"pa_power-w-629","12":"pa_voltage-v-604","14":"first","15":"instock","16":"taxable","17":"shipping-taxable","18":"product-type-simple"},"acf":[],"_links":{"self":[{"href":"https:\/\/yotavis.ch\/pl\/wp-json\/wp\/v2\/product\/10587","targetHints":{"allow":["GET"]}}],"collection":[{"href":"https:\/\/yotavis.ch\/pl\/wp-json\/wp\/v2\/product"}],"about":[{"href":"https:\/\/yotavis.ch\/pl\/wp-json\/wp\/v2\/types\/product"}],"replies":[{"embeddable":true,"href":"https:\/\/yotavis.ch\/pl\/wp-json\/wp\/v2\/comments?post=10587"}],"wp:featuredmedia":[{"embeddable":true,"href":"https:\/\/yotavis.ch\/pl\/wp-json\/wp\/v2\/media\/12289"}],"wp:attachment":[{"href":"https:\/\/yotavis.ch\/pl\/wp-json\/wp\/v2\/media?parent=10587"}],"wp:term":[{"taxonomy":"product_brand","embeddable":true,"href":"https:\/\/yotavis.ch\/pl\/wp-json\/wp\/v2\/product_brand?post=10587"},{"taxonomy":"product_cat","embeddable":true,"href":"https:\/\/yotavis.ch\/pl\/wp-json\/wp\/v2\/product_cat?post=10587"},{"taxonomy":"product_tag","embeddable":true,"href":"https:\/\/yotavis.ch\/pl\/wp-json\/wp\/v2\/product_tag?post=10587"}],"curies":[{"name":"wp","href":"https:\/\/api.w.org\/{rel}","templated":true}]}}