{"id":10618,"date":"2025-10-09T00:00:00","date_gmt":"2025-10-08T22:00:00","guid":{"rendered":"https:\/\/yotavis.ch\/product\/it6018c-300-225\/"},"modified":"2026-04-24T13:43:53","modified_gmt":"2026-04-24T11:43:53","slug":"it6018c-300-225","status":"publish","type":"product","link":"https:\/\/yotavis.ch\/pl\/produkt\/it6018c-300-225\/","title":{"rendered":"IT6018C-300-225"},"content":{"rendered":"<p>IT6018C-300-225 to dwukierunkowy zasilacz pr\u0105du sta\u0142ego o mocy znamionowej 18 000 wat\u00f3w. Pracuje przy napi\u0119ciu 300 V i mo\u017ce dostarcza\u0107 pr\u0105d o nat\u0119\u017ceniu do 225 amper\u00f3w. Model ten posiada jeden kana\u0142 wyj\u015bciowy i zosta\u0142 zaprojektowany w obudowie 3U. W zestawie znajduje si\u0119 mo\u017cliwo\u015b\u0107 zdalnego sterowania, co pozwala na wygodn\u0105 obs\u0142ug\u0119 i integracj\u0119 z zautomatyzowanymi systemami. Zasilacz jest produkowany przez ITECH, mark\u0119 znan\u0105 z elektronicznych urz\u0105dze\u0144 testuj\u0105cych. Urz\u0105dzenie to nadaje si\u0119 do zastosowa\u0144 wymagaj\u0105cych du\u017cej mocy i precyzyjnej kontroli napi\u0119cia i pr\u0105du sta\u0142ego. Jego dwukierunkowa funkcjonalno\u015b\u0107 umo\u017cliwia zar\u00f3wno \u017ar\u00f3d\u0142o, jak i poch\u0142anianie pr\u0105du, dzi\u0119ki czemu jest wszechstronny w r\u00f3\u017cnych scenariuszach testowych.<\/p>","protected":false},"excerpt":{"rendered":"<p>Dwukierunkowy zasilacz DC 300V\/225A\/18kW, 3U<\/p>","protected":false},"featured_media":11257,"comment_status":"closed","ping_status":"closed","template":"","meta":{"_acf_changed":false,"slim_seo":{"title":"IT6018C-300-225 - YOTAVIS AG","description":"Dwukierunkowy zasilacz DC 300V\/225A\/18kW, 3U"}},"product_brand":[822],"product_cat":[546,515],"product_tag":[],"class_list":{"0":"post-10618","1":"product","2":"type-product","3":"status-publish","4":"has-post-thumbnail","6":"product_brand-itech","7":"product_cat-dc-2-quadrants-en","8":"product_cat-power-en","9":"pa_current-a-944","10":"pa_output-number-146","11":"pa_power-w-629","12":"pa_remote-control-yes","13":"pa_voltage-v-624","15":"first","16":"instock","17":"taxable","18":"shipping-taxable","19":"product-type-simple"},"acf":[],"_links":{"self":[{"href":"https:\/\/yotavis.ch\/pl\/wp-json\/wp\/v2\/product\/10618","targetHints":{"allow":["GET"]}}],"collection":[{"href":"https:\/\/yotavis.ch\/pl\/wp-json\/wp\/v2\/product"}],"about":[{"href":"https:\/\/yotavis.ch\/pl\/wp-json\/wp\/v2\/types\/product"}],"replies":[{"embeddable":true,"href":"https:\/\/yotavis.ch\/pl\/wp-json\/wp\/v2\/comments?post=10618"}],"wp:featuredmedia":[{"embeddable":true,"href":"https:\/\/yotavis.ch\/pl\/wp-json\/wp\/v2\/media\/11257"}],"wp:attachment":[{"href":"https:\/\/yotavis.ch\/pl\/wp-json\/wp\/v2\/media?parent=10618"}],"wp:term":[{"taxonomy":"product_brand","embeddable":true,"href":"https:\/\/yotavis.ch\/pl\/wp-json\/wp\/v2\/product_brand?post=10618"},{"taxonomy":"product_cat","embeddable":true,"href":"https:\/\/yotavis.ch\/pl\/wp-json\/wp\/v2\/product_cat?post=10618"},{"taxonomy":"product_tag","embeddable":true,"href":"https:\/\/yotavis.ch\/pl\/wp-json\/wp\/v2\/product_tag?post=10618"}],"curies":[{"name":"wp","href":"https:\/\/api.w.org\/{rel}","templated":true}]}}