{"id":10661,"date":"2025-10-09T00:00:00","date_gmt":"2025-10-08T22:00:00","guid":{"rendered":"https:\/\/yotavis.ch\/product\/it6012b-500-80\/"},"modified":"2026-04-24T13:44:03","modified_gmt":"2026-04-24T11:44:03","slug":"it6012b-500-80","status":"publish","type":"product","link":"https:\/\/yotavis.ch\/pl\/produkt\/it6012b-500-80\/","title":{"rendered":"IT6012B-500-80"},"content":{"rendered":"<p>IT6012B-500-80 firmy ITECH to regeneracyjny system zasilania pr\u0105dem sta\u0142ym zaprojektowany do dostarczania mocy wyj\u015bciowej 12 000 wat\u00f3w. Dzia\u0142a przy napi\u0119ciu 500 V i pr\u0105dzie 80 A, dzi\u0119ki czemu nadaje si\u0119 do zastosowa\u0144 wymagaj\u0105cych znacznej mocy. Jednostka ta posiada pojedynczy kana\u0142 wyj\u015bciowy i jest umieszczona w kompaktowej obudowie 3U, co pozwala na efektywn\u0105 integracj\u0119 z istniej\u0105cymi konfiguracjami. System obs\u0142uguje funkcj\u0119 zdalnego sterowania, umo\u017cliwiaj\u0105c u\u017cytkownikom zarz\u0105dzanie i monitorowanie jego dzia\u0142ania na odleg\u0142o\u015b\u0107. Jego regeneracyjna konstrukcja pozwala na odzyskiwanie energii podczas pracy, przyczyniaj\u0105c si\u0119 do og\u00f3lnej wydajno\u015bci. Po\u0142\u0105czenie wysokiego napi\u0119cia i pr\u0105du znamionowego zapewnia, \u017ce IT6012B-500-80 mo\u017ce sprosta\u0107 wymagaj\u0105cym wymaganiom zasilania przy zachowaniu stabilnej wydajno\u015bci. Ten system zasilania zosta\u0142 zaprojektowany tak, aby spe\u0142nia\u0107 potrzeby r\u00f3\u017cnych \u015brodowisk przemys\u0142owych i testowych, w kt\u00f3rych niezb\u0119dne jest precyzyjne i niezawodne zasilanie pr\u0105dem sta\u0142ym.<\/p>","protected":false},"excerpt":{"rendered":"<p>Regeneracyjny system zasilania DC 500V\/80A\/12kW, 3U<\/p>","protected":false},"featured_media":11261,"comment_status":"closed","ping_status":"closed","template":"","meta":{"_acf_changed":false,"slim_seo":{"title":"IT6012B-500-80 - YOTAVIS AG","description":"Regeneracyjny system zasilania DC 500V\/80A\/12kW, 3U"}},"product_brand":[822],"product_cat":[516,515],"product_tag":[],"class_list":{"0":"post-10661","1":"product","2":"type-product","3":"status-publish","4":"has-post-thumbnail","6":"product_brand-itech","7":"product_cat-dc-source-en","8":"product_cat-power-en","9":"pa_current-a-557","10":"pa_output-number-146","11":"pa_power-w-628","12":"pa_remote-control-yes","13":"pa_voltage-v-604","15":"first","16":"instock","17":"taxable","18":"shipping-taxable","19":"product-type-simple"},"acf":[],"_links":{"self":[{"href":"https:\/\/yotavis.ch\/pl\/wp-json\/wp\/v2\/product\/10661","targetHints":{"allow":["GET"]}}],"collection":[{"href":"https:\/\/yotavis.ch\/pl\/wp-json\/wp\/v2\/product"}],"about":[{"href":"https:\/\/yotavis.ch\/pl\/wp-json\/wp\/v2\/types\/product"}],"replies":[{"embeddable":true,"href":"https:\/\/yotavis.ch\/pl\/wp-json\/wp\/v2\/comments?post=10661"}],"wp:featuredmedia":[{"embeddable":true,"href":"https:\/\/yotavis.ch\/pl\/wp-json\/wp\/v2\/media\/11261"}],"wp:attachment":[{"href":"https:\/\/yotavis.ch\/pl\/wp-json\/wp\/v2\/media?parent=10661"}],"wp:term":[{"taxonomy":"product_brand","embeddable":true,"href":"https:\/\/yotavis.ch\/pl\/wp-json\/wp\/v2\/product_brand?post=10661"},{"taxonomy":"product_cat","embeddable":true,"href":"https:\/\/yotavis.ch\/pl\/wp-json\/wp\/v2\/product_cat?post=10661"},{"taxonomy":"product_tag","embeddable":true,"href":"https:\/\/yotavis.ch\/pl\/wp-json\/wp\/v2\/product_tag?post=10661"}],"curies":[{"name":"wp","href":"https:\/\/api.w.org\/{rel}","templated":true}]}}