{"id":10666,"date":"2025-10-09T00:00:00","date_gmt":"2025-10-08T22:00:00","guid":{"rendered":"https:\/\/yotavis.ch\/product\/it6018b-800-60\/"},"modified":"2026-03-02T16:38:31","modified_gmt":"2026-03-02T15:38:31","slug":"it6018b-800-60","status":"publish","type":"product","link":"https:\/\/yotavis.ch\/pl\/produkt\/it6018b-800-60\/","title":{"rendered":"IT6018B-800-60"},"content":{"rendered":"<p>ITECH IT6018B-800-60 to urz\u0105dzenie zasilaj\u0105ce zaprojektowane jako \u017ar\u00f3d\u0142o pr\u0105du sta\u0142ego. Wyposa\u017cone w pojedyncze wyj\u015bcie, dostarcza do 800 wolt\u00f3w i 60 amper\u00f3w z moc\u0105 18 000 wat\u00f3w. Urz\u0105dzenie posiada precyzyjn\u0105 kontrol\u0119 napi\u0119cia i pr\u0105du, dzi\u0119ki czemu nadaje si\u0119 do r\u00f3\u017cnych zastosowa\u0144 testowych i przemys\u0142owych. Idealny do \u015brodowisk wymagaj\u0105cych stabilnego i niezawodnego zasilania pr\u0105dem sta\u0142ym, obs\u0142uguje wymagaj\u0105ce warunki operacyjne. Jego zaawansowane funkcje zapewniaj\u0105 sta\u0142\u0105 wydajno\u015b\u0107 i efektywne zarz\u0105dzanie energi\u0105.<\/p>","protected":false},"excerpt":{"rendered":"<p>Regeneracyjny system zasilania DC 800V\/60A\/18kW, 3U<\/p>","protected":false},"featured_media":11261,"comment_status":"closed","ping_status":"closed","template":"","meta":{"_acf_changed":false,"slim_seo":{"title":"IT6018B-800-60 - YOTAVIS AG","description":"Regeneracyjny system zasilania DC 800V\/60A\/18kW, 3U"}},"product_brand":[822],"product_cat":[516,515],"product_tag":[],"class_list":{"0":"post-10666","1":"product","2":"type-product","3":"status-publish","4":"has-post-thumbnail","6":"product_brand-itech","7":"product_cat-dc-source-en","8":"product_cat-power-en","9":"pa_current-a-406","10":"pa_output-number-146","11":"pa_power-w-629","12":"pa_voltage-v-319","14":"first","15":"instock","16":"taxable","17":"shipping-taxable","18":"product-type-simple"},"acf":[],"_links":{"self":[{"href":"https:\/\/yotavis.ch\/pl\/wp-json\/wp\/v2\/product\/10666","targetHints":{"allow":["GET"]}}],"collection":[{"href":"https:\/\/yotavis.ch\/pl\/wp-json\/wp\/v2\/product"}],"about":[{"href":"https:\/\/yotavis.ch\/pl\/wp-json\/wp\/v2\/types\/product"}],"replies":[{"embeddable":true,"href":"https:\/\/yotavis.ch\/pl\/wp-json\/wp\/v2\/comments?post=10666"}],"wp:featuredmedia":[{"embeddable":true,"href":"https:\/\/yotavis.ch\/pl\/wp-json\/wp\/v2\/media\/11261"}],"wp:attachment":[{"href":"https:\/\/yotavis.ch\/pl\/wp-json\/wp\/v2\/media?parent=10666"}],"wp:term":[{"taxonomy":"product_brand","embeddable":true,"href":"https:\/\/yotavis.ch\/pl\/wp-json\/wp\/v2\/product_brand?post=10666"},{"taxonomy":"product_cat","embeddable":true,"href":"https:\/\/yotavis.ch\/pl\/wp-json\/wp\/v2\/product_cat?post=10666"},{"taxonomy":"product_tag","embeddable":true,"href":"https:\/\/yotavis.ch\/pl\/wp-json\/wp\/v2\/product_tag?post=10666"}],"curies":[{"name":"wp","href":"https:\/\/api.w.org\/{rel}","templated":true}]}}