{"id":10689,"date":"2025-10-09T00:00:00","date_gmt":"2025-10-08T22:00:00","guid":{"rendered":"https:\/\/yotavis.ch\/product\/it8012-300-150\/"},"modified":"2026-04-24T13:44:13","modified_gmt":"2026-04-24T11:44:13","slug":"it8012-300-150","status":"publish","type":"product","link":"https:\/\/yotavis.ch\/pl\/produkt\/it8012-300-150\/","title":{"rendered":"IT8012-300-150"},"content":{"rendered":"<p>IT8012-300-150 to regeneracyjne obci\u0105\u017cenie elektroniczne DC zaprojektowane do obs\u0142ugi maksymalnego napi\u0119cia 300 V i pr\u0105du do 150 amper\u00f3w. Zapewnia moc 12 000 wat\u00f3w, dzi\u0119ki czemu nadaje si\u0119 do zastosowa\u0144 wymagaj\u0105cych du\u017cej mocy. Model ten posiada pojedynczy kana\u0142 wyj\u015bciowy i obs\u0142uguje funkcj\u0119 zdalnego sterowania, umo\u017cliwiaj\u0105c wygodn\u0105 obs\u0142ug\u0119 i integracj\u0119 ze zautomatyzowanymi systemami testowymi. Urz\u0105dzenie mie\u015bci si\u0119 w obudowie 3U, kt\u00f3ra jest standardowym rozmiarem dla urz\u0105dze\u0144 montowanych w szafach rack. Wyprodukowany przez ITECH, IT8012-300-150 zosta\u0142 zaprojektowany tak, aby zapewni\u0107 niezawodne dzia\u0142anie w wymagaj\u0105cych \u015brodowiskach. Jego zdolno\u015b\u0107 regeneracji umo\u017cliwia odzyskiwanie energii podczas pracy, zwi\u0119kszaj\u0105c wydajno\u015b\u0107. Po\u0142\u0105czenie wysokiego napi\u0119cia, pr\u0105du i mocy znamionowej sprawia, \u017ce to obci\u0105\u017cenie elektroniczne jest wszechstronne w r\u00f3\u017cnych scenariuszach testowych.<\/p>","protected":false},"excerpt":{"rendered":"<p>300V\/150A\/12kW Regeneracyjna \u0142adowarka DC E-LOAD, 3U<\/p>","protected":false},"featured_media":11535,"comment_status":"closed","ping_status":"closed","template":"","meta":{"_acf_changed":false,"slim_seo":{"title":"IT8012-300-150 - YOTAVIS AG","description":"300V\/150A\/12kW Regeneracyjna \u0142adowarka DC E-LOAD, 3U"}},"product_brand":[822],"product_cat":[517,515],"product_tag":[],"class_list":{"0":"post-10689","1":"product","2":"type-product","3":"status-publish","4":"has-post-thumbnail","6":"product_brand-itech","7":"product_cat-dc-load-en","8":"product_cat-power-en","9":"pa_current-a-569","10":"pa_output-number-146","11":"pa_power-w-628","12":"pa_remote-control-yes","13":"pa_voltage-v-624","15":"first","16":"instock","17":"taxable","18":"shipping-taxable","19":"product-type-simple"},"acf":[],"_links":{"self":[{"href":"https:\/\/yotavis.ch\/pl\/wp-json\/wp\/v2\/product\/10689","targetHints":{"allow":["GET"]}}],"collection":[{"href":"https:\/\/yotavis.ch\/pl\/wp-json\/wp\/v2\/product"}],"about":[{"href":"https:\/\/yotavis.ch\/pl\/wp-json\/wp\/v2\/types\/product"}],"replies":[{"embeddable":true,"href":"https:\/\/yotavis.ch\/pl\/wp-json\/wp\/v2\/comments?post=10689"}],"wp:featuredmedia":[{"embeddable":true,"href":"https:\/\/yotavis.ch\/pl\/wp-json\/wp\/v2\/media\/11535"}],"wp:attachment":[{"href":"https:\/\/yotavis.ch\/pl\/wp-json\/wp\/v2\/media?parent=10689"}],"wp:term":[{"taxonomy":"product_brand","embeddable":true,"href":"https:\/\/yotavis.ch\/pl\/wp-json\/wp\/v2\/product_brand?post=10689"},{"taxonomy":"product_cat","embeddable":true,"href":"https:\/\/yotavis.ch\/pl\/wp-json\/wp\/v2\/product_cat?post=10689"},{"taxonomy":"product_tag","embeddable":true,"href":"https:\/\/yotavis.ch\/pl\/wp-json\/wp\/v2\/product_tag?post=10689"}],"curies":[{"name":"wp","href":"https:\/\/api.w.org\/{rel}","templated":true}]}}