{"id":10704,"date":"2025-10-09T00:00:00","date_gmt":"2025-10-08T22:00:00","guid":{"rendered":"https:\/\/yotavis.ch\/product\/it8006-800-25\/"},"modified":"2026-04-24T13:44:16","modified_gmt":"2026-04-24T11:44:16","slug":"it8006-800-25","status":"publish","type":"product","link":"https:\/\/yotavis.ch\/pl\/produkt\/it8006-800-25\/","title":{"rendered":"IT8006-800-25"},"content":{"rendered":"<p>IT8006-800-25 to regeneracyjne obci\u0105\u017cenie elektroniczne pr\u0105du sta\u0142ego zaprojektowane do obs\u0142ugi maksymalnego napi\u0119cia 800 V i pr\u0105du 25 A, zapewniaj\u0105ce moc 6000 W. Urz\u0105dzenie posiada pojedynczy kana\u0142 wyj\u015bciowy i obs\u0142uguje funkcj\u0119 zdalnego sterowania, umo\u017cliwiaj\u0105c wygodn\u0105 obs\u0142ug\u0119 na odleg\u0142o\u015b\u0107. Jego kompaktowa obudowa 3U sprawia, \u017ce nadaje si\u0119 do integracji w r\u00f3\u017cnych \u015brodowiskach testowych, w kt\u00f3rych wa\u017cna jest oszcz\u0119dno\u015b\u0107 miejsca. Zdolno\u015b\u0107 regeneracyjna obci\u0105\u017cenia umo\u017cliwia mu dostarczanie energii z powrotem do \u017ar\u00f3d\u0142a zasilania, zwi\u0119kszaj\u0105c efektywno\u015b\u0107 energetyczn\u0105 podczas proces\u00f3w testowania. Koncentruj\u0105c si\u0119 na zastosowaniach DC, IT8006-800-25 zosta\u0142 zaprojektowany tak, aby zapewni\u0107 niezawodne dzia\u0142anie w warunkach wysokiego napi\u0119cia i pr\u0105du. W\u0142\u0105czenie opcji zdalnego sterowania u\u0142atwia zautomatyzowane testowanie i monitorowanie, co mo\u017ce mie\u0107 kluczowe znaczenie w z\u0142o\u017conych konfiguracjach. Model ten jest cz\u0119\u015bci\u0105 oferty marki ITECH, znanej z produkcji elektronicznego sprz\u0119tu testowego.<\/p>","protected":false},"excerpt":{"rendered":"<p>800V\/25A\/6kW Regeneracyjna \u0142adowarka DC E-LOAD, 3U<\/p>","protected":false},"featured_media":11535,"comment_status":"closed","ping_status":"closed","template":"","meta":{"_acf_changed":false,"slim_seo":{"title":"IT8006-800-25 - YOTAVIS AG","description":"800V\/25A\/6kW Regeneracyjna \u0142adowarka DC E-LOAD, 3U"}},"product_brand":[822],"product_cat":[517,515],"product_tag":[],"class_list":{"0":"post-10704","1":"product","2":"type-product","3":"status-publish","4":"has-post-thumbnail","6":"product_brand-itech","7":"product_cat-dc-load-en","8":"product_cat-power-en","9":"pa_current-a-401","10":"pa_output-number-146","11":"pa_power-w-626","12":"pa_remote-control-yes","13":"pa_voltage-v-319","15":"first","16":"instock","17":"taxable","18":"shipping-taxable","19":"product-type-simple"},"acf":[],"_links":{"self":[{"href":"https:\/\/yotavis.ch\/pl\/wp-json\/wp\/v2\/product\/10704","targetHints":{"allow":["GET"]}}],"collection":[{"href":"https:\/\/yotavis.ch\/pl\/wp-json\/wp\/v2\/product"}],"about":[{"href":"https:\/\/yotavis.ch\/pl\/wp-json\/wp\/v2\/types\/product"}],"replies":[{"embeddable":true,"href":"https:\/\/yotavis.ch\/pl\/wp-json\/wp\/v2\/comments?post=10704"}],"wp:featuredmedia":[{"embeddable":true,"href":"https:\/\/yotavis.ch\/pl\/wp-json\/wp\/v2\/media\/11535"}],"wp:attachment":[{"href":"https:\/\/yotavis.ch\/pl\/wp-json\/wp\/v2\/media?parent=10704"}],"wp:term":[{"taxonomy":"product_brand","embeddable":true,"href":"https:\/\/yotavis.ch\/pl\/wp-json\/wp\/v2\/product_brand?post=10704"},{"taxonomy":"product_cat","embeddable":true,"href":"https:\/\/yotavis.ch\/pl\/wp-json\/wp\/v2\/product_cat?post=10704"},{"taxonomy":"product_tag","embeddable":true,"href":"https:\/\/yotavis.ch\/pl\/wp-json\/wp\/v2\/product_tag?post=10704"}],"curies":[{"name":"wp","href":"https:\/\/api.w.org\/{rel}","templated":true}]}}