{"id":10705,"date":"2025-10-09T00:00:00","date_gmt":"2025-10-08T22:00:00","guid":{"rendered":"https:\/\/yotavis.ch\/product\/it8012-800-50\/"},"modified":"2026-04-24T13:44:16","modified_gmt":"2026-04-24T11:44:16","slug":"it8012-800-50","status":"publish","type":"product","link":"https:\/\/yotavis.ch\/pl\/produkt\/it8012-800-50\/","title":{"rendered":"IT8012-800-50"},"content":{"rendered":"<p>IT8012-800-50 to regeneracyjne obci\u0105\u017cenie elektroniczne DC zaprojektowane do obs\u0142ugi maksymalnego napi\u0119cia 800 V i pr\u0105du 50 A, zapewniaj\u0105ce moc 12 000 W. Model ten posiada pojedynczy kana\u0142 wyj\u015bciowy, pozwalaj\u0105cy na skoncentrowane i wydajne testowanie obci\u0105\u017cenia. Obs\u0142uguje funkcj\u0119 zdalnego sterowania, umo\u017cliwiaj\u0105c u\u017cytkownikom obs\u0142ug\u0119 urz\u0105dzenia na odleg\u0142o\u015b\u0107 dla wygody i bezpiecze\u0144stwa. Urz\u0105dzenie mie\u015bci si\u0119 w obudowie 3U, kt\u00f3ra jest standardowym rozmiarem dla urz\u0105dze\u0144 montowanych w szafie, co u\u0142atwia integracj\u0119 z istniej\u0105cymi konfiguracjami testowymi. Zdolno\u015b\u0107 regeneracyjna obci\u0105\u017cenia oznacza, \u017ce mo\u017ce ono dostarcza\u0107 energi\u0119 z powrotem do \u017ar\u00f3d\u0142a zasilania, poprawiaj\u0105c efektywno\u015b\u0107 energetyczn\u0105 podczas proces\u00f3w testowania. Urz\u0105dzenie to nadaje si\u0119 do zastosowa\u0144 wymagaj\u0105cych precyzyjnego i niezawodnego testowania obci\u0105\u017cenia pr\u0105dem sta\u0142ym przy wysokich poziomach mocy. Jego konstrukcja i specyfikacje sprawiaj\u0105, \u017ce jest to solidne narz\u0119dzie do oceny zasilaczy, akumulator\u00f3w i innych \u017ar\u00f3de\u0142 zasilania pr\u0105dem sta\u0142ym.<\/p>","protected":false},"excerpt":{"rendered":"<p>800V\/50A\/12kW Regeneracyjna \u0142adowarka DC E-LOAD, 3U<\/p>","protected":false},"featured_media":11535,"comment_status":"closed","ping_status":"closed","template":"","meta":{"_acf_changed":false,"slim_seo":{"title":"IT8012-800-50 - YOTAVIS AG","description":"800V\/50A\/12kW Regeneracyjna \u0142adowarka DC E-LOAD, 3U"}},"product_brand":[822],"product_cat":[517,515],"product_tag":[],"class_list":{"0":"post-10705","1":"product","2":"type-product","3":"status-publish","4":"has-post-thumbnail","6":"product_brand-itech","7":"product_cat-dc-load-en","8":"product_cat-power-en","9":"pa_current-a-402","10":"pa_output-number-146","11":"pa_power-w-628","12":"pa_remote-control-yes","13":"pa_voltage-v-319","15":"first","16":"instock","17":"taxable","18":"shipping-taxable","19":"product-type-simple"},"acf":[],"_links":{"self":[{"href":"https:\/\/yotavis.ch\/pl\/wp-json\/wp\/v2\/product\/10705","targetHints":{"allow":["GET"]}}],"collection":[{"href":"https:\/\/yotavis.ch\/pl\/wp-json\/wp\/v2\/product"}],"about":[{"href":"https:\/\/yotavis.ch\/pl\/wp-json\/wp\/v2\/types\/product"}],"replies":[{"embeddable":true,"href":"https:\/\/yotavis.ch\/pl\/wp-json\/wp\/v2\/comments?post=10705"}],"wp:featuredmedia":[{"embeddable":true,"href":"https:\/\/yotavis.ch\/pl\/wp-json\/wp\/v2\/media\/11535"}],"wp:attachment":[{"href":"https:\/\/yotavis.ch\/pl\/wp-json\/wp\/v2\/media?parent=10705"}],"wp:term":[{"taxonomy":"product_brand","embeddable":true,"href":"https:\/\/yotavis.ch\/pl\/wp-json\/wp\/v2\/product_brand?post=10705"},{"taxonomy":"product_cat","embeddable":true,"href":"https:\/\/yotavis.ch\/pl\/wp-json\/wp\/v2\/product_cat?post=10705"},{"taxonomy":"product_tag","embeddable":true,"href":"https:\/\/yotavis.ch\/pl\/wp-json\/wp\/v2\/product_tag?post=10705"}],"curies":[{"name":"wp","href":"https:\/\/api.w.org\/{rel}","templated":true}]}}