{"id":10730,"date":"2025-10-09T00:00:00","date_gmt":"2025-10-08T22:00:00","guid":{"rendered":"https:\/\/yotavis.ch\/product\/it6411s\/"},"modified":"2026-04-24T13:44:34","modified_gmt":"2026-04-24T11:44:34","slug":"it6411s","status":"publish","type":"product","link":"https:\/\/yotavis.ch\/pl\/produkt\/it6411s\/","title":{"rendered":"IT6411S"},"content":{"rendered":"<p>ITECH IT6411S to zasilacz pr\u0105du sta\u0142ego o zakresie napi\u0119cia wyj\u015bciowego od 0 do 15 V i wydajno\u015bci pr\u0105dowej \u00b10,1 ampera. Zapewnia moc wyj\u015bciow\u0105 1,5 W i posiada pojedynczy kana\u0142 wyj\u015bciowy. Urz\u0105dzenie zosta\u0142o zaprojektowane w obudowie typu half rack 2U, dzi\u0119ki czemu nadaje si\u0119 do integracji w standardowych szafach sprz\u0119towych. Zawiera standardowe interfejsy LAN i USB, a tak\u017ce port USB na panelu przednim, zapewniaj\u0105cy wygodn\u0105 \u0142\u0105czno\u015b\u0107. Obs\u0142ugiwana jest funkcja zdalnego sterowania, umo\u017cliwiaj\u0105ca obs\u0142ug\u0119 i regulacj\u0119 na odleg\u0142o\u015b\u0107. Ten zasilacz jest przeznaczony do zastosowa\u0144 wymagaj\u0105cych precyzyjnej kontroli napi\u0119cia i pr\u0105du sta\u0142ego w okre\u015blonym zakresie.<\/p>","protected":false},"excerpt":{"rendered":"<p>Zasilacz DC -15V-0V; 0-15V\/\u00b10.1A\/1.5W; 2U half rack, (standardowy port LAN\/USB i port USB na panelu przednim)<\/p>","protected":false},"featured_media":12316,"comment_status":"closed","ping_status":"closed","template":"","meta":{"_acf_changed":false,"slim_seo":{"title":"IT6411S - YOTAVIS AG","description":"Zasilacz DC -15V-0V; 0-15V\/\u00b10.1A\/1.5W; 2U half rack, (standardowy port LAN\/USB i port USB na panelu przednim)"}},"product_brand":[822],"product_cat":[516,515],"product_tag":[],"class_list":{"0":"post-10730","1":"product","2":"type-product","3":"status-publish","4":"has-post-thumbnail","6":"product_brand-itech","7":"product_cat-dc-source-en","8":"product_cat-power-en","9":"pa_current-a-0-1","10":"pa_output-number-146","11":"pa_power-w-1-5","12":"pa_remote-control-yes","13":"pa_voltage-v-149","15":"first","16":"instock","17":"taxable","18":"shipping-taxable","19":"product-type-simple"},"acf":[],"_links":{"self":[{"href":"https:\/\/yotavis.ch\/pl\/wp-json\/wp\/v2\/product\/10730","targetHints":{"allow":["GET"]}}],"collection":[{"href":"https:\/\/yotavis.ch\/pl\/wp-json\/wp\/v2\/product"}],"about":[{"href":"https:\/\/yotavis.ch\/pl\/wp-json\/wp\/v2\/types\/product"}],"replies":[{"embeddable":true,"href":"https:\/\/yotavis.ch\/pl\/wp-json\/wp\/v2\/comments?post=10730"}],"wp:featuredmedia":[{"embeddable":true,"href":"https:\/\/yotavis.ch\/pl\/wp-json\/wp\/v2\/media\/12316"}],"wp:attachment":[{"href":"https:\/\/yotavis.ch\/pl\/wp-json\/wp\/v2\/media?parent=10730"}],"wp:term":[{"taxonomy":"product_brand","embeddable":true,"href":"https:\/\/yotavis.ch\/pl\/wp-json\/wp\/v2\/product_brand?post=10730"},{"taxonomy":"product_cat","embeddable":true,"href":"https:\/\/yotavis.ch\/pl\/wp-json\/wp\/v2\/product_cat?post=10730"},{"taxonomy":"product_tag","embeddable":true,"href":"https:\/\/yotavis.ch\/pl\/wp-json\/wp\/v2\/product_tag?post=10730"}],"curies":[{"name":"wp","href":"https:\/\/api.w.org\/{rel}","templated":true}]}}