{"id":10739,"date":"2025-10-09T00:00:00","date_gmt":"2025-10-08T22:00:00","guid":{"rendered":"https:\/\/yotavis.ch\/product\/it6512a-l\/"},"modified":"2026-04-24T13:44:37","modified_gmt":"2026-04-24T11:44:37","slug":"it6512a-l","status":"publish","type":"product","link":"https:\/\/yotavis.ch\/pl\/produkt\/it6512a-l\/","title":{"rendered":"IT6512A-L"},"content":{"rendered":"<p>IT6512A-L to zasilacz pr\u0105du sta\u0142ego o maksymalnym napi\u0119ciu wyj\u015bciowym 80 V i wydajno\u015bci pr\u0105dowej 60 A, zapewniaj\u0105cy ca\u0142kowit\u0105 moc wyj\u015bciow\u0105 1200 W. Posiada pojedynczy kana\u0142 wyj\u015bciowy i obs\u0142uguje funkcj\u0119 zdalnego sterowania, umo\u017cliwiaj\u0105c wygodn\u0105 obs\u0142ug\u0119 na odleg\u0142o\u015b\u0107. Urz\u0105dzenie zosta\u0142o zaprojektowane w obudowie 1U, dzi\u0119ki czemu nadaje si\u0119 do standardowego monta\u017cu w szafie rack. Opcje \u0142\u0105czno\u015bci obejmuj\u0105 interfejsy RS232, USB, RS485 i LAN, zapewniaj\u0105c wszechstronne metody komunikacji w celu integracji z r\u00f3\u017cnymi systemami. Ten zasilacz jest produkowany przez ITECH, mark\u0119 znan\u0105 z elektronicznych urz\u0105dze\u0144 testuj\u0105cych. Po\u0142\u0105czenie wysokiego napi\u0119cia i pr\u0105du znamionowego sprawia, \u017ce nadaje si\u0119 on do zastosowa\u0144 wymagaj\u0105cych znacznego dostarczania mocy. W\u0142\u0105czenie wielu interfejs\u00f3w komunikacyjnych zwi\u0119ksza jego zdolno\u015b\u0107 adaptacji w r\u00f3\u017cnych \u015brodowiskach testowych i operacyjnych.<\/p>","protected":false},"excerpt":{"rendered":"<p>Zasilacz DC 80V\/60A, 1200W; 1U (Standard RS232\/USB\/RS485\/LAN)<\/p>","protected":false},"featured_media":11554,"comment_status":"closed","ping_status":"closed","template":"","meta":{"_acf_changed":false,"slim_seo":{"title":"IT6512A-L - YOTAVIS AG","description":"Zasilacz DC 80V\/60A, 1200W; 1U (Standard RS232\/USB\/RS485\/LAN)"}},"product_brand":[822],"product_cat":[516,515],"product_tag":[],"class_list":{"0":"post-10739","1":"product","2":"type-product","3":"status-publish","4":"has-post-thumbnail","6":"product_brand-itech","7":"product_cat-dc-source-en","8":"product_cat-power-en","9":"pa_current-a-406","10":"pa_output-number-146","11":"pa_power-w-479","12":"pa_remote-control-yes","13":"pa_voltage-v-155","15":"first","16":"instock","17":"taxable","18":"shipping-taxable","19":"product-type-simple"},"acf":[],"_links":{"self":[{"href":"https:\/\/yotavis.ch\/pl\/wp-json\/wp\/v2\/product\/10739","targetHints":{"allow":["GET"]}}],"collection":[{"href":"https:\/\/yotavis.ch\/pl\/wp-json\/wp\/v2\/product"}],"about":[{"href":"https:\/\/yotavis.ch\/pl\/wp-json\/wp\/v2\/types\/product"}],"replies":[{"embeddable":true,"href":"https:\/\/yotavis.ch\/pl\/wp-json\/wp\/v2\/comments?post=10739"}],"wp:featuredmedia":[{"embeddable":true,"href":"https:\/\/yotavis.ch\/pl\/wp-json\/wp\/v2\/media\/11554"}],"wp:attachment":[{"href":"https:\/\/yotavis.ch\/pl\/wp-json\/wp\/v2\/media?parent=10739"}],"wp:term":[{"taxonomy":"product_brand","embeddable":true,"href":"https:\/\/yotavis.ch\/pl\/wp-json\/wp\/v2\/product_brand?post=10739"},{"taxonomy":"product_cat","embeddable":true,"href":"https:\/\/yotavis.ch\/pl\/wp-json\/wp\/v2\/product_cat?post=10739"},{"taxonomy":"product_tag","embeddable":true,"href":"https:\/\/yotavis.ch\/pl\/wp-json\/wp\/v2\/product_tag?post=10739"}],"curies":[{"name":"wp","href":"https:\/\/api.w.org\/{rel}","templated":true}]}}