{"id":10743,"date":"2025-10-09T00:00:00","date_gmt":"2025-10-08T22:00:00","guid":{"rendered":"https:\/\/yotavis.ch\/product\/it6513a-l\/"},"modified":"2026-04-24T13:44:39","modified_gmt":"2026-04-24T11:44:39","slug":"it6513a-l","status":"publish","type":"product","link":"https:\/\/yotavis.ch\/pl\/produkt\/it6513a-l\/","title":{"rendered":"IT6513A-L"},"content":{"rendered":"<p>IT6513A-L to zasilacz pr\u0105du sta\u0142ego o maksymalnym napi\u0119ciu wyj\u015bciowym 150 V i wydajno\u015bci pr\u0105dowej 30 A, zapewniaj\u0105cy ca\u0142kowit\u0105 moc wyj\u015bciow\u0105 1200 W. Posiada pojedynczy kana\u0142 wyj\u015bciowy i zosta\u0142 zaprojektowany w obudowie 1U, odpowiedniej do standardowego monta\u017cu w szafie rack. Model ten obs\u0142uguje funkcj\u0119 zdalnego sterowania, umo\u017cliwiaj\u0105c obs\u0142ug\u0119 za po\u015brednictwem interfejs\u00f3w RS232, USB, RS485 lub LAN. Zasilacz zosta\u0142 wyprodukowany przez ITECH, mark\u0119 znan\u0105 z elektronicznych urz\u0105dze\u0144 testuj\u0105cych. Jego konstrukcja jest dostosowana do r\u00f3\u017cnych zastosowa\u0144 wymagaj\u0105cych stabilnego i regulowanego zasilania pr\u0105dem sta\u0142ym. W\u0142\u0105czenie wielu interfejs\u00f3w komunikacyjnych zwi\u0119ksza jego wszechstronno\u015b\u0107 w r\u00f3\u017cnych \u015brodowiskach testowych i operacyjnych.<\/p>","protected":false},"excerpt":{"rendered":"<p>Zasilacz DC 150V\/30A, 1200W; 1U (Standard RS232\/USB\/RS485\/LAN)<\/p>","protected":false},"featured_media":11554,"comment_status":"closed","ping_status":"closed","template":"","meta":{"_acf_changed":false,"slim_seo":{"title":"IT6513A-L - YOTAVIS AG","description":"Zasilacz DC 150V\/30A, 1200W; 1U (Standard RS232\/USB\/RS485\/LAN)"}},"product_brand":[822],"product_cat":[516,515],"product_tag":[],"class_list":{"0":"post-10743","1":"product","2":"type-product","3":"status-publish","4":"has-post-thumbnail","6":"product_brand-itech","7":"product_cat-dc-source-en","8":"product_cat-power-en","9":"pa_current-a-404","10":"pa_output-number-146","11":"pa_power-w-479","12":"pa_remote-control-yes","13":"pa_voltage-v-150","15":"first","16":"instock","17":"taxable","18":"shipping-taxable","19":"product-type-simple"},"acf":[],"_links":{"self":[{"href":"https:\/\/yotavis.ch\/pl\/wp-json\/wp\/v2\/product\/10743","targetHints":{"allow":["GET"]}}],"collection":[{"href":"https:\/\/yotavis.ch\/pl\/wp-json\/wp\/v2\/product"}],"about":[{"href":"https:\/\/yotavis.ch\/pl\/wp-json\/wp\/v2\/types\/product"}],"replies":[{"embeddable":true,"href":"https:\/\/yotavis.ch\/pl\/wp-json\/wp\/v2\/comments?post=10743"}],"wp:featuredmedia":[{"embeddable":true,"href":"https:\/\/yotavis.ch\/pl\/wp-json\/wp\/v2\/media\/11554"}],"wp:attachment":[{"href":"https:\/\/yotavis.ch\/pl\/wp-json\/wp\/v2\/media?parent=10743"}],"wp:term":[{"taxonomy":"product_brand","embeddable":true,"href":"https:\/\/yotavis.ch\/pl\/wp-json\/wp\/v2\/product_brand?post=10743"},{"taxonomy":"product_cat","embeddable":true,"href":"https:\/\/yotavis.ch\/pl\/wp-json\/wp\/v2\/product_cat?post=10743"},{"taxonomy":"product_tag","embeddable":true,"href":"https:\/\/yotavis.ch\/pl\/wp-json\/wp\/v2\/product_tag?post=10743"}],"curies":[{"name":"wp","href":"https:\/\/api.w.org\/{rel}","templated":true}]}}