{"id":10773,"date":"2025-10-09T00:00:00","date_gmt":"2025-10-08T22:00:00","guid":{"rendered":"https:\/\/yotavis.ch\/product\/it6533d\/"},"modified":"2026-04-24T13:44:58","modified_gmt":"2026-04-24T11:44:58","slug":"it6533d","status":"publish","type":"product","link":"https:\/\/yotavis.ch\/pl\/produkt\/it6533d\/","title":{"rendered":"IT6533D"},"content":{"rendered":"<p>ITECH IT6533D to zasilacz pr\u0105du sta\u0142ego o maksymalnej mocy wyj\u015bciowej 6000 wat\u00f3w. Dzia\u0142a przy napi\u0119ciu 200 V i mo\u017ce dostarcza\u0107 pr\u0105d o nat\u0119\u017ceniu do 120 amper\u00f3w. Model ten posiada pojedynczy kana\u0142 wyj\u015bciowy, dzi\u0119ki czemu nadaje si\u0119 do zastosowa\u0144 wymagaj\u0105cych stabilnego \u017ar\u00f3d\u0142a pr\u0105du sta\u0142ego o du\u017cej mocy. Urz\u0105dzenie mie\u015bci si\u0119 w obudowie 4U, kt\u00f3ra jest standardowym rozmiarem dla urz\u0105dze\u0144 montowanych w szafach rack. Obs\u0142uguje funkcj\u0119 zdalnego sterowania, umo\u017cliwiaj\u0105c u\u017cytkownikom obs\u0142ug\u0119 zasilacza na odleg\u0142o\u015b\u0107. IT6533D jest wyposa\u017cony w wiele standardowych interfejs\u00f3w, w tym RS232, USB, LAN, CAN i analogowy, zapewniaj\u0105c wszechstronne opcje \u0142\u0105czno\u015bci do integracji z r\u00f3\u017cnymi systemami. To po\u0142\u0105czenie wysokiej mocy, wielu interfejs\u00f3w i mo\u017cliwo\u015bci zdalnego sterowania sprawia, \u017ce IT6533D jest elastycznym narz\u0119dziem do wymagaj\u0105cych test\u00f3w elektrycznych i \u015brodowisk programistycznych.<\/p>","protected":false},"excerpt":{"rendered":"<p>DC PSU 200V\/120A, 6000W ; 4U   (Standard RS232\/USB\/LAN\/CAN\/Analogue interface)<\/p>","protected":false},"featured_media":12326,"comment_status":"closed","ping_status":"closed","template":"","meta":{"_acf_changed":false,"slim_seo":{"title":"IT6533D - YOTAVIS AG","description":"Zasilacz DC 200V\/120A, 6000W; 4U (standardowy interfejs RS232\/USB\/LAN\/CAN\/Analog)"}},"product_brand":[822],"product_cat":[516,515],"product_tag":[],"class_list":{"0":"post-10773","1":"product","2":"type-product","3":"status-publish","4":"has-post-thumbnail","6":"product_brand-itech","7":"product_cat-dc-source-en","8":"product_cat-power-en","9":"pa_current-a-559","10":"pa_output-number-146","11":"pa_power-w-626","12":"pa_remote-control-yes","13":"pa_voltage-v-150","15":"first","16":"instock","17":"taxable","18":"shipping-taxable","19":"product-type-simple"},"acf":[],"_links":{"self":[{"href":"https:\/\/yotavis.ch\/pl\/wp-json\/wp\/v2\/product\/10773","targetHints":{"allow":["GET"]}}],"collection":[{"href":"https:\/\/yotavis.ch\/pl\/wp-json\/wp\/v2\/product"}],"about":[{"href":"https:\/\/yotavis.ch\/pl\/wp-json\/wp\/v2\/types\/product"}],"replies":[{"embeddable":true,"href":"https:\/\/yotavis.ch\/pl\/wp-json\/wp\/v2\/comments?post=10773"}],"wp:featuredmedia":[{"embeddable":true,"href":"https:\/\/yotavis.ch\/pl\/wp-json\/wp\/v2\/media\/12326"}],"wp:attachment":[{"href":"https:\/\/yotavis.ch\/pl\/wp-json\/wp\/v2\/media?parent=10773"}],"wp:term":[{"taxonomy":"product_brand","embeddable":true,"href":"https:\/\/yotavis.ch\/pl\/wp-json\/wp\/v2\/product_brand?post=10773"},{"taxonomy":"product_cat","embeddable":true,"href":"https:\/\/yotavis.ch\/pl\/wp-json\/wp\/v2\/product_cat?post=10773"},{"taxonomy":"product_tag","embeddable":true,"href":"https:\/\/yotavis.ch\/pl\/wp-json\/wp\/v2\/product_tag?post=10773"}],"curies":[{"name":"wp","href":"https:\/\/api.w.org\/{rel}","templated":true}]}}