{"id":10775,"date":"2025-10-09T00:00:00","date_gmt":"2025-10-08T22:00:00","guid":{"rendered":"https:\/\/yotavis.ch\/product\/it6534d\/"},"modified":"2026-04-24T13:44:59","modified_gmt":"2026-04-24T11:44:59","slug":"it6534d","status":"publish","type":"product","link":"https:\/\/yotavis.ch\/pl\/produkt\/it6534d\/","title":{"rendered":"IT6534D"},"content":{"rendered":"<p>ITECH IT6534D to zasilacz DC o maksymalnej mocy wyj\u015bciowej 6000 wat\u00f3w, dostarczaj\u0105cy do 360 wolt\u00f3w i 60 amper\u00f3w. Posiada pojedynczy kana\u0142 wyj\u015bciowy i zosta\u0142 zaprojektowany w obudowie 4U. Model ten obs\u0142uguje funkcje zdalnego sterowania, umo\u017cliwiaj\u0105c wygodn\u0105 obs\u0142ug\u0119 na odleg\u0142o\u015b\u0107. Urz\u0105dzenie jest wyposa\u017cone w standardowe interfejsy, takie jak RS232, USB, LAN, CAN i analogowy, co u\u0142atwia wszechstronne opcje \u0142\u0105czno\u015bci. Jego solidne specyfikacje zasilania sprawiaj\u0105, \u017ce nadaje si\u0119 do zastosowa\u0144 wymagaj\u0105cych wysokiego napi\u0119cia i pr\u0105du wyj\u015bciowego. Po\u0142\u0105czenie tych cech sprawia, \u017ce IT6534D mo\u017cna zintegrowa\u0107 z r\u00f3\u017cnymi \u015brodowiskami testowymi i przemys\u0142owymi, w kt\u00f3rych niezb\u0119dne jest precyzyjne i niezawodne zasilanie pr\u0105dem sta\u0142ym.<\/p>","protected":false},"excerpt":{"rendered":"<p>DC PSU 360V\/60A, 6000W ; 4U   (Standard RS232\/USB\/LAN\/CAN\/Analogue interface)<\/p>","protected":false},"featured_media":12326,"comment_status":"closed","ping_status":"closed","template":"","meta":{"_acf_changed":false,"slim_seo":{"title":"IT6534D - YOTAVIS AG","description":"Zasilacz DC 360V\/60A, 6000W; 4U (standardowy interfejs RS232\/USB\/LAN\/CAN\/Analog)"}},"product_brand":[822],"product_cat":[516,515],"product_tag":[],"class_list":{"0":"post-10775","1":"product","2":"type-product","3":"status-publish","4":"has-post-thumbnail","6":"product_brand-itech","7":"product_cat-dc-source-en","8":"product_cat-power-en","9":"pa_current-a-406","10":"pa_output-number-146","11":"pa_power-w-626","12":"pa_remote-control-yes","13":"pa_voltage-v-964","15":"first","16":"instock","17":"taxable","18":"shipping-taxable","19":"product-type-simple"},"acf":[],"_links":{"self":[{"href":"https:\/\/yotavis.ch\/pl\/wp-json\/wp\/v2\/product\/10775","targetHints":{"allow":["GET"]}}],"collection":[{"href":"https:\/\/yotavis.ch\/pl\/wp-json\/wp\/v2\/product"}],"about":[{"href":"https:\/\/yotavis.ch\/pl\/wp-json\/wp\/v2\/types\/product"}],"replies":[{"embeddable":true,"href":"https:\/\/yotavis.ch\/pl\/wp-json\/wp\/v2\/comments?post=10775"}],"wp:featuredmedia":[{"embeddable":true,"href":"https:\/\/yotavis.ch\/pl\/wp-json\/wp\/v2\/media\/12326"}],"wp:attachment":[{"href":"https:\/\/yotavis.ch\/pl\/wp-json\/wp\/v2\/media?parent=10775"}],"wp:term":[{"taxonomy":"product_brand","embeddable":true,"href":"https:\/\/yotavis.ch\/pl\/wp-json\/wp\/v2\/product_brand?post=10775"},{"taxonomy":"product_cat","embeddable":true,"href":"https:\/\/yotavis.ch\/pl\/wp-json\/wp\/v2\/product_cat?post=10775"},{"taxonomy":"product_tag","embeddable":true,"href":"https:\/\/yotavis.ch\/pl\/wp-json\/wp\/v2\/product_tag?post=10775"}],"curies":[{"name":"wp","href":"https:\/\/api.w.org\/{rel}","templated":true}]}}