{"id":10777,"date":"2025-10-09T00:00:00","date_gmt":"2025-10-08T22:00:00","guid":{"rendered":"https:\/\/yotavis.ch\/product\/it6535d\/"},"modified":"2026-04-24T13:45:01","modified_gmt":"2026-04-24T11:45:01","slug":"it6535d","status":"publish","type":"product","link":"https:\/\/yotavis.ch\/pl\/produkt\/it6535d\/","title":{"rendered":"IT6535D"},"content":{"rendered":"<p>ITECH IT6535D to zasilacz pr\u0105du sta\u0142ego o maksymalnym napi\u0119ciu wyj\u015bciowym 500 V i wydajno\u015bci pr\u0105dowej 40 amper\u00f3w, zapewniaj\u0105cy ca\u0142kowit\u0105 moc wyj\u015bciow\u0105 6000 wat\u00f3w. Posiada pojedynczy kana\u0142 wyj\u015bciowy i zosta\u0142 zaprojektowany w obudowie 4U. Urz\u0105dzenie obs\u0142uguje funkcj\u0119 zdalnego sterowania, umo\u017cliwiaj\u0105c obs\u0142ug\u0119 za po\u015brednictwem standardowych interfejs\u00f3w RS232, USB, LAN, CAN i analogowych. Ten zakres opcji \u0142\u0105czno\u015bci u\u0142atwia integracj\u0119 z r\u00f3\u017cnymi \u015brodowiskami testowania i automatyzacji. Zasilacz nadaje si\u0119 do zastosowa\u0144 wymagaj\u0105cych wysokiego napi\u0119cia i pr\u0105du z precyzyjn\u0105 kontrol\u0105. Jego solidna konstrukcja i wiele interfejs\u00f3w komunikacyjnych sprawiaj\u0105, \u017ce mo\u017cna go dostosowa\u0107 do r\u00f3\u017cnych warunk\u00f3w przemys\u0142owych i laboratoryjnych.<\/p>","protected":false},"excerpt":{"rendered":"<p>DC PSU 500V\/40A, 6000W ; 4U   (Standard RS232\/USB\/LAN\/CAN\/Analogue interface)<\/p>","protected":false},"featured_media":12326,"comment_status":"closed","ping_status":"closed","template":"","meta":{"_acf_changed":false,"slim_seo":{"title":"IT6535D - YOTAVIS AG","description":"Zasilacz DC 500V\/40A, 6000W; 4U (standardowy interfejs RS232\/USB\/LAN\/CAN\/Analog)"}},"product_brand":[822],"product_cat":[516,515],"product_tag":[],"class_list":{"0":"post-10777","1":"product","2":"type-product","3":"status-publish","4":"has-post-thumbnail","6":"product_brand-itech","7":"product_cat-dc-source-en","8":"product_cat-power-en","9":"pa_current-a-550","10":"pa_output-number-146","11":"pa_power-w-626","12":"pa_remote-control-yes","13":"pa_voltage-v-604","15":"first","16":"instock","17":"taxable","18":"shipping-taxable","19":"product-type-simple"},"acf":[],"_links":{"self":[{"href":"https:\/\/yotavis.ch\/pl\/wp-json\/wp\/v2\/product\/10777","targetHints":{"allow":["GET"]}}],"collection":[{"href":"https:\/\/yotavis.ch\/pl\/wp-json\/wp\/v2\/product"}],"about":[{"href":"https:\/\/yotavis.ch\/pl\/wp-json\/wp\/v2\/types\/product"}],"replies":[{"embeddable":true,"href":"https:\/\/yotavis.ch\/pl\/wp-json\/wp\/v2\/comments?post=10777"}],"wp:featuredmedia":[{"embeddable":true,"href":"https:\/\/yotavis.ch\/pl\/wp-json\/wp\/v2\/media\/12326"}],"wp:attachment":[{"href":"https:\/\/yotavis.ch\/pl\/wp-json\/wp\/v2\/media?parent=10777"}],"wp:term":[{"taxonomy":"product_brand","embeddable":true,"href":"https:\/\/yotavis.ch\/pl\/wp-json\/wp\/v2\/product_brand?post=10777"},{"taxonomy":"product_cat","embeddable":true,"href":"https:\/\/yotavis.ch\/pl\/wp-json\/wp\/v2\/product_cat?post=10777"},{"taxonomy":"product_tag","embeddable":true,"href":"https:\/\/yotavis.ch\/pl\/wp-json\/wp\/v2\/product_tag?post=10777"}],"curies":[{"name":"wp","href":"https:\/\/api.w.org\/{rel}","templated":true}]}}