{"id":10791,"date":"2025-10-09T00:00:00","date_gmt":"2025-10-08T22:00:00","guid":{"rendered":"https:\/\/yotavis.ch\/product\/it6724g\/"},"modified":"2026-04-24T13:45:10","modified_gmt":"2026-04-24T11:45:10","slug":"it6724g","status":"publish","type":"product","link":"https:\/\/yotavis.ch\/pl\/produkt\/it6724g\/","title":{"rendered":"IT6724G"},"content":{"rendered":"<p>ITECH IT6724G to zasilacz pr\u0105du sta\u0142ego zaprojektowany do dostarczania do 1500 wat\u00f3w mocy przy maksymalnym napi\u0119ciu 600 V i wydajno\u015bci pr\u0105dowej 5 amper\u00f3w. Charakteryzuje si\u0119 obudow\u0105 typu half rack 2U, dzi\u0119ki czemu nadaje si\u0119 do integracji ze standardowymi szafami sprz\u0119towymi. Model ten posiada pojedynczy kana\u0142 wyj\u015bciowy, pozwalaj\u0105cy na skoncentrowane dostarczanie mocy w r\u00f3\u017cnych zastosowaniach. Obs\u0142ugiwana jest funkcja zdalnego sterowania, umo\u017cliwiaj\u0105ca u\u017cytkownikom obs\u0142ug\u0119 urz\u0105dzenia na odleg\u0142o\u015b\u0107 dla wygody i elastyczno\u015bci. Urz\u0105dzenie jest wyposa\u017cone w standardowe interfejsy RS232 i USB, u\u0142atwiaj\u0105ce \u0142\u0105czno\u015b\u0107 i komunikacj\u0119 z innymi urz\u0105dzeniami lub systemami sterowania. Jego konstrukcja k\u0142adzie nacisk na praktyczn\u0105 integracj\u0119 i opcje sterowania bez dodatkowych funkcji, takich jak ekrany dotykowe lub wiele kana\u0142\u00f3w. IT6724G jest zbudowany tak, aby spe\u0142ni\u0107 okre\u015blone potrzeby w zakresie zasilania dzi\u0119ki prostym specyfikacjom i opcjom \u0142\u0105czno\u015bci.<\/p>","protected":false},"excerpt":{"rendered":"<p>Zasilacz DC 600V\/5A\/1500W; 2U half rack; (Standard RS232\/USB)<\/p>","protected":false},"featured_media":12332,"comment_status":"closed","ping_status":"closed","template":"","meta":{"_acf_changed":false,"slim_seo":{"title":"IT6724G - YOTAVIS AG","description":"Zasilacz DC 600V\/5A\/1500W; 2U half rack; (Standard RS232\/USB)"}},"product_brand":[822],"product_cat":[516,515],"product_tag":[],"class_list":{"0":"post-10791","1":"product","2":"type-product","3":"status-publish","4":"has-post-thumbnail","6":"product_brand-itech","7":"product_cat-dc-source-en","8":"product_cat-power-en","9":"pa_current-a-392","10":"pa_output-number-146","11":"pa_power-w-400","12":"pa_remote-control-yes","13":"pa_voltage-v-920","15":"first","16":"instock","17":"taxable","18":"shipping-taxable","19":"product-type-simple"},"acf":[],"_links":{"self":[{"href":"https:\/\/yotavis.ch\/pl\/wp-json\/wp\/v2\/product\/10791","targetHints":{"allow":["GET"]}}],"collection":[{"href":"https:\/\/yotavis.ch\/pl\/wp-json\/wp\/v2\/product"}],"about":[{"href":"https:\/\/yotavis.ch\/pl\/wp-json\/wp\/v2\/types\/product"}],"replies":[{"embeddable":true,"href":"https:\/\/yotavis.ch\/pl\/wp-json\/wp\/v2\/comments?post=10791"}],"wp:featuredmedia":[{"embeddable":true,"href":"https:\/\/yotavis.ch\/pl\/wp-json\/wp\/v2\/media\/12332"}],"wp:attachment":[{"href":"https:\/\/yotavis.ch\/pl\/wp-json\/wp\/v2\/media?parent=10791"}],"wp:term":[{"taxonomy":"product_brand","embeddable":true,"href":"https:\/\/yotavis.ch\/pl\/wp-json\/wp\/v2\/product_brand?post=10791"},{"taxonomy":"product_cat","embeddable":true,"href":"https:\/\/yotavis.ch\/pl\/wp-json\/wp\/v2\/product_cat?post=10791"},{"taxonomy":"product_tag","embeddable":true,"href":"https:\/\/yotavis.ch\/pl\/wp-json\/wp\/v2\/product_tag?post=10791"}],"curies":[{"name":"wp","href":"https:\/\/api.w.org\/{rel}","templated":true}]}}