{"id":10793,"date":"2025-10-09T00:00:00","date_gmt":"2025-10-08T22:00:00","guid":{"rendered":"https:\/\/yotavis.ch\/product\/it6726c\/"},"modified":"2026-04-24T13:45:10","modified_gmt":"2026-04-24T11:45:10","slug":"it6726c","status":"publish","type":"product","link":"https:\/\/yotavis.ch\/pl\/produkt\/it6726c\/","title":{"rendered":"IT6726C"},"content":{"rendered":"<p>ITECH IT6726C to zasilacz pr\u0105du sta\u0142ego o mocy wyj\u015bciowej 3000 W, dostarczaj\u0105cy napi\u0119cie 32 V i pr\u0105d 220 amper\u00f3w. Posiada obudow\u0119 2U i zawiera jeden kana\u0142 wyj\u015bciowy. Urz\u0105dzenie obs\u0142uguje funkcj\u0119 zdalnego sterowania, umo\u017cliwiaj\u0105c wygodn\u0105 obs\u0142ug\u0119 na odleg\u0142o\u015b\u0107. Opcje \u0142\u0105czno\u015bci obejmuj\u0105 standardowe interfejsy RS232 i USB, co u\u0142atwia integracj\u0119 z innymi urz\u0105dzeniami. Zasilacz ten zosta\u0142 zaprojektowany w celu zapewnienia stabilnego i niezawodnego zasilania pr\u0105dem sta\u0142ym w r\u00f3\u017cnych zastosowaniach wymagaj\u0105cych wysokiego pr\u0105du i napi\u0119cia. Jego solidne specyfikacje sprawiaj\u0105, \u017ce nadaje si\u0119 do wymagaj\u0105cych \u015brodowisk, w kt\u00f3rych niezb\u0119dne jest precyzyjne dostarczanie mocy.<\/p>","protected":false},"excerpt":{"rendered":"<p>Zasilacz DC 32V\/220A\/3000W; 2U; (Standard RS232\/USB)<\/p>","protected":false},"featured_media":12333,"comment_status":"closed","ping_status":"closed","template":"","meta":{"_acf_changed":false,"slim_seo":{"title":"IT6726C - YOTAVIS AG","description":"Zasilacz DC 32V\/220A\/3000W; 2U; (Standard RS232\/USB)"}},"product_brand":[822],"product_cat":[516,515],"product_tag":[],"class_list":{"0":"post-10793","1":"product","2":"type-product","3":"status-publish","4":"has-post-thumbnail","6":"product_brand-itech","7":"product_cat-dc-source-en","8":"product_cat-power-en","9":"pa_current-a-967","10":"pa_output-number-146","11":"pa_power-w-632","12":"pa_remote-control-yes","13":"pa_voltage-v-140","15":"first","16":"instock","17":"taxable","18":"shipping-taxable","19":"product-type-simple"},"acf":[],"_links":{"self":[{"href":"https:\/\/yotavis.ch\/pl\/wp-json\/wp\/v2\/product\/10793","targetHints":{"allow":["GET"]}}],"collection":[{"href":"https:\/\/yotavis.ch\/pl\/wp-json\/wp\/v2\/product"}],"about":[{"href":"https:\/\/yotavis.ch\/pl\/wp-json\/wp\/v2\/types\/product"}],"replies":[{"embeddable":true,"href":"https:\/\/yotavis.ch\/pl\/wp-json\/wp\/v2\/comments?post=10793"}],"wp:featuredmedia":[{"embeddable":true,"href":"https:\/\/yotavis.ch\/pl\/wp-json\/wp\/v2\/media\/12333"}],"wp:attachment":[{"href":"https:\/\/yotavis.ch\/pl\/wp-json\/wp\/v2\/media?parent=10793"}],"wp:term":[{"taxonomy":"product_brand","embeddable":true,"href":"https:\/\/yotavis.ch\/pl\/wp-json\/wp\/v2\/product_brand?post=10793"},{"taxonomy":"product_cat","embeddable":true,"href":"https:\/\/yotavis.ch\/pl\/wp-json\/wp\/v2\/product_cat?post=10793"},{"taxonomy":"product_tag","embeddable":true,"href":"https:\/\/yotavis.ch\/pl\/wp-json\/wp\/v2\/product_tag?post=10793"}],"curies":[{"name":"wp","href":"https:\/\/api.w.org\/{rel}","templated":true}]}}