{"id":10798,"date":"2025-10-09T00:00:00","date_gmt":"2025-10-08T22:00:00","guid":{"rendered":"https:\/\/yotavis.ch\/product\/it6722a\/"},"modified":"2026-04-24T13:45:12","modified_gmt":"2026-04-24T11:45:12","slug":"it6722a","status":"publish","type":"product","link":"https:\/\/yotavis.ch\/pl\/produkt\/it6722a\/","title":{"rendered":"IT6722A"},"content":{"rendered":"<p>ITECH IT6722A to zasilacz pr\u0105du sta\u0142ego o maksymalnej mocy wyj\u015bciowej 400 wat\u00f3w. Dzia\u0142a przy napi\u0119ciu 80 V i mo\u017ce dostarcza\u0107 pr\u0105d o nat\u0119\u017ceniu do 20 amper\u00f3w. Model ten posiada pojedynczy kana\u0142 wyj\u015bciowy, co pozwala na skoncentrowane dostarczanie mocy. Urz\u0105dzenie posiada funkcj\u0119 zdalnego sterowania, umo\u017cliwiaj\u0105c u\u017cytkownikom obs\u0142ug\u0119 na odleg\u0142o\u015b\u0107. Zaprojektowany, aby spe\u0142ni\u0107 okre\u015blone wymagania dotycz\u0105ce zasilania, IT6722A zapewnia stabilne i niezawodne zasilanie pr\u0105dem sta\u0142ym do r\u00f3\u017cnych zastosowa\u0144. Jego specyfikacje sprawiaj\u0105, \u017ce nadaje si\u0119 do zada\u0144 wymagaj\u0105cych precyzyjnej kontroli napi\u0119cia i pr\u0105du w okre\u015blonych granicach. Po\u0142\u0105czenie jego mocy znamionowej i mo\u017cliwo\u015bci zdalnego sterowania obs\u0142uguje wszechstronne scenariusze u\u017cytkowania.<\/p>","protected":false},"excerpt":{"rendered":"<p>ZASILACZ DC 80V\/20A\/400W<\/p>","protected":false},"featured_media":12330,"comment_status":"closed","ping_status":"closed","template":"","meta":{"_acf_changed":false,"slim_seo":{"title":"IT6722A - YOTAVIS AG","description":"ZASILACZ DC 80V\/20A\/400W"}},"product_brand":[822],"product_cat":[516,515],"product_tag":[],"class_list":{"0":"post-10798","1":"product","2":"type-product","3":"status-publish","4":"has-post-thumbnail","6":"product_brand-itech","7":"product_cat-dc-source-en","8":"product_cat-power-en","9":"pa_current-a-552","10":"pa_output-number-146","11":"pa_power-w-398","12":"pa_remote-control-yes","13":"pa_voltage-v-155","15":"first","16":"instock","17":"taxable","18":"shipping-taxable","19":"product-type-simple"},"acf":[],"_links":{"self":[{"href":"https:\/\/yotavis.ch\/pl\/wp-json\/wp\/v2\/product\/10798","targetHints":{"allow":["GET"]}}],"collection":[{"href":"https:\/\/yotavis.ch\/pl\/wp-json\/wp\/v2\/product"}],"about":[{"href":"https:\/\/yotavis.ch\/pl\/wp-json\/wp\/v2\/types\/product"}],"replies":[{"embeddable":true,"href":"https:\/\/yotavis.ch\/pl\/wp-json\/wp\/v2\/comments?post=10798"}],"wp:featuredmedia":[{"embeddable":true,"href":"https:\/\/yotavis.ch\/pl\/wp-json\/wp\/v2\/media\/12330"}],"wp:attachment":[{"href":"https:\/\/yotavis.ch\/pl\/wp-json\/wp\/v2\/media?parent=10798"}],"wp:term":[{"taxonomy":"product_brand","embeddable":true,"href":"https:\/\/yotavis.ch\/pl\/wp-json\/wp\/v2\/product_brand?post=10798"},{"taxonomy":"product_cat","embeddable":true,"href":"https:\/\/yotavis.ch\/pl\/wp-json\/wp\/v2\/product_cat?post=10798"},{"taxonomy":"product_tag","embeddable":true,"href":"https:\/\/yotavis.ch\/pl\/wp-json\/wp\/v2\/product_tag?post=10798"}],"curies":[{"name":"wp","href":"https:\/\/api.w.org\/{rel}","templated":true}]}}