{"id":10813,"date":"2025-10-09T00:00:00","date_gmt":"2025-10-08T22:00:00","guid":{"rendered":"https:\/\/yotavis.ch\/product\/it6922b\/"},"modified":"2026-04-24T13:45:19","modified_gmt":"2026-04-24T11:45:19","slug":"it6922b","status":"publish","type":"product","link":"https:\/\/yotavis.ch\/pl\/produkt\/it6922b\/","title":{"rendered":"IT6922B"},"content":{"rendered":"<p>ITECH IT6922B to zasilacz pr\u0105du sta\u0142ego o maksymalnym napi\u0119ciu wyj\u015bciowym 60 V i wydajno\u015bci pr\u0105dowej 5 A, zapewniaj\u0105cy ca\u0142kowit\u0105 moc wyj\u015bciow\u0105 100 W. Charakteryzuje si\u0119 konstrukcj\u0105 2U half rack, dzi\u0119ki czemu nadaje si\u0119 do integracji ze standardowymi szafami sprz\u0119towymi. Model ten zawiera jeden kana\u0142 wyj\u015bciowy i obs\u0142uguje funkcj\u0119 zdalnego sterowania, umo\u017cliwiaj\u0105c wygodn\u0105 obs\u0142ug\u0119 na odleg\u0142o\u015b\u0107. Urz\u0105dzenie jest wyposa\u017cone w wiele standardowych interfejs\u00f3w komunikacyjnych, w tym RS232, USB, analogowy i RS485, u\u0142atwiaj\u0105c wszechstronne opcje \u0142\u0105czno\u015bci dla r\u00f3\u017cnych aplikacji. Jego konstrukcja podkre\u015bla kompatybilno\u015b\u0107 i \u0142atwo\u015b\u0107 u\u017cytkowania w kontrolowanych \u015brodowiskach, w kt\u00f3rych wymagane jest precyzyjne dostarczanie mocy DC. IT6922B jest produkowany przez ITECH, mark\u0119 znan\u0105 z produkcji elektronicznego sprz\u0119tu testowego i pomiarowego. Zasilacz ten zosta\u0142 zaprojektowany z my\u015bl\u0105 o potrzebach u\u017cytkownik\u00f3w wymagaj\u0105cych niezawodnych i regulowanych \u017ar\u00f3de\u0142 zasilania DC z mo\u017cliwo\u015bci\u0105 zdalnego zarz\u0105dzania.<\/p>","protected":false},"excerpt":{"rendered":"<p>Zasilacz DC 60V\/5A\/100W; p\u00f3\u0142 stela\u017ca 2U; (Standard RS232\/USB\/analog\/RS485)<\/p>","protected":false},"featured_media":11577,"comment_status":"closed","ping_status":"closed","template":"","meta":{"_acf_changed":false,"slim_seo":{"title":"IT6922B - YOTAVIS AG","description":"Zasilacz DC 60V\/5A\/100W; p\u00f3\u0142 stela\u017ca 2U; (Standard RS232\/USB\/analog\/RS485)"}},"product_brand":[822],"product_cat":[516,515],"product_tag":[],"class_list":{"0":"post-10813","1":"product","2":"type-product","3":"status-publish","4":"has-post-thumbnail","6":"product_brand-itech","7":"product_cat-dc-source-en","8":"product_cat-power-en","9":"pa_current-a-392","10":"pa_output-number-146","11":"pa_power-w-481","12":"pa_remote-control-yes","13":"pa_voltage-v-314","15":"first","16":"instock","17":"taxable","18":"shipping-taxable","19":"product-type-simple"},"acf":[],"_links":{"self":[{"href":"https:\/\/yotavis.ch\/pl\/wp-json\/wp\/v2\/product\/10813","targetHints":{"allow":["GET"]}}],"collection":[{"href":"https:\/\/yotavis.ch\/pl\/wp-json\/wp\/v2\/product"}],"about":[{"href":"https:\/\/yotavis.ch\/pl\/wp-json\/wp\/v2\/types\/product"}],"replies":[{"embeddable":true,"href":"https:\/\/yotavis.ch\/pl\/wp-json\/wp\/v2\/comments?post=10813"}],"wp:featuredmedia":[{"embeddable":true,"href":"https:\/\/yotavis.ch\/pl\/wp-json\/wp\/v2\/media\/11577"}],"wp:attachment":[{"href":"https:\/\/yotavis.ch\/pl\/wp-json\/wp\/v2\/media?parent=10813"}],"wp:term":[{"taxonomy":"product_brand","embeddable":true,"href":"https:\/\/yotavis.ch\/pl\/wp-json\/wp\/v2\/product_brand?post=10813"},{"taxonomy":"product_cat","embeddable":true,"href":"https:\/\/yotavis.ch\/pl\/wp-json\/wp\/v2\/product_cat?post=10813"},{"taxonomy":"product_tag","embeddable":true,"href":"https:\/\/yotavis.ch\/pl\/wp-json\/wp\/v2\/product_tag?post=10813"}],"curies":[{"name":"wp","href":"https:\/\/api.w.org\/{rel}","templated":true}]}}